{"id":3,"date":"2019-04-08T07:55:52","date_gmt":"2019-04-08T07:55:52","guid":{"rendered":"http:\/\/navo-tour.com\/?page_id=3"},"modified":"2019-08-27T16:46:03","modified_gmt":"2019-08-27T08:46:03","slug":"privacy-policy","status":"publish","type":"page","link":"https:\/\/www.navo-tour.com\/de\/privacy-policy\/","title":{"rendered":"Datenschutz-Bestimmungen"},"content":{"rendered":"<div class=\"wpb-content-wrapper\">[vc_row][vc_column width=&#8221;1\/6&#8243;][\/vc_column][vc_column width=&#8221;2\/3&#8243;][vc_column_text]\r\n<h2 class=\"wp-block-heading\">Wer sind wir<\/h2>\r\n<p>Die Adresse unserer Website lautet: https:\/\/www.navo-tour.com<\/p>\r\n<p>\u00a0<\/p>\r\n\r\n<h2 class=\"wp-block-heading\">Welche personenbezogenen Daten erheben wir und warum erheben wir sie?<\/h2>\r\n<p>\u00a0<\/p>\r\n\r\n<h3 class=\"wp-block-heading\">Bemerkungen<\/h3>\r\n<p>Wenn Besucher Kommentare auf der Website hinterlassen, erfassen wir die im Kommentarformular angezeigten Daten sowie die IP-Adresse des Besuchers und die Zeichenfolge des Browser-Benutzeragenten, um die Spam-Erkennung zu unterst\u00fctzen.<\/p>\r\n<p>M\u00f6glicherweise wird dem Gravatar-Dienst eine anonymisierte Zeichenfolge zur Verf\u00fcgung gestellt, die aus Ihrer E-Mail-Adresse (auch als Hash bezeichnet) erstellt wurde, um festzustellen, ob Sie sie verwenden. Die Datenschutzrichtlinie f\u00fcr den Gravatar-Service finden Sie hier: https:\/\/automattic.com\/privacy\/. Nach der Genehmigung Ihres Kommentars ist Ihr Profilbild im Kontext Ihres Kommentars f\u00fcr die \u00d6ffentlichkeit sichtbar.<\/p>\r\n<p>\u00a0<\/p>\r\n\r\n<h3 class=\"wp-block-heading\">Medien<\/h3>\r\n<p>Wenn Sie Bilder auf die Website hochladen, sollten Sie das Hochladen von Bildern mit eingebetteten Positionsdaten (EXIF GPS) vermeiden. Besucher der Website k\u00f6nnen Standortdaten von Bildern auf der Website herunterladen und extrahieren.<\/p>\r\n<p>\u00a0<\/p>\r\n\r\n<h3 class=\"wp-block-heading\">Kontaktformulare<\/h3>\r\n<p>\u00a0<\/p>\r\n\r\n<h3 class=\"wp-block-heading\">Cookies<\/h3>\r\n<p>Wenn Sie einen Kommentar auf unserer Website hinterlassen, k\u00f6nnen Sie sich daf\u00fcr entscheiden, Ihren Namen, Ihre E-Mail-Adresse und Ihre Website in Cookies zu speichern. Diese dienen Ihrer Bequemlichkeit, damit Sie Ihre Daten nicht erneut eingeben m\u00fcssen, wenn Sie einen anderen Kommentar hinterlassen. Diese Cookies haben eine Laufzeit von einem Jahr.<\/p>\r\n<p>Wenn Sie ein Konto haben und sich auf dieser Website anmelden, setzen wir ein tempor\u00e4res Cookie, um festzustellen, ob Ihr Browser Cookies akzeptiert. Dieser Cookie enth\u00e4lt keine pers\u00f6nlichen Daten und wird verworfen, wenn Sie Ihren Browser schlie\u00dfen.<\/p>\r\n<p>Wenn Sie sich anmelden, richten wir auch mehrere Cookies ein, um Ihre Anmeldeinformationen und Ihre Bildschirmanzeigeoptionen zu speichern. Anmeldecookies sind zwei Tage lang g\u00fcltig und Bildschirmoptionscookies ein Jahr lang. Wenn Sie ,,Angemeldet bleiben&#8221; ausw\u00e4hlen, bleibt Ihre Anmeldung zwei Wochen lang bestehen. Wenn Sie sich von Ihrem Konto abmelden, werden die Anmelde-Cookies entfernt.<\/p>\r\n<p>Wenn Sie einen Artikel bearbeiten oder ver\u00f6ffentlichen, wird ein zus\u00e4tzliches Cookie in Ihrem Browser gespeichert. Dieses Cookie enth\u00e4lt keine pers\u00f6nlichen Daten und gibt lediglich die Beitrags-ID des gerade bearbeiteten Artikels an. Es l\u00e4uft nach 1 Tag ab.<\/p>\r\n<p>\u00a0<\/p>\r\n\r\n<h3 class=\"wp-block-heading\">Eingebettete Inhalte von anderen Websites<\/h3>\r\n<p>Artikel auf dieser Website k\u00f6nnen eingebetteten Inhalt enthalten (z. B. Videos, Bilder, Artikel usw.). Eingebettete Inhalte von anderen Websites verhalten sich genauso, als h\u00e4tte der Besucher die andere Website besucht.<\/p>\r\n<p>Diese Websites k\u00f6nnen Daten \u00fcber Sie sammeln, Cookies verwenden, zus\u00e4tzliches Tracking von Drittanbietern einbetten und Ihre Interaktion mit diesem eingebetteten Inhalt \u00fcberwachen, einschlie\u00dflich der Verfolgung Ihrer Interaktion mit dem eingebetteten Inhalt, wenn Sie \u00fcber ein Konto verf\u00fcgen und auf dieser Website angemeldet sind.<\/p>\r\n<p>\u00a0<\/p>\r\n\r\n<h3 class=\"wp-block-heading\">Analytics<\/h3>\r\n<p>\u00a0<\/p>\r\n\r\n<h2 class=\"wp-block-heading\">Mit wem wir Ihre Daten teilen<\/h2>\r\n<p>\u00a0<\/p>\r\n\r\n<h2 class=\"wp-block-heading\">Wie lange werden Ihre Daten gespeichert?<\/h2>\r\n<p>Wenn Sie einen Kommentar hinterlassen, bleiben der Kommentar und seine Metadaten auf unbestimmte Zeit erhalten. Auf diese Weise k\u00f6nnen wir alle nachfolgenden Kommentare automatisch erkennen und genehmigen, anstatt sie in einer Moderationswarteschlange zu speichern.<\/p>\r\n<p>F\u00fcr Benutzer, die sich auf unserer Website registrieren (falls vorhanden), speichern wir auch die von ihnen angegebenen pers\u00f6nlichen Informationen in ihrem Benutzerprofil. Alle Benutzer k\u00f6nnen ihre pers\u00f6nlichen Informationen jederzeit anzeigen, bearbeiten oder l\u00f6schen (au\u00dfer sie k\u00f6nnen ihren Benutzernamen nicht \u00e4ndern). Website-Administratoren k\u00f6nnen diese Informationen auch anzeigen und bearbeiten.<\/p>\r\n<p>\u00a0<\/p>\r\n\r\n<h2 class=\"wp-block-heading\">Welche Rechte haben Sie an Ihren Daten?<\/h2>\r\n<p>Wenn Sie ein Konto auf dieser Website haben oder Kommentare hinterlassen haben, k\u00f6nnen Sie eine exportierte Datei mit den pers\u00f6nlichen Daten anfordern, die wir \u00fcber Sie gespeichert haben, einschlie\u00dflich aller Daten, die Sie uns zur Verf\u00fcgung gestellt haben. Sie k\u00f6nnen auch verlangen, dass wir alle personenbezogenen Daten l\u00f6schen, die wir \u00fcber Sie gespeichert haben. Dies schlie\u00dft keine Daten ein, die wir zu administrativen, rechtlichen oder Sicherheitszwecken aufbewahren m\u00fcssen.<\/p>\r\n<p>\u00a0<\/p>\r\n\r\n<h2 class=\"wp-block-heading\">Wohin wir Ihre Daten senden<\/h2>\r\n<p>Besucherkommentare k\u00f6nnen \u00fcber einen automatischen Spam-Erkennungsdienst \u00fcberpr\u00fcft werden.<\/p>\r\n<p>\u00a0<\/p>\r\n\r\n<h2 class=\"wp-block-heading\">Ihre Kontaktinformationen<\/h2>\r\n<p>\u00a0<\/p>\r\n\r\n<h2 class=\"wp-block-heading\">Zus\u00e4tzliche Information<\/h2>\r\n<p>\u00a0<\/p>\r\n\r\n<h3 class=\"wp-block-heading\">Wie wir Ihre Daten sch\u00fctzen<\/h3>\r\n<p>\u00a0<\/p>\r\n\r\n<h3 class=\"wp-block-heading\">Welche Verfahren f\u00fcr Datenschutzverletzungen sind vorhanden?<\/h3>\r\n<p>\u00a0<\/p>\r\n\r\n<h3 class=\"wp-block-heading\">Von welchen Dritten wir Daten erhalten<\/h3>\r\n<p>\u00a0<\/p>\r\n\r\n<h3 class=\"wp-block-heading\">Welche automatisierte Entscheidungsfindung und \/ oder Profilerstellung machen wir mit Benutzerdaten?<\/h3>\r\n<p>\u00a0<\/p>\r\n\r\n<h3 class=\"wp-block-heading\">Offenlegungspflichten der Branche<\/h3>\r\n\r\n<p>&nbsp;<\/p>\r\n[\/vc_column_text][\/vc_column][vc_column width=&#8221;1\/6&#8243;][\/vc_column][\/vc_row]<\/div>","protected":false},"excerpt":{"rendered":"<p>[vc_row][vc_column width=&#8221;1\/6&#8243;][\/vc_column][vc_column width=&#8221;2\/3&#8243;][vc_column_text] Wer sind wir Die Adresse unserer Website lautet: https:\/\/www.navo-tour.com \u00a0 Welche personenbezogenen Daten erheben wir und warum erheben wir sie? \u00a0 Bemerkungen Wenn Besucher Kommentare auf der Website hinterlassen, erfassen wir die im Kommentarformular angezeigten Daten sowie die IP-Adresse des Besuchers und die Zeichenfolge des Browser-Benutzeragenten, um die Spam-Erkennung zu unterst\u00fctzen. M\u00f6glicherweise&hellip;<\/p>\n","protected":false},"author":1,"featured_media":0,"parent":0,"menu_order":0,"comment_status":"closed","ping_status":"open","template":"","meta":{"footnotes":""},"class_list":["post-3","page","type-page","status-publish","hentry"],"_links":{"self":[{"href":"https:\/\/www.navo-tour.com\/de\/wp-json\/wp\/v2\/pages\/3","targetHints":{"allow":["GET"]}}],"collection":[{"href":"https:\/\/www.navo-tour.com\/de\/wp-json\/wp\/v2\/pages"}],"about":[{"href":"https:\/\/www.navo-tour.com\/de\/wp-json\/wp\/v2\/types\/page"}],"author":[{"embeddable":true,"href":"https:\/\/www.navo-tour.com\/de\/wp-json\/wp\/v2\/users\/1"}],"replies":[{"embeddable":true,"href":"https:\/\/www.navo-tour.com\/de\/wp-json\/wp\/v2\/comments?post=3"}],"version-history":[{"count":0,"href":"https:\/\/www.navo-tour.com\/de\/wp-json\/wp\/v2\/pages\/3\/revisions"}],"wp:attachment":[{"href":"https:\/\/www.navo-tour.com\/de\/wp-json\/wp\/v2\/media?parent=3"}],"curies":[{"name":"wp","href":"https:\/\/api.w.org\/{rel}","templated":true}]}}