{"id":5364,"date":"2019-07-05T15:14:18","date_gmt":"2019-07-05T07:14:18","guid":{"rendered":"http:\/\/navo-tour.com\/?page_id=5364"},"modified":"2019-11-22T15:36:08","modified_gmt":"2019-11-22T07:36:08","slug":"studenten-abenteuer-2017-album","status":"publish","type":"page","link":"https:\/\/www.navo-tour.com\/de\/studenten-abenteuer-2017-album\/","title":{"rendered":"Studenten Abenteuer 2017 Album"},"content":{"rendered":"<div class=\"wpb-content-wrapper\">[vc_row][vc_column]\t\t\t<div class=\"posts post-grid-style10 style10-posts      row\" data-loadmore=\"#loadmore-61\" data-rand=\"61\" data-security=\"ba87799c67\">\n\t\t\t\t\t<div class=\"small-12 medium-4 columns\">\n\t\t\t<article class=\"post post-carousel-style11 post-3056 type-post status-publish format-standard has-post-thumbnail hentry category-studenten-abenteuer-album tag-2017-das-abenteuer-fur-studenten-album\" itemscope itemtype=\"http:\/\/schema.org\/Article\">\n\t<figure class=\"post-gallery\">\n\t\t\t\t<aside class=\"post-meta style2\">\n\t\t\t<a href=\"https:\/\/www.navo-tour.com\/de\/category\/album\/studenten-abenteuer-album\/\" class=\"cat-studenten-abenteuer-album\" aria-label=\"Studenten Abenteuer Album\">Studenten Abenteuer Album<\/a>\t\t<\/aside>\n\t\t\t\t<a href=\"https:\/\/www.navo-tour.com\/de\/das-trekking-auf-minya-konka-in-kham\/\" title=\"Das Trekking auf Minya Konka in Kham\"><img loading=\"lazy\" decoding=\"async\" width=\"640\" height=\"480\" src=\"https:\/\/www.navo-tour.com\/de\/wp-content\/uploads\/2019\/06\/2017-das-trekking-auf-dem-gongga-shan-in-kham-03-20x15.jpg\" class=\"attachment-thevoux-style1-2x size-thevoux-style1-2x thb-lazyload lazyload wp-post-image\" alt=\"2017 Kham Area Trek Minya Gongga\" sizes=\"auto, (max-width: 640px) 100vw, 640px\" data-src=\"https:\/\/www.navo-tour.com\/de\/wp-content\/uploads\/2019\/06\/2017-das-trekking-auf-dem-gongga-shan-in-kham-03.jpg\" data-sizes=\"auto\" data-srcset=\"https:\/\/www.navo-tour.com\/de\/wp-content\/uploads\/2019\/06\/2017-das-trekking-auf-dem-gongga-shan-in-kham-03.jpg 640w, https:\/\/www.navo-tour.com\/de\/wp-content\/uploads\/2019\/06\/2017-das-trekking-auf-dem-gongga-shan-in-kham-03-300x225.jpg 300w, https:\/\/www.navo-tour.com\/de\/wp-content\/uploads\/2019\/06\/2017-das-trekking-auf-dem-gongga-shan-in-kham-03-450x338.jpg 450w, https:\/\/www.navo-tour.com\/de\/wp-content\/uploads\/2019\/06\/2017-das-trekking-auf-dem-gongga-shan-in-kham-03-225x169.jpg 225w, https:\/\/www.navo-tour.com\/de\/wp-content\/uploads\/2019\/06\/2017-das-trekking-auf-dem-gongga-shan-in-kham-03-20x15.jpg 20w\" \/><\/a>\n\t<\/figure>\n\t<div class=\"style11-content\">\n\t\t<div class=\"post-title\"><h5 itemprop=\"headline\"><a href=\"https:\/\/www.navo-tour.com\/de\/das-trekking-auf-minya-konka-in-kham\/\" title=\"Das Trekking auf Minya Konka in Kham\">Das Trekking auf Minya Konka in Kham<\/a><\/h5><\/div>\t\t\t<aside class=\"post-author\">\n\t\t<em>by<\/em> <a href=\"https:\/\/www.navo-tour.com\/de\/author\/welcomenavotour-com\/\" title=\"Posts by NavoTour\" rel=\"author\">NavoTour<\/a>\t<\/aside>\n\t\t\t\t<aside class=\"post-bottom-meta hide\">\n\t\t<meta itemprop=\"mainEntityOfPage\" content=\"https:\/\/www.navo-tour.com\/de\/das-trekking-auf-minya-konka-in-kham\/\">\n\t\t<span class=\"vcard author\" itemprop=\"author\" content=\"NavoTour\">\n\t\t\t<span class=\"fn\">NavoTour<\/span>\n\t\t<\/span>\n\t\t<time class=\"time publised entry-date\" datetime=\"2019-06-25T11:07:56+08:00\" itemprop=\"datePublished\" content=\"2019-06-25T11:07:56+08:00\">June 25, 2019<\/time>\n\t\t<meta itemprop=\"dateModified\" class=\"updated\" content=\"2019-08-26T15:26:21+08:00\">\n\t\t<span itemprop=\"publisher\" itemscope itemtype=\"https:\/\/schema.org\/Organization\">\n\t\t\t<meta itemprop=\"name\" content=\"Navo Tour\">\n\t\t\t<span itemprop=\"logo\" itemscope itemtype=\"https:\/\/schema.org\/ImageObject\">\n\t\t\t\t<meta itemprop=\"url\" content=\"https:\/\/www.navo-tour.com\/de\/wp-content\/themes\/thevoux-wp\/assets\/img\/logo.png\">\n\t\t\t<\/span>\n\t\t<\/span>\n\t\t\t\t\t<span itemprop=\"image\" itemscope itemtype=\"http:\/\/schema.org\/ImageObject\">\n\t\t\t\t<meta itemprop=\"url\" content=\"https:\/\/www.navo-tour.com\/de\/wp-content\/uploads\/2019\/06\/2017-das-trekking-auf-dem-gongga-shan-in-kham-03.jpg\">\n\t\t\t\t<meta itemprop=\"width\" content=\"640\" \/>\n\t\t\t\t<meta itemprop=\"height\" content=\"480\" \/>\n\t\t\t<\/span>\n\t\t\t<\/aside>\n\t\t<\/div>\n<\/article>\n\t\t<\/div>\n\t\t\t\t\t\t\t\t\t<div class=\"small-12 medium-4 columns\">\n\t\t\t<article class=\"post post-carousel-style11 post-3067 type-post status-publish format-standard has-post-thumbnail hentry category-studenten-abenteuer-album tag-2017-das-abenteuer-fur-studenten-album\" itemscope itemtype=\"http:\/\/schema.org\/Article\">\n\t<figure class=\"post-gallery\">\n\t\t\t\t<aside class=\"post-meta style2\">\n\t\t\t<a href=\"https:\/\/www.navo-tour.com\/de\/category\/album\/studenten-abenteuer-album\/\" class=\"cat-studenten-abenteuer-album\" aria-label=\"Studenten Abenteuer Album\">Studenten Abenteuer Album<\/a>\t\t<\/aside>\n\t\t\t\t<a href=\"https:\/\/www.navo-tour.com\/de\/das-dorfprojekt-schutzen-sie-flusse-und-unterstutzen-sie-die-bauern-bei-der-okologischen-landwirtschaft\/\" title=\"Das Dorfprojekt &#8211; Sch\u00fctzen Sie Fl\u00fcsse und unterst\u00fctzen Sie die Bauern bei der \u00f6kologischen Landwirtschaft\"><img loading=\"lazy\" decoding=\"async\" width=\"640\" height=\"480\" src=\"https:\/\/www.navo-tour.com\/de\/wp-content\/uploads\/2019\/06\/flusse-schutzen-und-bauern-bei-biolandwirtschaft-helfen-09-20x15.jpg\" class=\"attachment-thevoux-style1-2x size-thevoux-style1-2x thb-lazyload lazyload wp-post-image\" alt=\"2017 Village Project-protecting river and help local farmer with the eco-agriculture\" sizes=\"auto, (max-width: 640px) 100vw, 640px\" data-src=\"https:\/\/www.navo-tour.com\/de\/wp-content\/uploads\/2019\/06\/flusse-schutzen-und-bauern-bei-biolandwirtschaft-helfen-09.jpg\" data-sizes=\"auto\" data-srcset=\"https:\/\/www.navo-tour.com\/de\/wp-content\/uploads\/2019\/06\/flusse-schutzen-und-bauern-bei-biolandwirtschaft-helfen-09.jpg 640w, https:\/\/www.navo-tour.com\/de\/wp-content\/uploads\/2019\/06\/flusse-schutzen-und-bauern-bei-biolandwirtschaft-helfen-09-300x225.jpg 300w, https:\/\/www.navo-tour.com\/de\/wp-content\/uploads\/2019\/06\/flusse-schutzen-und-bauern-bei-biolandwirtschaft-helfen-09-450x338.jpg 450w, https:\/\/www.navo-tour.com\/de\/wp-content\/uploads\/2019\/06\/flusse-schutzen-und-bauern-bei-biolandwirtschaft-helfen-09-225x169.jpg 225w, https:\/\/www.navo-tour.com\/de\/wp-content\/uploads\/2019\/06\/flusse-schutzen-und-bauern-bei-biolandwirtschaft-helfen-09-20x15.jpg 20w\" \/><\/a>\n\t<\/figure>\n\t<div class=\"style11-content\">\n\t\t<div class=\"post-title\"><h5 itemprop=\"headline\"><a href=\"https:\/\/www.navo-tour.com\/de\/das-dorfprojekt-schutzen-sie-flusse-und-unterstutzen-sie-die-bauern-bei-der-okologischen-landwirtschaft\/\" title=\"Das Dorfprojekt &#8211; Sch\u00fctzen Sie Fl\u00fcsse und unterst\u00fctzen Sie die Bauern bei der \u00f6kologischen Landwirtschaft\">Das Dorfprojekt &#8211; Sch\u00fctzen Sie Fl\u00fcsse und unterst\u00fctzen Sie die Bauern bei der \u00f6kologischen Landwirtschaft<\/a><\/h5><\/div>\t\t\t<aside class=\"post-author\">\n\t\t<em>by<\/em> <a href=\"https:\/\/www.navo-tour.com\/de\/author\/welcomenavotour-com\/\" title=\"Posts by NavoTour\" rel=\"author\">NavoTour<\/a>\t<\/aside>\n\t\t\t\t<aside class=\"post-bottom-meta hide\">\n\t\t<meta itemprop=\"mainEntityOfPage\" content=\"https:\/\/www.navo-tour.com\/de\/das-dorfprojekt-schutzen-sie-flusse-und-unterstutzen-sie-die-bauern-bei-der-okologischen-landwirtschaft\/\">\n\t\t<span class=\"vcard author\" itemprop=\"author\" content=\"NavoTour\">\n\t\t\t<span class=\"fn\">NavoTour<\/span>\n\t\t<\/span>\n\t\t<time class=\"time publised entry-date\" datetime=\"2019-06-25T11:13:30+08:00\" itemprop=\"datePublished\" content=\"2019-06-25T11:13:30+08:00\">June 25, 2019<\/time>\n\t\t<meta itemprop=\"dateModified\" class=\"updated\" content=\"2019-08-26T15:26:05+08:00\">\n\t\t<span itemprop=\"publisher\" itemscope itemtype=\"https:\/\/schema.org\/Organization\">\n\t\t\t<meta itemprop=\"name\" content=\"Navo Tour\">\n\t\t\t<span itemprop=\"logo\" itemscope itemtype=\"https:\/\/schema.org\/ImageObject\">\n\t\t\t\t<meta itemprop=\"url\" content=\"https:\/\/www.navo-tour.com\/de\/wp-content\/themes\/thevoux-wp\/assets\/img\/logo.png\">\n\t\t\t<\/span>\n\t\t<\/span>\n\t\t\t\t\t<span itemprop=\"image\" itemscope itemtype=\"http:\/\/schema.org\/ImageObject\">\n\t\t\t\t<meta itemprop=\"url\" content=\"https:\/\/www.navo-tour.com\/de\/wp-content\/uploads\/2019\/06\/flusse-schutzen-und-bauern-bei-biolandwirtschaft-helfen-09.jpg\">\n\t\t\t\t<meta itemprop=\"width\" content=\"640\" \/>\n\t\t\t\t<meta itemprop=\"height\" content=\"480\" \/>\n\t\t\t<\/span>\n\t\t\t<\/aside>\n\t\t<\/div>\n<\/article>\n\t\t<\/div>\n\t\t\t\t\t\t\t\t\t<div class=\"small-12 medium-4 columns\">\n\t\t\t<article class=\"post post-carousel-style11 post-3078 type-post status-publish format-standard has-post-thumbnail hentry category-studenten-abenteuer-album tag-2017-das-abenteuer-fur-studenten-album\" itemscope itemtype=\"http:\/\/schema.org\/Article\">\n\t<figure class=\"post-gallery\">\n\t\t\t\t<aside class=\"post-meta style2\">\n\t\t\t<a href=\"https:\/\/www.navo-tour.com\/de\/category\/album\/studenten-abenteuer-album\/\" class=\"cat-studenten-abenteuer-album\" aria-label=\"Studenten Abenteuer Album\">Studenten Abenteuer Album<\/a>\t\t<\/aside>\n\t\t\t\t<a href=\"https:\/\/www.navo-tour.com\/de\/das-trekking-in-tigersprung-schlucht\/\" title=\"Das Trekking in Tigersprung-Schlucht\"><img loading=\"lazy\" decoding=\"async\" width=\"640\" height=\"480\" src=\"https:\/\/www.navo-tour.com\/de\/wp-content\/uploads\/2019\/06\/2017-das-trekking-in-tigersprung-schlucht-09-20x15.jpg\" class=\"attachment-thevoux-style1-2x size-thevoux-style1-2x thb-lazyload lazyload wp-post-image\" alt=\"Tiger Leaping Gorge trek\" sizes=\"auto, (max-width: 640px) 100vw, 640px\" data-src=\"https:\/\/www.navo-tour.com\/de\/wp-content\/uploads\/2019\/06\/2017-das-trekking-in-tigersprung-schlucht-09.jpg\" data-sizes=\"auto\" data-srcset=\"https:\/\/www.navo-tour.com\/de\/wp-content\/uploads\/2019\/06\/2017-das-trekking-in-tigersprung-schlucht-09.jpg 640w, https:\/\/www.navo-tour.com\/de\/wp-content\/uploads\/2019\/06\/2017-das-trekking-in-tigersprung-schlucht-09-300x225.jpg 300w, https:\/\/www.navo-tour.com\/de\/wp-content\/uploads\/2019\/06\/2017-das-trekking-in-tigersprung-schlucht-09-450x338.jpg 450w, https:\/\/www.navo-tour.com\/de\/wp-content\/uploads\/2019\/06\/2017-das-trekking-in-tigersprung-schlucht-09-225x169.jpg 225w, https:\/\/www.navo-tour.com\/de\/wp-content\/uploads\/2019\/06\/2017-das-trekking-in-tigersprung-schlucht-09-20x15.jpg 20w\" \/><\/a>\n\t<\/figure>\n\t<div class=\"style11-content\">\n\t\t<div class=\"post-title\"><h5 itemprop=\"headline\"><a href=\"https:\/\/www.navo-tour.com\/de\/das-trekking-in-tigersprung-schlucht\/\" title=\"Das Trekking in Tigersprung-Schlucht\">Das Trekking in Tigersprung-Schlucht<\/a><\/h5><\/div>\t\t\t<aside class=\"post-author\">\n\t\t<em>by<\/em> <a href=\"https:\/\/www.navo-tour.com\/de\/author\/welcomenavotour-com\/\" title=\"Posts by NavoTour\" rel=\"author\">NavoTour<\/a>\t<\/aside>\n\t\t\t\t<aside class=\"post-bottom-meta hide\">\n\t\t<meta itemprop=\"mainEntityOfPage\" content=\"https:\/\/www.navo-tour.com\/de\/das-trekking-in-tigersprung-schlucht\/\">\n\t\t<span class=\"vcard author\" itemprop=\"author\" content=\"NavoTour\">\n\t\t\t<span class=\"fn\">NavoTour<\/span>\n\t\t<\/span>\n\t\t<time class=\"time publised entry-date\" datetime=\"2019-06-25T11:17:11+08:00\" itemprop=\"datePublished\" content=\"2019-06-25T11:17:11+08:00\">June 25, 2019<\/time>\n\t\t<meta itemprop=\"dateModified\" class=\"updated\" content=\"2019-08-26T15:25:51+08:00\">\n\t\t<span itemprop=\"publisher\" itemscope itemtype=\"https:\/\/schema.org\/Organization\">\n\t\t\t<meta itemprop=\"name\" content=\"Navo Tour\">\n\t\t\t<span itemprop=\"logo\" itemscope itemtype=\"https:\/\/schema.org\/ImageObject\">\n\t\t\t\t<meta itemprop=\"url\" content=\"https:\/\/www.navo-tour.com\/de\/wp-content\/themes\/thevoux-wp\/assets\/img\/logo.png\">\n\t\t\t<\/span>\n\t\t<\/span>\n\t\t\t\t\t<span itemprop=\"image\" itemscope itemtype=\"http:\/\/schema.org\/ImageObject\">\n\t\t\t\t<meta itemprop=\"url\" content=\"https:\/\/www.navo-tour.com\/de\/wp-content\/uploads\/2019\/06\/2017-das-trekking-in-tigersprung-schlucht-09.jpg\">\n\t\t\t\t<meta itemprop=\"width\" content=\"640\" \/>\n\t\t\t\t<meta itemprop=\"height\" content=\"480\" \/>\n\t\t\t<\/span>\n\t\t\t<\/aside>\n\t\t<\/div>\n<\/article>\n\t\t<\/div>\n\t\t\t\t\t\t\t\t\t<div class=\"small-12 medium-4 columns\">\n\t\t\t<article class=\"post post-carousel-style11 post-3089 type-post status-publish format-standard has-post-thumbnail hentry category-studenten-abenteuer-album tag-2017-das-abenteuer-fur-studenten-album\" itemscope itemtype=\"http:\/\/schema.org\/Article\">\n\t<figure class=\"post-gallery\">\n\t\t\t\t<aside class=\"post-meta style2\">\n\t\t\t<a href=\"https:\/\/www.navo-tour.com\/de\/category\/album\/studenten-abenteuer-album\/\" class=\"cat-studenten-abenteuer-album\" aria-label=\"Studenten Abenteuer Album\">Studenten Abenteuer Album<\/a>\t\t<\/aside>\n\t\t\t\t<a href=\"https:\/\/www.navo-tour.com\/de\/das-trekking-in-ethische-dorfer-in-xishuangbanna\/\" title=\"Das Trekking in ethische D\u00f6rfer in Xishuangbanna\"><img loading=\"lazy\" decoding=\"async\" width=\"640\" height=\"480\" src=\"https:\/\/www.navo-tour.com\/de\/wp-content\/uploads\/2019\/06\/2017-das-trekking-zum-ethischen-dorf-in-xishuangbanna-04-20x15.jpg\" class=\"attachment-thevoux-style1-2x size-thevoux-style1-2x thb-lazyload lazyload wp-post-image\" alt=\"Xishuangbanna ethnic village trek\" sizes=\"auto, (max-width: 640px) 100vw, 640px\" data-src=\"https:\/\/www.navo-tour.com\/de\/wp-content\/uploads\/2019\/06\/2017-das-trekking-zum-ethischen-dorf-in-xishuangbanna-04.jpg\" data-sizes=\"auto\" data-srcset=\"https:\/\/www.navo-tour.com\/de\/wp-content\/uploads\/2019\/06\/2017-das-trekking-zum-ethischen-dorf-in-xishuangbanna-04.jpg 640w, https:\/\/www.navo-tour.com\/de\/wp-content\/uploads\/2019\/06\/2017-das-trekking-zum-ethischen-dorf-in-xishuangbanna-04-300x225.jpg 300w, https:\/\/www.navo-tour.com\/de\/wp-content\/uploads\/2019\/06\/2017-das-trekking-zum-ethischen-dorf-in-xishuangbanna-04-450x338.jpg 450w, https:\/\/www.navo-tour.com\/de\/wp-content\/uploads\/2019\/06\/2017-das-trekking-zum-ethischen-dorf-in-xishuangbanna-04-225x169.jpg 225w, https:\/\/www.navo-tour.com\/de\/wp-content\/uploads\/2019\/06\/2017-das-trekking-zum-ethischen-dorf-in-xishuangbanna-04-20x15.jpg 20w\" \/><\/a>\n\t<\/figure>\n\t<div class=\"style11-content\">\n\t\t<div class=\"post-title\"><h5 itemprop=\"headline\"><a href=\"https:\/\/www.navo-tour.com\/de\/das-trekking-in-ethische-dorfer-in-xishuangbanna\/\" title=\"Das Trekking in ethische D\u00f6rfer in Xishuangbanna\">Das Trekking in ethische D\u00f6rfer in Xishuangbanna<\/a><\/h5><\/div>\t\t\t<aside class=\"post-author\">\n\t\t<em>by<\/em> <a href=\"https:\/\/www.navo-tour.com\/de\/author\/welcomenavotour-com\/\" title=\"Posts by NavoTour\" rel=\"author\">NavoTour<\/a>\t<\/aside>\n\t\t\t\t<aside class=\"post-bottom-meta hide\">\n\t\t<meta itemprop=\"mainEntityOfPage\" content=\"https:\/\/www.navo-tour.com\/de\/das-trekking-in-ethische-dorfer-in-xishuangbanna\/\">\n\t\t<span class=\"vcard author\" itemprop=\"author\" content=\"NavoTour\">\n\t\t\t<span class=\"fn\">NavoTour<\/span>\n\t\t<\/span>\n\t\t<time class=\"time publised entry-date\" datetime=\"2019-06-25T11:21:47+08:00\" itemprop=\"datePublished\" content=\"2019-06-25T11:21:47+08:00\">June 25, 2019<\/time>\n\t\t<meta itemprop=\"dateModified\" class=\"updated\" content=\"2019-08-26T15:25:42+08:00\">\n\t\t<span itemprop=\"publisher\" itemscope itemtype=\"https:\/\/schema.org\/Organization\">\n\t\t\t<meta itemprop=\"name\" content=\"Navo Tour\">\n\t\t\t<span itemprop=\"logo\" itemscope itemtype=\"https:\/\/schema.org\/ImageObject\">\n\t\t\t\t<meta itemprop=\"url\" content=\"https:\/\/www.navo-tour.com\/de\/wp-content\/themes\/thevoux-wp\/assets\/img\/logo.png\">\n\t\t\t<\/span>\n\t\t<\/span>\n\t\t\t\t\t<span itemprop=\"image\" itemscope itemtype=\"http:\/\/schema.org\/ImageObject\">\n\t\t\t\t<meta itemprop=\"url\" content=\"https:\/\/www.navo-tour.com\/de\/wp-content\/uploads\/2019\/06\/2017-das-trekking-zum-ethischen-dorf-in-xishuangbanna-04.jpg\">\n\t\t\t\t<meta itemprop=\"width\" content=\"640\" \/>\n\t\t\t\t<meta itemprop=\"height\" content=\"480\" \/>\n\t\t\t<\/span>\n\t\t\t<\/aside>\n\t\t<\/div>\n<\/article>\n\t\t<\/div>\n\t\t\t\t\t\t\t\t\t<div class=\"small-12 medium-4 columns\">\n\t\t\t<article class=\"post post-carousel-style11 post-3100 type-post status-publish format-standard has-post-thumbnail hentry category-studenten-abenteuer-album tag-2017-das-abenteuer-fur-studenten-album\" itemscope itemtype=\"http:\/\/schema.org\/Article\">\n\t<figure class=\"post-gallery\">\n\t\t\t\t<aside class=\"post-meta style2\">\n\t\t\t<a href=\"https:\/\/www.navo-tour.com\/de\/category\/album\/studenten-abenteuer-album\/\" class=\"cat-studenten-abenteuer-album\" aria-label=\"Studenten Abenteuer Album\">Studenten Abenteuer Album<\/a>\t\t<\/aside>\n\t\t\t\t<a href=\"https:\/\/www.navo-tour.com\/de\/das-projekt-von-der-grundschule-in-xishuangbanna\/\" title=\"Das Projekt von der Grundschule in Xishuangbanna\"><img loading=\"lazy\" decoding=\"async\" width=\"640\" height=\"480\" src=\"https:\/\/www.navo-tour.com\/de\/wp-content\/uploads\/2019\/06\/2017-das-projekt-fur-grundschule-in-xishuangbanna-09-20x15.jpg\" class=\"attachment-thevoux-style1-2x size-thevoux-style1-2x thb-lazyload lazyload wp-post-image\" alt=\"Xishuangbanna Primary School Project\" sizes=\"auto, (max-width: 640px) 100vw, 640px\" data-src=\"https:\/\/www.navo-tour.com\/de\/wp-content\/uploads\/2019\/06\/2017-das-projekt-fur-grundschule-in-xishuangbanna-09.jpg\" data-sizes=\"auto\" data-srcset=\"https:\/\/www.navo-tour.com\/de\/wp-content\/uploads\/2019\/06\/2017-das-projekt-fur-grundschule-in-xishuangbanna-09.jpg 640w, https:\/\/www.navo-tour.com\/de\/wp-content\/uploads\/2019\/06\/2017-das-projekt-fur-grundschule-in-xishuangbanna-09-300x225.jpg 300w, https:\/\/www.navo-tour.com\/de\/wp-content\/uploads\/2019\/06\/2017-das-projekt-fur-grundschule-in-xishuangbanna-09-450x338.jpg 450w, https:\/\/www.navo-tour.com\/de\/wp-content\/uploads\/2019\/06\/2017-das-projekt-fur-grundschule-in-xishuangbanna-09-225x169.jpg 225w, https:\/\/www.navo-tour.com\/de\/wp-content\/uploads\/2019\/06\/2017-das-projekt-fur-grundschule-in-xishuangbanna-09-20x15.jpg 20w\" \/><\/a>\n\t<\/figure>\n\t<div class=\"style11-content\">\n\t\t<div class=\"post-title\"><h5 itemprop=\"headline\"><a href=\"https:\/\/www.navo-tour.com\/de\/das-projekt-von-der-grundschule-in-xishuangbanna\/\" title=\"Das Projekt von der Grundschule in Xishuangbanna\">Das Projekt von der Grundschule in Xishuangbanna<\/a><\/h5><\/div>\t\t\t<aside class=\"post-author\">\n\t\t<em>by<\/em> <a href=\"https:\/\/www.navo-tour.com\/de\/author\/welcomenavotour-com\/\" title=\"Posts by NavoTour\" rel=\"author\">NavoTour<\/a>\t<\/aside>\n\t\t\t\t<aside class=\"post-bottom-meta hide\">\n\t\t<meta itemprop=\"mainEntityOfPage\" content=\"https:\/\/www.navo-tour.com\/de\/das-projekt-von-der-grundschule-in-xishuangbanna\/\">\n\t\t<span class=\"vcard author\" itemprop=\"author\" content=\"NavoTour\">\n\t\t\t<span class=\"fn\">NavoTour<\/span>\n\t\t<\/span>\n\t\t<time class=\"time publised entry-date\" datetime=\"2019-06-25T11:26:34+08:00\" itemprop=\"datePublished\" content=\"2019-06-25T11:26:34+08:00\">June 25, 2019<\/time>\n\t\t<meta itemprop=\"dateModified\" class=\"updated\" content=\"2019-08-26T15:25:31+08:00\">\n\t\t<span itemprop=\"publisher\" itemscope itemtype=\"https:\/\/schema.org\/Organization\">\n\t\t\t<meta itemprop=\"name\" content=\"Navo Tour\">\n\t\t\t<span itemprop=\"logo\" itemscope itemtype=\"https:\/\/schema.org\/ImageObject\">\n\t\t\t\t<meta itemprop=\"url\" content=\"https:\/\/www.navo-tour.com\/de\/wp-content\/themes\/thevoux-wp\/assets\/img\/logo.png\">\n\t\t\t<\/span>\n\t\t<\/span>\n\t\t\t\t\t<span itemprop=\"image\" itemscope itemtype=\"http:\/\/schema.org\/ImageObject\">\n\t\t\t\t<meta itemprop=\"url\" content=\"https:\/\/www.navo-tour.com\/de\/wp-content\/uploads\/2019\/06\/2017-das-projekt-fur-grundschule-in-xishuangbanna-09.jpg\">\n\t\t\t\t<meta itemprop=\"width\" content=\"640\" \/>\n\t\t\t\t<meta itemprop=\"height\" content=\"480\" \/>\n\t\t\t<\/span>\n\t\t\t<\/aside>\n\t\t<\/div>\n<\/article>\n\t\t<\/div>\n\t\t\t\t\t\t\t\t\t\t\t<\/div>\n\t\t[\/vc_column][\/vc_row]\n<\/div>","protected":false},"excerpt":{"rendered":"<p>[vc_row][vc_column][\/vc_column][\/vc_row]<\/p>\n","protected":false},"author":1,"featured_media":0,"parent":0,"menu_order":0,"comment_status":"closed","ping_status":"closed","template":"","meta":{"footnotes":""},"class_list":["post-5364","page","type-page","status-publish","hentry"],"_links":{"self":[{"href":"https:\/\/www.navo-tour.com\/de\/wp-json\/wp\/v2\/pages\/5364","targetHints":{"allow":["GET"]}}],"collection":[{"href":"https:\/\/www.navo-tour.com\/de\/wp-json\/wp\/v2\/pages"}],"about":[{"href":"https:\/\/www.navo-tour.com\/de\/wp-json\/wp\/v2\/types\/page"}],"author":[{"embeddable":true,"href":"https:\/\/www.navo-tour.com\/de\/wp-json\/wp\/v2\/users\/1"}],"replies":[{"embeddable":true,"href":"https:\/\/www.navo-tour.com\/de\/wp-json\/wp\/v2\/comments?post=5364"}],"version-history":[{"count":0,"href":"https:\/\/www.navo-tour.com\/de\/wp-json\/wp\/v2\/pages\/5364\/revisions"}],"wp:attachment":[{"href":"https:\/\/www.navo-tour.com\/de\/wp-json\/wp\/v2\/media?parent=5364"}],"curies":[{"name":"wp","href":"https:\/\/api.w.org\/{rel}","templated":true}]}}