{"id":599,"date":"2019-04-29T10:20:28","date_gmt":"2019-04-29T02:20:28","guid":{"rendered":"https:\/\/navo-tour.com\/?page_id=599"},"modified":"2019-11-22T15:07:56","modified_gmt":"2019-11-22T07:07:56","slug":"uber-uns","status":"publish","type":"page","link":"https:\/\/www.navo-tour.com\/de\/uber-uns\/","title":{"rendered":"\u00dcber uns"},"content":{"rendered":"<div class=\"wpb-content-wrapper\">[vc_row][vc_column width=&#8221;1\/6&#8243;][\/vc_column][vc_column width=&#8221;2\/3&#8243;][vc_column_text]\n<table border=\"0\" width=\"96%\" align=\"center\">\n<tbody>\n<tr>\n<td class=\"page_title\" align=\"center\" valign=\"top\" height=\"30\"><span style=\"color: #800000; font-size: 14pt;\"><strong>\u00dcber NAVO<\/strong><\/span><\/td>\n<\/tr>\n<tr>\n<td class=\"text\" align=\"left\">\n<p align=\"center\"><span style=\"font-size: 12pt;\"><strong><span style=\"color: #cc6600;\">NAVO-Beste Expedition und Spezialreise Firma in China<br \/>\nNAVO-Wichtigster Partner in China von meisten Expedition und Spezialreise Firmen in der Welt<\/span><\/strong><\/span><\/p>\n<p><span style=\"font-size: 12pt;\"><strong><span style=\"color: #cc6600;\">\u25c6NAVO(Nature Adventure Voyage Off-road):<\/span><\/strong><\/span><\/p>\n<p class=\"text\">Seit 1993 oragnisieren wir ausl\u00e4ndische Reisenden in China abenteuerliche Reise zu machen. Wir haben einige hunderte Routen f\u00fcr Trekking, Overland, Auto-Tour, Mietwagen-Tour, Fahrrad-Tour, Studenten Expedition und Studentenfreiwillige Programm, Fotoreise, Vogelbeobachtung, Kongfu Lernen, usw. Wir bestreben uns eifrig, sochle spezielle Reiseprogramme in China zu verbessern und verbreiten.<\/p>\n<p class=\"text\">Wir lernen weltweit entwickelte Fachwissen zum Outdoor, stellen den Reiseschatz Chinas f\u00fcr die ganze Welt vor, arbeiten mit ausl\u00e4ndischen Partner neue Reiserouten aus, erforschen die betreffende Ausbildung, bieten Spezialdienst an, erstellen eine zuverl\u00e4ssige Marke NAVO. Das alles erstreben wir zum Ziel.<\/p>\n<p><span style=\"font-size: 12pt;\"><strong><span style=\"color: #cc6600;\">\u25c6Hauptgesch\u00e4ft:<\/span><\/strong><\/span><\/p>\n<p><strong>Trekking Tour,<br \/>\nOverland Tour,<br \/>\nSelbstfahren Tour,<br \/>\nFotografie Tour.<\/strong><\/p>\n<p><span style=\"color: #cc6600;\"><strong>Im Jahr 2018 haben wir 76 Spezialreise Gruppen organisiert.<\/strong><\/span><\/p>\n<p><span style=\"color: #cc6600;\"><strong>Im Jahr 2017 haben wir 82 Spezialreise Gruppen organisiert.<\/strong><\/span><\/p>\n<p><span style=\"color: #cc6600;\"><strong>Im Jahr 2016 haben wir 70 Spezialreise Gruppen organisiert.<\/strong><\/span><\/p>\n<p><span style=\"color: #cc6600;\"><strong>Im Jahr 2015 haben wir 60 Spezialreise Gruppen organisiert.<\/strong><\/span><\/p>\n<p><span style=\"color: #cc6600;\"><strong>Im Jahr 2014 haben wir 62 Spezialreise Gruppen organisiert.<\/strong><\/span><\/p>\n<p><span style=\"color: #cc6600;\"><strong>Im Jahr 2013 haben wir 57 Spezialreise Gruppen organisiert.<\/strong><\/span><\/p>\n<p class=\"text\"><span style=\"color: #cc6600;\"><strong>Im Jahr 2011 haben wir 85 Spezialreise Gruppen organisiert.<\/strong><\/span><\/p>\n<p class=\"text\"><span style=\"color: #cc6600;\"><strong>Im Jahr 2009 haben wir 68 Spezialreise Gruppen organisiert.<\/strong><\/span><\/p>\n<p class=\"text\"><span style=\"color: #cc6600;\"><strong>Im Jahr 2007 haben wir 72 Spezialreise Gruppen organisiert.<\/strong><\/span><\/p>\n<p class=\"text\"><span style=\"color: #cc6600;\"><strong>Im Jahr 2005 haben wir 44 Spezialreise Gruppen organisiert.<\/strong><\/span><\/p>\n<p>&nbsp;<\/p>\n<p><span style=\"color: #cc6600;\"><strong>\u25bc<\/strong><strong>Trekking Tour:<\/strong><\/span><\/p>\n<p class=\"text\">Seit 1993 organisieren wir die ausl\u00e4ndischen Reisenden in China Trekkingresie zu machen. Bis zum Ende 2011 empfangen wir insgesamt \u00fcber 400 Trekking Gruppen\uff0cdie aus Europa,Amerika und andere L\u00e4nder in Asien sind.<br \/>\n<strong>Routen in den Gebieten:<\/strong><br \/>\nYunnan, Sichuan, Tibet, Guizhou, Guangxi, Peking, Shanxi, Shaanxi, Innere Mongolei, Xinjiang, Zhejiang, Anhui, Jiangsu,Hebei,Fujian und Jiangxi.<\/p>\n<p class=\"text\">Mehr Infos: <a href=\"https:\/\/www.navo-tour.com\/de\/wanderreisen-china\/\">https:\/\/www.navo-tour.com\/de\/wanderreisen-china\/<\/a><br \/>\nFotos: <a href=\"https:\/\/www.navo-tour.com\/de\/china-wanderreisen-album\/\">https:\/\/www.navo-tour.com\/de\/china-wanderreisen-album\/<\/a><\/p>\n<div align=\"center\"><span style=\"color: #668420;\"><strong>NAVO f\u00fchren Sie bis zum unentdeckten China.<\/strong><\/span><\/div>\n<p><span style=\"color: #cc6600;\"><strong>\u25bcOverland Tour:<\/strong><\/span><\/p>\n<p class=\"text\"><strong>Huaptrouten:<\/strong><br \/>\nSichuan-Tibet, Yunnan-Tibet, Qinghai-Tibet, Xinjiang-Tibet, Nepal-Tibet, Amdo und Kham, Tibet Ali, Seidensra\u00dfe, Xinjiang S\u00fcden und Norden, Taklamakan W\u00fcste.<\/p>\n<p class=\"text\">Mehr Infos: <a href=\"https:\/\/www.navo-tour.com\/de\/uberlandreisen-china\/\">https:\/\/www.navo-tour.com\/de\/uberlandreisen-china\/<\/a><br \/>\nFotos: <a href=\"https:\/\/www.navo-tour.com\/de\/uberlandreisen-china-album\/\">https:\/\/www.navo-tour.com\/de\/uberlandreisen-china-album\/<\/a><\/p>\n<div align=\"center\"><span style=\"color: #668420;\"><strong>NAVO f\u00fchren Sie Rundreise in China.<\/strong><\/span><\/div>\n<p><span style=\"color: #cc6600;\"><strong>\u25bcSelbstfahren Tour (mit Ihrem eignen Auto nach China):<\/strong><\/span><\/p>\n<p>NAVO ist einer der Reiseveranstalter, der die ausl\u00e4ndischen Reisenden mit ihrem eigenen Auto durch China organisiert. Wir haben diese Auto-Tour seit 1994 organisiert. Die meisten Teilnhemer sind aus westlichen L\u00e4ndern, besonders aus Deutschland, Frankreich, Schweiz, Gro\u00dfbritannien, \u00d6sterreich, Italien, Holland,Spanien,Russland,Indien,S\u00fcdkorea, Malaysia usw. Solche Reisegruppen haben erfolgreich \u00fcber die meisten P\u00e4sse auf dem Landweg und Seeweg ein- und ausgereist. Sie haben Durchfahrt in den meisten Gebieten Chinas geschaffen. Die Anzahl der Autos sind von 1 bis mehr als 30. Und das Typ sind Gel\u00e4ndewagen, Sportauto,Wohnmobil, Stufenheck,LKW,Campingbus, Motorrad, usw.<\/p>\n<p class=\"text\">Mehr Infos: <a href=\"https:\/\/www.navo-tour.com\/de\/selbstfahrerreisen-china\/\">https:\/\/www.navo-tour.com\/de\/selbstfahrerreisen-china\/<\/a><br \/>\nFotos: <a href=\"https:\/\/www.navo-tour.com\/de\/selbstfahrerreisen-china-album\/\">https:\/\/www.navo-tour.com\/de\/selbstfahrerreisen-china-album\/<\/a><\/p>\n<p align=\"center\"><strong><span style=\"color: #668420;\">NAVO,verschiedene Reise und verschiedenes Leben<\/span><\/strong><\/p>\n<p class=\"text\"><span style=\"color: #cc6600;\"><strong>\u25bcSelbstfahren Tour(mit chinesischen Mietwagen durch China)<\/strong><\/span><\/p>\n<p class=\"text\">Seit 2007 haben wir erfolgreich organisiert,ausl\u00e4ndische Reisende mit chinesischen Mietwagen in Sichuan,Yunnan,Qinghai und Ganshu zu fahren.<\/p>\n<p class=\"text\">Im Jahr 2009 organisierten wir ausl\u00e4ndische Reisende mit chinesichen Mietwagen von China nach andere L\u00e4nder neben China zu fahren und bis jetzt sind diesen Reisende schon nach Laos,Thailand,Vietnam,usw gefahren.<\/p>\n<p>Bis Ende Dezember 2011 haben wir \u00fcber 45 Reisegruppen f\u00fcr Mietwagenreise organisiert.(Aus:Schweiz,Deutschland,England,Frankreich,Hongkong,USA,Kanada,Taiwan,usw.<\/p>\n<p class=\"text\">Mehr Infos: <a href=\"https:\/\/www.navo-tour.com\/de\/china-mietwagenreisen\/\">https:\/\/www.navo-tour.com\/de\/china-mietwagenreisen\/<\/a><br \/>\nFotos: <a href=\"https:\/\/www.navo-tour.com\/de\/china-mietwagenreisen-album\/\">https:\/\/www.navo-tour.com\/de\/china-mietwagenreisen-album\/<\/a><\/p>\n<p class=\"text\"><span style=\"color: #cc6600;\"><strong>\u25bcStudenten Expedition und Studentenfreibewillige Programm:<\/strong><\/span><\/p>\n<p>Seit 2007 haben wir verschiedene Studenten Programme in Sichuan,Yunnan,Guanxi,Shanxi,usw.Organisiert. z.B.Studenten Expedtion,Studenten Challenge,Studentenfreibewillige Programm und Erlebnis von Oekologischer Landschaft.Jedes Jahr beteiligen sich etwas 180 bis 240 ausl\u00e4ndische Studenten an diesen Studenten Programmen von uns.Wir freuen uns sehr mehr ausl\u00e4ndische Studenten unsere Programme einzutreten und wir hoffen,dass nach dem Austausch zwischen chinesischen Studenten und ausl\u00e4ndischen Studenten von einander mehr lernen k\u00f6nnen.Wie k\u00f6nnen Sie sich an unseren Studenten Expediton teilnehmen,browsen Sie unsere Webseite bitte:<\/p>\n<p>Mehr Info: <a href=\"https:\/\/www.navo-tour.com\/de\/studenten-abenteuer\/\">https:\/\/www.navo-tour.com\/de\/studenten-abenteuer\/<\/a><br \/>\nFotos: <a href=\"https:\/\/www.navo-tour.com\/de\/studenten-abenteuer-album\/\">https:\/\/www.navo-tour.com\/de\/studenten-abenteuer-album\/<\/a><\/p>\n<p><span style=\"color: #cc6600;\"><strong>\u25bc<\/strong><strong>Fotografie Tour:<\/strong><\/span><\/p>\n<p class=\"text\">Seit 2000 organisieren wir Fotoreise im Westen Chinas, z.B. in Tibet, Xinjiang, Innere Mongolei, Qinghai, Yunnan, Sichuan. Die meisten Gruppen kommen aus Frankreich, Hongkong und Taiwan. Viele Teilnehmer davon sind fachlicher Fotograf, bzw. &#8220;Le Figaro&#8221; und &#8220;Grande Reportage&#8221; franz\u00f6sische Medien Fotografen.<\/p>\n<p class=\"text\"><span style=\"color: #cc6600;\"><strong>\u25bc<\/strong><strong>Andere Spezialreise:<\/strong><\/span><\/p>\n<p class=\"text\">Als eine professionelle Reiseagentur bringen wir j\u00e4hrlich auf den Markt neue Spazialreisen, um ein verschiedenes China zu zeigen. In den letzten Jahren haben wir anhaltend mehre Programme f\u00fcr\u00a0<strong>Fest der Nationalit\u00e4ten<\/strong>,\u00a0<strong>Pferdreiten<\/strong>,\u00a0<strong>Totale Sonnenfinsternis Beobachtung<\/strong>\u00a0entworfen.<\/p>\n<p><span style=\"font-size: 12pt;\"><strong><span style=\"color: #cc6600;\">\u25c6NAVO Notiz<\/span><\/strong><\/span><\/p>\n<p class=\"text\">1993 die erste Trekking Tour Gruppe (aus Frankreich)<br \/>\n1993 die erste Trekking Tour Gruppe (aus Frankreich)<br \/>\n1993 die erste Bergsteiger-Expeditionen Gruppe (aus Hong Kong, China)<br \/>\n1994 die erste Overland Tour Gruppe, enrlang die s\u00fcdliche Sichuan-Tibet (aus Frankreich)<br \/>\n1994 die erste Selbstfahren Tour Gr\u00fcppe, mit eignem Auto nach China (aus Deutschland)<br \/>\n1998 die erste Kongfu Lernen Gr\u00fcppe (aus Deutschland)<br \/>\n1998 die erste Overland Tour Gruppe, enrlang die n\u00f6rdliche Sichuan-Tibet (aus Frankreich)<br \/>\n2000 die erste Fororeise Gruppe (aus Taiwan, China)<br \/>\n2003 die erste Vogelbeobachtung Gruppe (aus Gro\u00dfbritannien)<br \/>\n2006 die erste Rennen Gruppe zum Weltrekord (aus Frankreich)<br \/>\n2007 die erste Blinder Trekking Gruppe (aus Frankreich)<br \/>\n2007 die erste Selbstfahren Tour Gruppe, mit chinesichen Mietwagen durch China (aus der Schweiz)<br \/>\n2009 die erste Selbstfahren Tour Gruppe, mit chinesichen Mietwagen von China nach S\u00fcdostasien. (aus der Schweiz)<\/p>\n<p class=\"text\"><strong><span style=\"color: #cc6600; font-size: small;\">\u25c6<\/span><\/strong>Durch Zusammenarbeit mit den ausl\u00e4ndischen Resieagenturen, Vereinen und Clubs entwickeln wir uns zu einem erfahrungsreichen Team. \u00dcber 3 Milionen Tourenfotos stellen unser Aufwachsen dar. Wir sind \u00fcberzeugt davon, dass NAVO mit Fachwissen, Zuverl\u00e4ssigkeit und Spazialservice f\u00fcr alle Outdoor-Abenteurer die beste Auswahl ist.<\/p>\n<p class=\"text\" align=\"center\"><span style=\"color: #668420; font-size: 12pt;\">China und dann\u00a0<strong>NAVO<\/strong>.<\/span><\/p>\n<p class=\"text\" align=\"center\"><span style=\"color: #668420; font-size: 12pt;\">Abenteuer in China und dann\u00a0<strong>NAVO<\/strong>.<\/span><\/p>\n<p class=\"text\" align=\"center\"><span style=\"color: #668420; font-size: small;\"><span style=\"font-size: 12pt;\"><strong>NAVO<\/strong> und dann Ihr Abenteuer in China zur Realit\u00e4t<\/span>.<\/span><\/p>\n<\/td>\n<\/tr>\n<\/tbody>\n<\/table>\n[\/vc_column_text]<aside class=\"gap cf\" style=\"height:20px;\"><\/aside>[\/vc_column][vc_column width=&#8221;1\/6&#8243;][\/vc_column][\/vc_row]\n<\/div>","protected":false},"excerpt":{"rendered":"<p>[vc_row][vc_column width=&#8221;1\/6&#8243;][\/vc_column][vc_column width=&#8221;2\/3&#8243;][vc_column_text] \u00dcber NAVO NAVO-Beste Expedition und Spezialreise Firma in China NAVO-Wichtigster Partner in China von meisten Expedition und Spezialreise Firmen in der Welt \u25c6NAVO(Nature Adventure Voyage Off-road): Seit 1993 oragnisieren wir ausl\u00e4ndische Reisenden in China abenteuerliche Reise zu machen. Wir haben einige hunderte Routen f\u00fcr Trekking, Overland, Auto-Tour, Mietwagen-Tour, Fahrrad-Tour, Studenten Expedition und&hellip;<\/p>\n","protected":false},"author":1,"featured_media":0,"parent":0,"menu_order":0,"comment_status":"closed","ping_status":"closed","template":"","meta":{"footnotes":""},"class_list":["post-599","page","type-page","status-publish","hentry"],"_links":{"self":[{"href":"https:\/\/www.navo-tour.com\/de\/wp-json\/wp\/v2\/pages\/599","targetHints":{"allow":["GET"]}}],"collection":[{"href":"https:\/\/www.navo-tour.com\/de\/wp-json\/wp\/v2\/pages"}],"about":[{"href":"https:\/\/www.navo-tour.com\/de\/wp-json\/wp\/v2\/types\/page"}],"author":[{"embeddable":true,"href":"https:\/\/www.navo-tour.com\/de\/wp-json\/wp\/v2\/users\/1"}],"replies":[{"embeddable":true,"href":"https:\/\/www.navo-tour.com\/de\/wp-json\/wp\/v2\/comments?post=599"}],"version-history":[{"count":0,"href":"https:\/\/www.navo-tour.com\/de\/wp-json\/wp\/v2\/pages\/599\/revisions"}],"wp:attachment":[{"href":"https:\/\/www.navo-tour.com\/de\/wp-json\/wp\/v2\/media?parent=599"}],"curies":[{"name":"wp","href":"https:\/\/api.w.org\/{rel}","templated":true}]}}