{"id":609,"date":"2019-04-29T10:35:54","date_gmt":"2019-04-29T02:35:54","guid":{"rendered":"https:\/\/navo-tour.com\/?page_id=609"},"modified":"2019-11-22T14:45:52","modified_gmt":"2019-11-22T06:45:52","slug":"motorradreisen","status":"publish","type":"page","link":"https:\/\/www.navo-tour.com\/de\/motorradreisen\/","title":{"rendered":"Motorradreisen"},"content":{"rendered":"<div class=\"wpb-content-wrapper\">[vc_row][vc_column]<aside class=\"gap cf\" style=\"height:20px;\"><\/aside><img loading=\"lazy\" decoding=\"async\" width=\"1200\" height=\"300\" src=\"data:image\/gif;base64,R0lGODlhAQABAAAAACH5BAEKAAEALAAAAAABAAEAAAICTAEAOw==\" class=\"thb_image  left full  attachment-full thb-lazyload lazyload\" alt=\"motorrad tour\" title=\"motorrad-tour-banner\" sizes=\"auto, (max-width: 1200px) 100vw, 1200px\" data-src=\"https:\/\/www.navo-tour.com\/de\/wp-content\/uploads\/2019\/09\/motorrad-tour-banner.jpg\" data-sizes=\"auto\" data-srcset=\"https:\/\/www.navo-tour.com\/de\/wp-content\/uploads\/2019\/09\/motorrad-tour-banner.jpg 1200w, https:\/\/www.navo-tour.com\/de\/wp-content\/uploads\/2019\/09\/motorrad-tour-banner-300x75.jpg 300w, https:\/\/www.navo-tour.com\/de\/wp-content\/uploads\/2019\/09\/motorrad-tour-banner-768x192.jpg 768w, https:\/\/www.navo-tour.com\/de\/wp-content\/uploads\/2019\/09\/motorrad-tour-banner-1024x256.jpg 1024w, https:\/\/www.navo-tour.com\/de\/wp-content\/uploads\/2019\/09\/motorrad-tour-banner-450x113.jpg 450w, https:\/\/www.navo-tour.com\/de\/wp-content\/uploads\/2019\/09\/motorrad-tour-banner-225x56.jpg 225w, https:\/\/www.navo-tour.com\/de\/wp-content\/uploads\/2019\/09\/motorrad-tour-banner-900x225.jpg 900w, https:\/\/www.navo-tour.com\/de\/wp-content\/uploads\/2019\/09\/motorrad-tour-banner-20x5.jpg 20w\" \/>[\/vc_column][\/vc_row][vc_row][vc_column]<aside class=\"gap cf\" style=\"height:20px;\"><\/aside>[vc_column_text]\n<h1 class=\"Content_Top\" style=\"text-align: center;\"><span style=\"color: #800000;\"><strong>Weltreise mit eigenem Motorrad nach China<\/strong><\/span><\/h1>\n[\/vc_column_text]<aside class=\"gap cf\" style=\"height:20px;\"><\/aside>[\/vc_column][\/vc_row][vc_row][vc_column width=&#8221;1\/6&#8243;][\/vc_column][vc_column width=&#8221;2\/3&#8243;][vc_column_text]<strong>NAVO ist eine der professionellen Reiseagenturen in China f\u00fcr Spezialreisen.<\/strong>\u00a0Seit 1993 spezialisieren wir uns auf die Organisation der anspruchsvollen Abenteuer-Reisen.<\/p>\n<p><strong>NAVO ist eine der Reiseagenturen, die die ausl\u00e4ndischen Reisenden mit eigenem Auto nach China organisiert.<\/strong> 1994 kam unsere erste Gruppe mit eigenem Auto aus Deutschland: <a href=\"https:\/\/www.navo-tour.com\/de\/selbstfahrerreisen-china\/\">https:\/\/www.navo-tour.com\/de\/selbstfahrerreisen-china\/<\/a><\/p>\n<p><strong>NAVO ist eine der Reiseagenturen, die die ausl\u00e4ndischen Reisenden mit chinesischem Mietwagen in China organisiert.\u00a0<\/strong>2007 kam unsere erste Gruppe mit chinesischem Mietwagen aus der Schweiz<br \/>\n<a href=\"https:\/\/www.navo-tour.com\/de\/china-mietwagenreisen\/\">https:\/\/www.navo-tour.com\/de\/china-mietwagenreisen\/<\/a><\/p>\n<p><strong>NAVO ist eine der Reiseagenturen, die die ausl\u00e4ndischen Reisenden mit eigenem Motorrad nach China organisiert.<\/strong> 2004 kam unsere erste Gruppe mit eigenem Motorrad aus Deutschland<span style=\"color: #99cc00;\">: <a href=\"https:\/\/www.navo-tour.com\/de\/motorradreisen\/\">https:\/\/www.navo-tour.com\/de\/motorradreisen\/<\/a><\/span><\/p>\n<p>Mehr Infos f\u00fcr Sie mit eigenem Motorrad(2 R\u00e4der, 3 R\u00e4der, 4 R\u00e4der) nach China k\u00f6nnen Sie auf die folgende Webseite nachsehen: <a href=\"https:\/\/www.navo-tour.com\/de\/selbstfahrerreisen-china\/\">https:\/\/www.navo-tour.com\/de\/selbstfahrerreisen-china\/<\/a>\u00a0Mehr professionell Details: <a href=\"mailto:de@navo-tour.com\">de@navo-tour.com<\/a><\/p>\n<p>Unter der Organisation von NAVO k\u00f6nnen Sie mit Ihrem eigenen Motorrad durch China reisen, ob Ihr Motorrad zwei, drei oder vier R\u00e4der ist. NAVO kann erfahrungsreiche Reisebegleiter schicken, um Ihre Selbstfahrer-Tour in China erfolgreich zu verwirklichen. Wenn Sie chinesichen F\u00fchrungswagen ben\u00f6tigen, kann NAVO auch anbieten. Alles h\u00e4ngt an Ihrer Anforderung ab.<\/p>\n<p>Weil die ausl\u00e4ndischen Reisenden in China mit eigenem Motorrad streng beschr\u00e4nkt sind, m\u00fcssen Sie zuerst die offiziellen Genehmigungen in China gewinnen. NAVO kann dabei Hilfe zu leisten. Es muss zuerst die folgenden Vorbereitungen gemacht werden:<\/p>\n<p>1: Reiseroute zu besprechen: Zeitplan, Einreiseort, Ausreiseort, Anzahl der Fahrzeuge und Fahrer, Anzahl der anderen Teilnehmer, Unterkunft usw.<\/p>\n<p>2: alle Genehmigungen zu beantragen: nach der definitiven Reiseverlauf kann NAVO minderstens 2-3 Monate Genehmigungen von staatlichen Beh\u00f6rden besorgen.<\/p>\n<p>3: Nach der chinesischen Vorschrift muss alle Motorrad-Tour in China von chinesischen Guide begleitet werden.<\/p>\n<p>Weil die Selbstfahrer-Tour mit eigenem Motorrad sehr speziell und fachlich ist, wenn Sie mehr Details erfahren m\u00f6chten, kontaktieren Sie bitte <a href=\"mailto:de@navo-tour.com\">de@navo-tour.com<\/a>[\/vc_column_text]<aside class=\"gap cf\" style=\"height:40px;\"><\/aside>[\/vc_column][vc_column width=&#8221;1\/6&#8243;][\/vc_column][\/vc_row][vc_row][vc_column width=&#8221;1\/6&#8243;][\/vc_column][vc_column width=&#8221;2\/3&#8243;][vc_column_text]\n<table style=\"height: 216px; width: 100%; border-collapse: collapse; border-color: #f70707; border-style: solid;\">\n<tbody>\n<tr style=\"height: 28px;\">\n<td style=\"width: 100%; height: 28px; border-style: solid; border-color: #f00202;\">\n<div style=\"text-align: center;\"><span style=\"color: #000000;\"><strong>Unsere erste Gruppe mit eigenem Motorrad nach China<\/strong><\/span><\/div>\n<\/td>\n<\/tr>\n<tr style=\"height: 188px;\">\n<td style=\"width: 100%; height: 188px;\"><strong>Der Mark nach\uff1a<\/strong><br \/>\ndie erste Gruppe mit dem\u00a0<strong>BMW\u00a0<\/strong>Motorrad: 2004 aus Deuschland<strong>Der Nationalit\u00e4t nach:<\/strong><br \/>\ndie erste Gruppe aus Deutschland: 2004<br \/>\ndie erste Gruppe aus England: 2009<\/td>\n<\/tr>\n<\/tbody>\n<\/table>\n<p><strong>Mehr Erlebnisse von NAVO:<\/strong><br \/>\nSie k\u00f6nnen Reiseerlebnisse durch mehre Fotos mit NANO zusammen erleben. Alle Bilder kommen aus unsere Reisegruppen. <a href=\"https:\/\/www.navo-tour.com\/de\/motorradreisen-album\/\">https:\/\/www.navo-tour.com\/de\/motorradreisen-album\/<\/a><\/p>\n<p align=\"center\">Mit eigenem Motorrad nach China, mit der professionelle Reiseagentur<\/p>\n[\/vc_column_text][\/vc_column][vc_column width=&#8221;1\/6&#8243;][\/vc_column][\/vc_row][vc_row][vc_column]<aside class=\"gap cf\" style=\"height:50px;\"><\/aside>\t\t\t\t\t<div class=\"category_title style1\">\n\t\t\t\t<h2>Die Vorschl\u00e4ge f\u00fcr Motorradreisen in China:<\/h2>\n\t\t\t<\/div>\n\t\t\t<div class=\"posts post-grid-style10 style10-posts      row\" data-loadmore=\"#loadmore-19\" data-rand=\"19\" data-security=\"ba87799c67\">\n\t\t\t\t\t<div class=\"small-12 medium-4 columns\">\n\t\t\t<article class=\"post post-carousel-style11 post-1192 type-post status-publish format-standard has-post-thumbnail hentry category-reiserouten tag-die-motorrad-tour-in-china\" itemscope itemtype=\"http:\/\/schema.org\/Article\">\n\t<figure class=\"post-gallery\">\n\t\t\t\t<aside class=\"post-meta style2\">\n\t\t\t<a href=\"https:\/\/www.navo-tour.com\/de\/category\/reiserouten\/\" class=\"cat-reiserouten\" aria-label=\"Reiserouten\">Reiserouten<\/a>\t\t<\/aside>\n\t\t\t\t<a href=\"https:\/\/www.navo-tour.com\/de\/das-fahren-kashgar-qinghai-mohan-22-tage\/\" title=\"Das Fahren Kashgar-Qinghai-Mohan (22 Tage)\"><img loading=\"lazy\" decoding=\"async\" width=\"740\" height=\"560\" src=\"https:\/\/www.navo-tour.com\/de\/wp-content\/uploads\/2019\/06\/Das-fahren-kashgar-qinghai-mohan-22tage-20x15.jpg\" class=\"attachment-thevoux-style1-2x size-thevoux-style1-2x thb-lazyload lazyload wp-post-image\" alt=\"Das-fahren-kashgar-qinghai-mohan-22tage\" sizes=\"auto, (max-width: 740px) 100vw, 740px\" data-src=\"https:\/\/www.navo-tour.com\/de\/wp-content\/uploads\/2019\/06\/Das-fahren-kashgar-qinghai-mohan-22tage-740x560.jpg\" data-sizes=\"auto\" data-srcset=\"https:\/\/www.navo-tour.com\/de\/wp-content\/uploads\/2019\/06\/Das-fahren-kashgar-qinghai-mohan-22tage-740x560.jpg 740w, https:\/\/www.navo-tour.com\/de\/wp-content\/uploads\/2019\/06\/Das-fahren-kashgar-qinghai-mohan-22tage-370x280.jpg 370w, https:\/\/www.navo-tour.com\/de\/wp-content\/uploads\/2019\/06\/Das-fahren-kashgar-qinghai-mohan-22tage-225x169.jpg 225w, https:\/\/www.navo-tour.com\/de\/wp-content\/uploads\/2019\/06\/Das-fahren-kashgar-qinghai-mohan-22tage-20x15.jpg 20w\" \/><\/a>\n\t<\/figure>\n\t<div class=\"style11-content\">\n\t\t<div class=\"post-title\"><h5 itemprop=\"headline\"><a href=\"https:\/\/www.navo-tour.com\/de\/das-fahren-kashgar-qinghai-mohan-22-tage\/\" title=\"Das Fahren Kashgar-Qinghai-Mohan (22 Tage)\">Das Fahren Kashgar-Qinghai-Mohan (22 Tage)<\/a><\/h5><\/div>\t\t\t<aside class=\"post-author\">\n\t\t<em>by<\/em> <a href=\"https:\/\/www.navo-tour.com\/de\/author\/welcomenavotour-com\/\" title=\"Posts by NavoTour\" rel=\"author\">NavoTour<\/a>\t<\/aside>\n\t\t\t\t<aside class=\"post-bottom-meta hide\">\n\t\t<meta itemprop=\"mainEntityOfPage\" content=\"https:\/\/www.navo-tour.com\/de\/das-fahren-kashgar-qinghai-mohan-22-tage\/\">\n\t\t<span class=\"vcard author\" itemprop=\"author\" content=\"NavoTour\">\n\t\t\t<span class=\"fn\">NavoTour<\/span>\n\t\t<\/span>\n\t\t<time class=\"time publised entry-date\" datetime=\"2019-06-03T15:57:35+08:00\" itemprop=\"datePublished\" content=\"2019-06-03T15:57:35+08:00\">June 3, 2019<\/time>\n\t\t<meta itemprop=\"dateModified\" class=\"updated\" content=\"2019-09-05T15:26:06+08:00\">\n\t\t<span itemprop=\"publisher\" itemscope itemtype=\"https:\/\/schema.org\/Organization\">\n\t\t\t<meta itemprop=\"name\" content=\"Navo Tour\">\n\t\t\t<span itemprop=\"logo\" itemscope itemtype=\"https:\/\/schema.org\/ImageObject\">\n\t\t\t\t<meta itemprop=\"url\" content=\"https:\/\/www.navo-tour.com\/de\/wp-content\/themes\/thevoux-wp\/assets\/img\/logo.png\">\n\t\t\t<\/span>\n\t\t<\/span>\n\t\t\t\t\t<span itemprop=\"image\" itemscope itemtype=\"http:\/\/schema.org\/ImageObject\">\n\t\t\t\t<meta itemprop=\"url\" content=\"https:\/\/www.navo-tour.com\/de\/wp-content\/uploads\/2019\/06\/Das-fahren-kashgar-qinghai-mohan-22tage.jpg\">\n\t\t\t\t<meta itemprop=\"width\" content=\"1000\" \/>\n\t\t\t\t<meta itemprop=\"height\" content=\"750\" \/>\n\t\t\t<\/span>\n\t\t\t<\/aside>\n\t\t<\/div>\n<\/article>\n\t\t<\/div>\n\t\t\t\t\t\t\t\t\t<div class=\"small-12 medium-4 columns\">\n\t\t\t<article class=\"post post-carousel-style11 post-1196 type-post status-publish format-standard has-post-thumbnail hentry category-reiserouten tag-die-motorrad-tour-in-china\" itemscope itemtype=\"http:\/\/schema.org\/Article\">\n\t<figure class=\"post-gallery\">\n\t\t\t\t<aside class=\"post-meta style2\">\n\t\t\t<a href=\"https:\/\/www.navo-tour.com\/de\/category\/reiserouten\/\" class=\"cat-reiserouten\" aria-label=\"Reiserouten\">Reiserouten<\/a>\t\t<\/aside>\n\t\t\t\t<a href=\"https:\/\/www.navo-tour.com\/de\/das-fahren-von-mohan-nach-eren-hot-17-tage\/\" title=\"Das Fahren von Mohan nach Eren Hot (17 Tage)\"><img loading=\"lazy\" decoding=\"async\" width=\"740\" height=\"560\" src=\"https:\/\/www.navo-tour.com\/de\/wp-content\/uploads\/2019\/06\/das-fahren-von-mohan-nach-eren-hot-17tage-20x15.jpg\" class=\"attachment-thevoux-style1-2x size-thevoux-style1-2x thb-lazyload lazyload wp-post-image\" alt=\"das-fahren-von-mohan-nach-eren-hot-17tage\" sizes=\"auto, (max-width: 740px) 100vw, 740px\" data-src=\"https:\/\/www.navo-tour.com\/de\/wp-content\/uploads\/2019\/06\/das-fahren-von-mohan-nach-eren-hot-17tage-740x560.jpg\" data-sizes=\"auto\" data-srcset=\"https:\/\/www.navo-tour.com\/de\/wp-content\/uploads\/2019\/06\/das-fahren-von-mohan-nach-eren-hot-17tage-740x560.jpg 740w, https:\/\/www.navo-tour.com\/de\/wp-content\/uploads\/2019\/06\/das-fahren-von-mohan-nach-eren-hot-17tage-370x280.jpg 370w, https:\/\/www.navo-tour.com\/de\/wp-content\/uploads\/2019\/06\/das-fahren-von-mohan-nach-eren-hot-17tage-20x15.jpg 20w\" \/><\/a>\n\t<\/figure>\n\t<div class=\"style11-content\">\n\t\t<div class=\"post-title\"><h5 itemprop=\"headline\"><a href=\"https:\/\/www.navo-tour.com\/de\/das-fahren-von-mohan-nach-eren-hot-17-tage\/\" title=\"Das Fahren von Mohan nach Eren Hot (17 Tage)\">Das Fahren von Mohan nach Eren Hot (17 Tage)<\/a><\/h5><\/div>\t\t\t<aside class=\"post-author\">\n\t\t<em>by<\/em> <a href=\"https:\/\/www.navo-tour.com\/de\/author\/welcomenavotour-com\/\" title=\"Posts by NavoTour\" rel=\"author\">NavoTour<\/a>\t<\/aside>\n\t\t\t\t<aside class=\"post-bottom-meta hide\">\n\t\t<meta itemprop=\"mainEntityOfPage\" content=\"https:\/\/www.navo-tour.com\/de\/das-fahren-von-mohan-nach-eren-hot-17-tage\/\">\n\t\t<span class=\"vcard author\" itemprop=\"author\" content=\"NavoTour\">\n\t\t\t<span class=\"fn\">NavoTour<\/span>\n\t\t<\/span>\n\t\t<time class=\"time publised entry-date\" datetime=\"2019-06-03T16:18:15+08:00\" itemprop=\"datePublished\" content=\"2019-06-03T16:18:15+08:00\">June 3, 2019<\/time>\n\t\t<meta itemprop=\"dateModified\" class=\"updated\" content=\"2019-09-05T15:26:01+08:00\">\n\t\t<span itemprop=\"publisher\" itemscope itemtype=\"https:\/\/schema.org\/Organization\">\n\t\t\t<meta itemprop=\"name\" content=\"Navo Tour\">\n\t\t\t<span itemprop=\"logo\" itemscope itemtype=\"https:\/\/schema.org\/ImageObject\">\n\t\t\t\t<meta itemprop=\"url\" content=\"https:\/\/www.navo-tour.com\/de\/wp-content\/themes\/thevoux-wp\/assets\/img\/logo.png\">\n\t\t\t<\/span>\n\t\t<\/span>\n\t\t\t\t\t<span itemprop=\"image\" itemscope itemtype=\"http:\/\/schema.org\/ImageObject\">\n\t\t\t\t<meta itemprop=\"url\" content=\"https:\/\/www.navo-tour.com\/de\/wp-content\/uploads\/2019\/06\/das-fahren-von-mohan-nach-eren-hot-17tage.jpg\">\n\t\t\t\t<meta itemprop=\"width\" content=\"1000\" \/>\n\t\t\t\t<meta itemprop=\"height\" content=\"667\" \/>\n\t\t\t<\/span>\n\t\t\t<\/aside>\n\t\t<\/div>\n<\/article>\n\t\t<\/div>\n\t\t\t\t\t\t\t\t\t<div class=\"small-12 medium-4 columns\">\n\t\t\t<article class=\"post post-carousel-style11 post-1200 type-post status-publish format-standard has-post-thumbnail hentry category-reiserouten tag-die-motorrad-tour-in-china\" itemscope itemtype=\"http:\/\/schema.org\/Article\">\n\t<figure class=\"post-gallery\">\n\t\t\t\t<aside class=\"post-meta style2\">\n\t\t\t<a href=\"https:\/\/www.navo-tour.com\/de\/category\/reiserouten\/\" class=\"cat-reiserouten\" aria-label=\"Reiserouten\">Reiserouten<\/a>\t\t<\/aside>\n\t\t\t\t<a href=\"https:\/\/www.navo-tour.com\/de\/das-fahren-mohan-chengdu-xian-horgos-24-tage\/\" title=\"Das Fahren Mohan-Chengdu-Xian-Horgos (24 Tage)\"><img loading=\"lazy\" decoding=\"async\" width=\"740\" height=\"560\" src=\"https:\/\/www.navo-tour.com\/de\/wp-content\/uploads\/2019\/06\/das-fahren-mohan-chengdu-xian-horgos-24tage-20x15.jpg\" class=\"attachment-thevoux-style1-2x size-thevoux-style1-2x thb-lazyload lazyload wp-post-image\" alt=\"das-fahren-mohan-chengdu-xian-horgos-24tage\" sizes=\"auto, (max-width: 740px) 100vw, 740px\" data-src=\"https:\/\/www.navo-tour.com\/de\/wp-content\/uploads\/2019\/06\/das-fahren-mohan-chengdu-xian-horgos-24tage-740x560.jpg\" data-sizes=\"auto\" data-srcset=\"https:\/\/www.navo-tour.com\/de\/wp-content\/uploads\/2019\/06\/das-fahren-mohan-chengdu-xian-horgos-24tage-740x560.jpg 740w, https:\/\/www.navo-tour.com\/de\/wp-content\/uploads\/2019\/06\/das-fahren-mohan-chengdu-xian-horgos-24tage-370x280.jpg 370w, https:\/\/www.navo-tour.com\/de\/wp-content\/uploads\/2019\/06\/das-fahren-mohan-chengdu-xian-horgos-24tage-20x15.jpg 20w\" \/><\/a>\n\t<\/figure>\n\t<div class=\"style11-content\">\n\t\t<div class=\"post-title\"><h5 itemprop=\"headline\"><a href=\"https:\/\/www.navo-tour.com\/de\/das-fahren-mohan-chengdu-xian-horgos-24-tage\/\" title=\"Das Fahren Mohan-Chengdu-Xian-Horgos (24 Tage)\">Das Fahren Mohan-Chengdu-Xian-Horgos (24 Tage)<\/a><\/h5><\/div>\t\t\t<aside class=\"post-author\">\n\t\t<em>by<\/em> <a href=\"https:\/\/www.navo-tour.com\/de\/author\/welcomenavotour-com\/\" title=\"Posts by NavoTour\" rel=\"author\">NavoTour<\/a>\t<\/aside>\n\t\t\t\t<aside class=\"post-bottom-meta hide\">\n\t\t<meta itemprop=\"mainEntityOfPage\" content=\"https:\/\/www.navo-tour.com\/de\/das-fahren-mohan-chengdu-xian-horgos-24-tage\/\">\n\t\t<span class=\"vcard author\" itemprop=\"author\" content=\"NavoTour\">\n\t\t\t<span class=\"fn\">NavoTour<\/span>\n\t\t<\/span>\n\t\t<time class=\"time publised entry-date\" datetime=\"2019-06-03T16:25:05+08:00\" itemprop=\"datePublished\" content=\"2019-06-03T16:25:05+08:00\">June 3, 2019<\/time>\n\t\t<meta itemprop=\"dateModified\" class=\"updated\" content=\"2019-09-05T15:27:25+08:00\">\n\t\t<span itemprop=\"publisher\" itemscope itemtype=\"https:\/\/schema.org\/Organization\">\n\t\t\t<meta itemprop=\"name\" content=\"Navo Tour\">\n\t\t\t<span itemprop=\"logo\" itemscope itemtype=\"https:\/\/schema.org\/ImageObject\">\n\t\t\t\t<meta itemprop=\"url\" content=\"https:\/\/www.navo-tour.com\/de\/wp-content\/themes\/thevoux-wp\/assets\/img\/logo.png\">\n\t\t\t<\/span>\n\t\t<\/span>\n\t\t\t\t\t<span itemprop=\"image\" itemscope itemtype=\"http:\/\/schema.org\/ImageObject\">\n\t\t\t\t<meta itemprop=\"url\" content=\"https:\/\/www.navo-tour.com\/de\/wp-content\/uploads\/2019\/06\/das-fahren-mohan-chengdu-xian-horgos-24tage.jpg\">\n\t\t\t\t<meta itemprop=\"width\" content=\"1000\" \/>\n\t\t\t\t<meta itemprop=\"height\" content=\"667\" \/>\n\t\t\t<\/span>\n\t\t\t<\/aside>\n\t\t<\/div>\n<\/article>\n\t\t<\/div>\n\t\t\t\t\t\t\t\t\t<div class=\"small-12 medium-4 columns\">\n\t\t\t<article class=\"post post-carousel-style11 post-1203 type-post status-publish format-standard has-post-thumbnail hentry category-reiserouten tag-die-motorrad-tour-in-china\" itemscope itemtype=\"http:\/\/schema.org\/Article\">\n\t<figure class=\"post-gallery\">\n\t\t\t\t<aside class=\"post-meta style2\">\n\t\t\t<a href=\"https:\/\/www.navo-tour.com\/de\/category\/reiserouten\/\" class=\"cat-reiserouten\" aria-label=\"Reiserouten\">Reiserouten<\/a>\t\t<\/aside>\n\t\t\t\t<a href=\"https:\/\/www.navo-tour.com\/de\/das-fahren-eren-hot-chengdu-mohan-18-tage\/\" title=\"Das Fahren Eren Hot-Chengdu-Mohan (18 Tage)\"><img loading=\"lazy\" decoding=\"async\" width=\"740\" height=\"560\" src=\"https:\/\/www.navo-tour.com\/de\/wp-content\/uploads\/2019\/06\/das-fahren-von-mohan-nach-eren-hot-17tage-1-20x15.jpg\" class=\"attachment-thevoux-style1-2x size-thevoux-style1-2x thb-lazyload lazyload wp-post-image\" alt=\"das-fahren-von-mohan-nach-eren-hot-17tage\" sizes=\"auto, (max-width: 740px) 100vw, 740px\" data-src=\"https:\/\/www.navo-tour.com\/de\/wp-content\/uploads\/2019\/06\/das-fahren-von-mohan-nach-eren-hot-17tage-1-740x560.jpg\" data-sizes=\"auto\" data-srcset=\"https:\/\/www.navo-tour.com\/de\/wp-content\/uploads\/2019\/06\/das-fahren-von-mohan-nach-eren-hot-17tage-1-740x560.jpg 740w, https:\/\/www.navo-tour.com\/de\/wp-content\/uploads\/2019\/06\/das-fahren-von-mohan-nach-eren-hot-17tage-1-370x280.jpg 370w, https:\/\/www.navo-tour.com\/de\/wp-content\/uploads\/2019\/06\/das-fahren-von-mohan-nach-eren-hot-17tage-1-20x15.jpg 20w\" \/><\/a>\n\t<\/figure>\n\t<div class=\"style11-content\">\n\t\t<div class=\"post-title\"><h5 itemprop=\"headline\"><a href=\"https:\/\/www.navo-tour.com\/de\/das-fahren-eren-hot-chengdu-mohan-18-tage\/\" title=\"Das Fahren Eren Hot-Chengdu-Mohan (18 Tage)\">Das Fahren Eren Hot-Chengdu-Mohan (18 Tage)<\/a><\/h5><\/div>\t\t\t<aside class=\"post-author\">\n\t\t<em>by<\/em> <a href=\"https:\/\/www.navo-tour.com\/de\/author\/welcomenavotour-com\/\" title=\"Posts by NavoTour\" rel=\"author\">NavoTour<\/a>\t<\/aside>\n\t\t\t\t<aside class=\"post-bottom-meta hide\">\n\t\t<meta itemprop=\"mainEntityOfPage\" content=\"https:\/\/www.navo-tour.com\/de\/das-fahren-eren-hot-chengdu-mohan-18-tage\/\">\n\t\t<span class=\"vcard author\" itemprop=\"author\" content=\"NavoTour\">\n\t\t\t<span class=\"fn\">NavoTour<\/span>\n\t\t<\/span>\n\t\t<time class=\"time publised entry-date\" datetime=\"2019-06-03T16:29:33+08:00\" itemprop=\"datePublished\" content=\"2019-06-03T16:29:33+08:00\">June 3, 2019<\/time>\n\t\t<meta itemprop=\"dateModified\" class=\"updated\" content=\"2019-09-05T15:27:47+08:00\">\n\t\t<span itemprop=\"publisher\" itemscope itemtype=\"https:\/\/schema.org\/Organization\">\n\t\t\t<meta itemprop=\"name\" content=\"Navo Tour\">\n\t\t\t<span itemprop=\"logo\" itemscope itemtype=\"https:\/\/schema.org\/ImageObject\">\n\t\t\t\t<meta itemprop=\"url\" content=\"https:\/\/www.navo-tour.com\/de\/wp-content\/themes\/thevoux-wp\/assets\/img\/logo.png\">\n\t\t\t<\/span>\n\t\t<\/span>\n\t\t\t\t\t<span itemprop=\"image\" itemscope itemtype=\"http:\/\/schema.org\/ImageObject\">\n\t\t\t\t<meta itemprop=\"url\" content=\"https:\/\/www.navo-tour.com\/de\/wp-content\/uploads\/2019\/06\/das-fahren-von-mohan-nach-eren-hot-17tage-1.jpg\">\n\t\t\t\t<meta itemprop=\"width\" content=\"1000\" \/>\n\t\t\t\t<meta itemprop=\"height\" content=\"667\" \/>\n\t\t\t<\/span>\n\t\t\t<\/aside>\n\t\t<\/div>\n<\/article>\n\t\t<\/div>\n\t\t\t\t\t\t\t\t\t\t\t<\/div>\n\t\t[\/vc_column][\/vc_row]\n<\/div>","protected":false},"excerpt":{"rendered":"<p>[vc_row][vc_column][\/vc_column][\/vc_row][vc_row][vc_column][vc_column_text] Weltreise mit eigenem Motorrad nach China [\/vc_column_text][\/vc_column][\/vc_row][vc_row][vc_column width=&#8221;1\/6&#8243;][\/vc_column][vc_column width=&#8221;2\/3&#8243;][vc_column_text]NAVO ist eine der professionellen Reiseagenturen in China f\u00fcr Spezialreisen.\u00a0Seit 1993 spezialisieren wir uns auf die Organisation der anspruchsvollen Abenteuer-Reisen. NAVO ist eine der Reiseagenturen, die die ausl\u00e4ndischen Reisenden mit eigenem Auto nach China organisiert. 1994 kam unsere erste Gruppe mit eigenem Auto aus Deutschland: https:\/\/www.navo-tour.com\/de\/selbstfahrerreisen-china\/&hellip;<\/p>\n","protected":false},"author":1,"featured_media":0,"parent":0,"menu_order":0,"comment_status":"closed","ping_status":"closed","template":"","meta":{"footnotes":""},"class_list":["post-609","page","type-page","status-publish","hentry"],"_links":{"self":[{"href":"https:\/\/www.navo-tour.com\/de\/wp-json\/wp\/v2\/pages\/609","targetHints":{"allow":["GET"]}}],"collection":[{"href":"https:\/\/www.navo-tour.com\/de\/wp-json\/wp\/v2\/pages"}],"about":[{"href":"https:\/\/www.navo-tour.com\/de\/wp-json\/wp\/v2\/types\/page"}],"author":[{"embeddable":true,"href":"https:\/\/www.navo-tour.com\/de\/wp-json\/wp\/v2\/users\/1"}],"replies":[{"embeddable":true,"href":"https:\/\/www.navo-tour.com\/de\/wp-json\/wp\/v2\/comments?post=609"}],"version-history":[{"count":0,"href":"https:\/\/www.navo-tour.com\/de\/wp-json\/wp\/v2\/pages\/609\/revisions"}],"wp:attachment":[{"href":"https:\/\/www.navo-tour.com\/de\/wp-json\/wp\/v2\/media?parent=609"}],"curies":[{"name":"wp","href":"https:\/\/api.w.org\/{rel}","templated":true}]}}