{"id":645,"date":"2019-04-29T15:49:05","date_gmt":"2019-04-29T07:49:05","guid":{"rendered":"https:\/\/navo-tour.com\/?page_id=645"},"modified":"2019-11-22T11:26:23","modified_gmt":"2019-11-22T03:26:23","slug":"fotografiereisen","status":"publish","type":"page","link":"https:\/\/www.navo-tour.com\/de\/fotografiereisen\/","title":{"rendered":"Fotografiereisen"},"content":{"rendered":"<div class=\"wpb-content-wrapper\">[vc_row][vc_column]<aside class=\"gap cf\" style=\"height:20px;\"><\/aside><img loading=\"lazy\" decoding=\"async\" width=\"1200\" height=\"300\" src=\"data:image\/gif;base64,R0lGODlhAQABAAAAACH5BAEKAAEALAAAAAABAAEAAAICTAEAOw==\" class=\"thb_image  left full  attachment-full thb-lazyload lazyload\" alt=\"fotografie-tour\" title=\"fotografie-tour-banner\" sizes=\"auto, (max-width: 1200px) 100vw, 1200px\" data-src=\"https:\/\/www.navo-tour.com\/de\/wp-content\/uploads\/2019\/09\/fotografie-tour-banner.jpg\" data-sizes=\"auto\" data-srcset=\"https:\/\/www.navo-tour.com\/de\/wp-content\/uploads\/2019\/09\/fotografie-tour-banner.jpg 1200w, https:\/\/www.navo-tour.com\/de\/wp-content\/uploads\/2019\/09\/fotografie-tour-banner-300x75.jpg 300w, https:\/\/www.navo-tour.com\/de\/wp-content\/uploads\/2019\/09\/fotografie-tour-banner-768x192.jpg 768w, https:\/\/www.navo-tour.com\/de\/wp-content\/uploads\/2019\/09\/fotografie-tour-banner-1024x256.jpg 1024w, https:\/\/www.navo-tour.com\/de\/wp-content\/uploads\/2019\/09\/fotografie-tour-banner-450x113.jpg 450w, https:\/\/www.navo-tour.com\/de\/wp-content\/uploads\/2019\/09\/fotografie-tour-banner-225x56.jpg 225w, https:\/\/www.navo-tour.com\/de\/wp-content\/uploads\/2019\/09\/fotografie-tour-banner-900x225.jpg 900w, https:\/\/www.navo-tour.com\/de\/wp-content\/uploads\/2019\/09\/fotografie-tour-banner-20x5.jpg 20w\" \/>[\/vc_column][\/vc_row][vc_row][vc_column]<aside class=\"gap cf\" style=\"height:20px;\"><\/aside>[vc_column_text]\n<h1 style=\"text-align: center;\"><strong><span style=\"color: #800000;\">China Fotografiereisen<\/span><\/strong><\/h1>\n[\/vc_column_text][\/vc_column][\/vc_row][vc_row][vc_column width=&#8221;1\/6&#8243;][\/vc_column][vc_column width=&#8221;2\/3&#8243;]<aside class=\"gap cf\" style=\"height:20px;\"><\/aside>[vc_column_text]<strong>Einleitung:<\/strong><\/p>\n<p>Im Jahr 2000 wurde eine abenteuerliche Fotoreise \u201c Nach Tibet-den Regenbogen im Traum nachsuchen\u201d von Tibet Hotel veranstaltet.Dank der vielj\u00e4hrigen professionellen Erfahrung der Reiseorganisation im Gebiet Sichuan und Tibet hat der NAVO-Gegr\u00fcnder Herr Li Yaxi diese Tour organisiert. Das war die erste Fotoreisegruppe von NAVO. Die Tour dauerte ein Monat. 14 Gel\u00e4ndefahrzeuge wurden verwendet. Die Gruppe fuhr von Chengdu entlang die S\u00fcdliche Sichuan-Tibet Strasse via Kangding, Litang, Zuogong, Chamdo, dann entlang die Nordliche Sichuan-Tibet Strasse via Riwoche, Suoxian nach Lhasa.Von Lhasa nach Nyingchi, Tsedang, Shigatse, zum Schluss Ankunft im Rongbuk Kloster und EBC. Die Volkspresse, Xinhua Presseagentur, Sichuan Nachrichtensender, Chengdu Nachrichtensender, Fotografie Zeitung haben an der Reise teilgenommen und benachrichtigt.[\/vc_column_text]<aside class=\"gap cf\" style=\"height:20px;\"><\/aside>[vc_toggle title=&#8221;Seit 2000 haben wir folgende typische Fotoreisen organisiert:&#8221; custom_font_container=&#8221;tag:h3|text_align:center|color:%231e73be&#8221; custom_use_theme_fonts=&#8221;yes&#8221; use_custom_heading=&#8221;true&#8221;]2002 empfingen wir die erste Fotografiegruppe aus Frankreich. Es fand im Gebiet Sichuan statt, Litang-Xilong-Gartse-Danba-Siguniang Berg.<\/p>\n<p>Im Oktober 2002 empfingen wir die erste Fotografiegruppe aus Taiwan in Daocheng und Yading. Alle Reisende sind Teilnehmer der Fotografievereine in Taiwan. Von ihnen haben wir viele Betriebsweisen der Fotoreise gelernt. Sie k\u00f6nnen als unser Lehrer angesehen werden.<\/p>\n<p>Ende April 2003 kam eine Fotoreisegruppe aus Frankreich zum S\u00fcden von Qinghai, Tongde-Xunhua-Jianzha. Damals war SARS in China, die Tour war die einzige ausl\u00e4ndische Gruppe in Qinghai. Alle Reisende wurden jeden Tag untersucht und waren im Verlauf heil und sicher.<\/p>\n<p>Im Oktober 2003 kam eine Fotoreisegruppe aus Frankreich in Tibet an. Die Reisenden gingen via den Basun See, Nyingchi, das Yarlung Zangbo-Tal, Milin, Langxian und Tsedang, besonders im menschenleeren Gebiet Lamula See, Qiongjie, Tsomei.<\/p>\n<p>Im Mai 2004 erreichte eine Fotoreisegruppe aus Taiwan von Lhasa ab im ECB, heiligen Berg-Kailash, heiligen See-Manasarovar, Guge Reich, Shiquanhe und menschenleeren Gebiet im Nord Tibet. Sie waren sehr gl\u00fccklich. Jeder Teilnehmer hat 100 bis 200 Filme verbraucht.<\/p>\n<p>Im Oktober 2004 organisierte NAVO wieder erfolgreich einige Fotoreisegruppen aus Taiwan in Kham \u2013 Sichuan, Tibet, Daocheng, Xiangcheng, Deqin, Meili Schneeberg, Lijiang, Jaderdrachen Schneeberg usw.<\/p>\n<p>Im Juli 2005 organisierte NAVO einige Fotoreisegruppen aus Taiwan quer durch die Provinz Qinghai \u2013 Xining, Koko Nor See, Yushu, Rangqian, Riwuchoi, Chamdo, Rawok See, Nyingchi, Langxian, Tsedang, Lhasa. Die Route bietete den Fotografie-Liebhaber intensive Erlebnisse.<\/p>\n<p>Im Juli 2005 empfingen wir den franz\u00f6sischen Fotografen Remi Benali, der im Auftrag von FIGARO MAGAZINE in Kham eine spezielle Reise und Bericht machte. W\u00e4hrend des Verlaufs in 24 Tagen arrangierten wir sie in Amdo-Kham, beim Pferderennenfest in Litang, Tagong, heiligen Berg Yala, Gartse, heilige buddhistische B\u00fccher Druckerei in Dege, Bage Mani-Steine(die l\u00e4ngste Wand) und Songge Mani-Steine Stadt in Sexu, Rangtang, Aba Kloster, Jiuzhi und heiligen Berg Nibaoyuze.<\/p>\n<p>Im April 2006 folgte ein frantz\u00f6sischer Fotografie-Journalist einer unserer Trekkinggruppe in Badain Jaran W\u00fcste. Er hat dar\u00fcber berichtet.[\/vc_toggle]<aside class=\"gap cf\" style=\"height:20px;\"><\/aside>[vc_column_text]Mehre Ftoreiserouten stehen in unserer Plannung. Wir warten auf die n\u00e4chste Fotoreise, das n\u00e4chste wundersch\u00f6nere Bild und Ihre Aufmerksamkeit.Wir \u00fcberzeugen davon, dass wir als eine spezialisierte Reiseorganisation f\u00fcr Sie mehre passende Routen und Ziele entwerfen.<\/p>\n<p class=\"text\"><span style=\"color: #cc0000;\"><strong>Ihr n\u00e4chstes Foto ist immer in Erwartung wert.<\/strong><\/span><\/p>\n<p><a href=\"https:\/\/www.navo-tour.com\/de\/pferderennenfest-in-litang\/\"><strong><u>Fotoreise: Pferderennenfest<\/u><\/strong><\/a><\/p>\n<p><a href=\"https:\/\/www.navo-tour.com\/de\/das-tibetische-neujahrsfest-losar-tour-in-aba-10tage\/\"><strong><u>Fotoreise: Tibetische Neujahrsfest (Losar)<\/u><\/strong><\/a>[\/vc_column_text][\/vc_column][vc_column width=&#8221;1\/6&#8243;][\/vc_column][\/vc_row][vc_row][vc_column]<aside class=\"gap cf\" style=\"height:60px;\"><\/aside>\t\t\t\t\t<div class=\"category_title style1\">\n\t\t\t\t<h2>Die vorgeschlagenen Reiserouten der Fototour in China:<\/h2>\n\t\t\t<\/div>\n\t\t\t<div class=\"posts post-grid-style10 style10-posts      row\" data-loadmore=\"#loadmore-71\" data-rand=\"71\" data-security=\"ba87799c67\">\n\t\t\t\t\t<div class=\"small-12 medium-4 columns\">\n\t\t\t<article class=\"post post-carousel-style11 post-5595 type-post status-publish format-standard has-post-thumbnail hentry category-reiserouten tag-die-fotografie-tour-in-china\" itemscope itemtype=\"http:\/\/schema.org\/Article\">\n\t<figure class=\"post-gallery\">\n\t\t\t\t<aside class=\"post-meta style2\">\n\t\t\t<a href=\"https:\/\/www.navo-tour.com\/de\/category\/reiserouten\/\" class=\"cat-reiserouten\" aria-label=\"Reiserouten\">Reiserouten<\/a>\t\t<\/aside>\n\t\t\t\t<a href=\"https:\/\/www.navo-tour.com\/de\/china-photografie-tour-von-sichuan-nach-lhasa-16tage\/\" title=\"China Photografie Tour (von Sichuan nach Lhasa, 16 Tage)\"><img loading=\"lazy\" decoding=\"async\" width=\"740\" height=\"560\" src=\"https:\/\/www.navo-tour.com\/de\/wp-content\/uploads\/2019\/07\/china-photografie-tour-von-sichuan-nach-lhasa-16tage-20x15.jpg\" class=\"attachment-thevoux-style1-2x size-thevoux-style1-2x thb-lazyload lazyload wp-post-image\" alt=\"china-photografie-tour-von-sichuan-nach-lhasa-16tage\" sizes=\"auto, (max-width: 740px) 100vw, 740px\" data-src=\"https:\/\/www.navo-tour.com\/de\/wp-content\/uploads\/2019\/07\/china-photografie-tour-von-sichuan-nach-lhasa-16tage-740x560.jpg\" data-sizes=\"auto\" data-srcset=\"https:\/\/www.navo-tour.com\/de\/wp-content\/uploads\/2019\/07\/china-photografie-tour-von-sichuan-nach-lhasa-16tage-740x560.jpg 740w, https:\/\/www.navo-tour.com\/de\/wp-content\/uploads\/2019\/07\/china-photografie-tour-von-sichuan-nach-lhasa-16tage-370x280.jpg 370w, https:\/\/www.navo-tour.com\/de\/wp-content\/uploads\/2019\/07\/china-photografie-tour-von-sichuan-nach-lhasa-16tage-225x169.jpg 225w, https:\/\/www.navo-tour.com\/de\/wp-content\/uploads\/2019\/07\/china-photografie-tour-von-sichuan-nach-lhasa-16tage-20x15.jpg 20w\" \/><\/a>\n\t<\/figure>\n\t<div class=\"style11-content\">\n\t\t<div class=\"post-title\"><h5 itemprop=\"headline\"><a href=\"https:\/\/www.navo-tour.com\/de\/china-photografie-tour-von-sichuan-nach-lhasa-16tage\/\" title=\"China Photografie Tour (von Sichuan nach Lhasa, 16 Tage)\">China Photografie Tour (von Sichuan nach Lhasa, 16 Tage)<\/a><\/h5><\/div>\t\t\t<aside class=\"post-author\">\n\t\t<em>by<\/em> <a href=\"https:\/\/www.navo-tour.com\/de\/author\/welcomenavotour-com\/\" title=\"Posts by NavoTour\" rel=\"author\">NavoTour<\/a>\t<\/aside>\n\t\t\t\t<aside class=\"post-bottom-meta hide\">\n\t\t<meta itemprop=\"mainEntityOfPage\" content=\"https:\/\/www.navo-tour.com\/de\/china-photografie-tour-von-sichuan-nach-lhasa-16tage\/\">\n\t\t<span class=\"vcard author\" itemprop=\"author\" content=\"NavoTour\">\n\t\t\t<span class=\"fn\">NavoTour<\/span>\n\t\t<\/span>\n\t\t<time class=\"time publised entry-date\" datetime=\"2019-07-15T11:35:28+08:00\" itemprop=\"datePublished\" content=\"2019-07-15T11:35:28+08:00\">July 15, 2019<\/time>\n\t\t<meta itemprop=\"dateModified\" class=\"updated\" content=\"2019-09-20T14:35:44+08:00\">\n\t\t<span itemprop=\"publisher\" itemscope itemtype=\"https:\/\/schema.org\/Organization\">\n\t\t\t<meta itemprop=\"name\" content=\"Navo Tour\">\n\t\t\t<span itemprop=\"logo\" itemscope itemtype=\"https:\/\/schema.org\/ImageObject\">\n\t\t\t\t<meta itemprop=\"url\" content=\"https:\/\/www.navo-tour.com\/de\/wp-content\/themes\/thevoux-wp\/assets\/img\/logo.png\">\n\t\t\t<\/span>\n\t\t<\/span>\n\t\t\t\t\t<span itemprop=\"image\" itemscope itemtype=\"http:\/\/schema.org\/ImageObject\">\n\t\t\t\t<meta itemprop=\"url\" content=\"https:\/\/www.navo-tour.com\/de\/wp-content\/uploads\/2019\/07\/china-photografie-tour-von-sichuan-nach-lhasa-16tage.jpg\">\n\t\t\t\t<meta itemprop=\"width\" content=\"1000\" \/>\n\t\t\t\t<meta itemprop=\"height\" content=\"750\" \/>\n\t\t\t<\/span>\n\t\t\t<\/aside>\n\t\t<\/div>\n<\/article>\n\t\t<\/div>\n\t\t\t\t\t\t\t\t\t<div class=\"small-12 medium-4 columns\">\n\t\t\t<article class=\"post post-carousel-style11 post-5597 type-post status-publish format-standard has-post-thumbnail hentry category-reiserouten tag-die-fotografie-tour-in-china\" itemscope itemtype=\"http:\/\/schema.org\/Article\">\n\t<figure class=\"post-gallery\">\n\t\t\t\t<aside class=\"post-meta style2\">\n\t\t\t<a href=\"https:\/\/www.navo-tour.com\/de\/category\/reiserouten\/\" class=\"cat-reiserouten\" aria-label=\"Reiserouten\">Reiserouten<\/a>\t\t<\/aside>\n\t\t\t\t<a href=\"https:\/\/www.navo-tour.com\/de\/sudlich-china-photograpie-tour-yunnan-guizhou-hunan-15tage\/\" title=\"S\u00fcdlich China Photograpie Tour (Yunnan-Guizhou-Hunan, 15 Tage)\"><img loading=\"lazy\" decoding=\"async\" width=\"740\" height=\"560\" src=\"https:\/\/www.navo-tour.com\/de\/wp-content\/uploads\/2019\/07\/s\u00fcdlich-china-photograpie-tour-yunnan-guizhou-hunan-15tage-20x15.jpg\" class=\"attachment-thevoux-style1-2x size-thevoux-style1-2x thb-lazyload lazyload wp-post-image\" alt=\"s\u00fcdlich-china-photograpie-tour-yunnan-guizhou-hunan-15tage\" sizes=\"auto, (max-width: 740px) 100vw, 740px\" data-src=\"https:\/\/www.navo-tour.com\/de\/wp-content\/uploads\/2019\/07\/s\u00fcdlich-china-photograpie-tour-yunnan-guizhou-hunan-15tage-740x560.jpg\" data-sizes=\"auto\" data-srcset=\"https:\/\/www.navo-tour.com\/de\/wp-content\/uploads\/2019\/07\/s\u00fcdlich-china-photograpie-tour-yunnan-guizhou-hunan-15tage-740x560.jpg 740w, https:\/\/www.navo-tour.com\/de\/wp-content\/uploads\/2019\/07\/s\u00fcdlich-china-photograpie-tour-yunnan-guizhou-hunan-15tage-370x280.jpg 370w, https:\/\/www.navo-tour.com\/de\/wp-content\/uploads\/2019\/07\/s\u00fcdlich-china-photograpie-tour-yunnan-guizhou-hunan-15tage-225x169.jpg 225w, https:\/\/www.navo-tour.com\/de\/wp-content\/uploads\/2019\/07\/s\u00fcdlich-china-photograpie-tour-yunnan-guizhou-hunan-15tage-20x15.jpg 20w\" \/><\/a>\n\t<\/figure>\n\t<div class=\"style11-content\">\n\t\t<div class=\"post-title\"><h5 itemprop=\"headline\"><a href=\"https:\/\/www.navo-tour.com\/de\/sudlich-china-photograpie-tour-yunnan-guizhou-hunan-15tage\/\" title=\"S\u00fcdlich China Photograpie Tour (Yunnan-Guizhou-Hunan, 15 Tage)\">S\u00fcdlich China Photograpie Tour (Yunnan-Guizhou-Hunan, 15 Tage)<\/a><\/h5><\/div>\t\t\t<aside class=\"post-author\">\n\t\t<em>by<\/em> <a href=\"https:\/\/www.navo-tour.com\/de\/author\/welcomenavotour-com\/\" title=\"Posts by NavoTour\" rel=\"author\">NavoTour<\/a>\t<\/aside>\n\t\t\t\t<aside class=\"post-bottom-meta hide\">\n\t\t<meta itemprop=\"mainEntityOfPage\" content=\"https:\/\/www.navo-tour.com\/de\/sudlich-china-photograpie-tour-yunnan-guizhou-hunan-15tage\/\">\n\t\t<span class=\"vcard author\" itemprop=\"author\" content=\"NavoTour\">\n\t\t\t<span class=\"fn\">NavoTour<\/span>\n\t\t<\/span>\n\t\t<time class=\"time publised entry-date\" datetime=\"2019-07-15T11:40:21+08:00\" itemprop=\"datePublished\" content=\"2019-07-15T11:40:21+08:00\">July 15, 2019<\/time>\n\t\t<meta itemprop=\"dateModified\" class=\"updated\" content=\"2019-09-20T14:36:02+08:00\">\n\t\t<span itemprop=\"publisher\" itemscope itemtype=\"https:\/\/schema.org\/Organization\">\n\t\t\t<meta itemprop=\"name\" content=\"Navo Tour\">\n\t\t\t<span itemprop=\"logo\" itemscope itemtype=\"https:\/\/schema.org\/ImageObject\">\n\t\t\t\t<meta itemprop=\"url\" content=\"https:\/\/www.navo-tour.com\/de\/wp-content\/themes\/thevoux-wp\/assets\/img\/logo.png\">\n\t\t\t<\/span>\n\t\t<\/span>\n\t\t\t\t\t<span itemprop=\"image\" itemscope itemtype=\"http:\/\/schema.org\/ImageObject\">\n\t\t\t\t<meta itemprop=\"url\" content=\"https:\/\/www.navo-tour.com\/de\/wp-content\/uploads\/2019\/07\/s\u00fcdlich-china-photograpie-tour-yunnan-guizhou-hunan-15tage.jpg\">\n\t\t\t\t<meta itemprop=\"width\" content=\"1000\" \/>\n\t\t\t\t<meta itemprop=\"height\" content=\"750\" \/>\n\t\t\t<\/span>\n\t\t\t<\/aside>\n\t\t<\/div>\n<\/article>\n\t\t<\/div>\n\t\t\t\t\t\t\t\t\t<div class=\"small-12 medium-4 columns\">\n\t\t\t<article class=\"post post-carousel-style11 post-5599 type-post status-publish format-standard has-post-thumbnail hentry category-reiserouten tag-die-fotografie-tour-in-china\" itemscope itemtype=\"http:\/\/schema.org\/Article\">\n\t<figure class=\"post-gallery\">\n\t\t\t\t<aside class=\"post-meta style2\">\n\t\t\t<a href=\"https:\/\/www.navo-tour.com\/de\/category\/reiserouten\/\" class=\"cat-reiserouten\" aria-label=\"Reiserouten\">Reiserouten<\/a>\t\t<\/aside>\n\t\t\t\t<a href=\"https:\/\/www.navo-tour.com\/de\/tibet-photografie-tour-24tage\/\" title=\"Tibet Photografie Tour (24 Tage)\"><img loading=\"lazy\" decoding=\"async\" width=\"740\" height=\"560\" src=\"https:\/\/www.navo-tour.com\/de\/wp-content\/uploads\/2019\/07\/tibet-photografie-tour-24tage-20x15.jpg\" class=\"attachment-thevoux-style1-2x size-thevoux-style1-2x thb-lazyload lazyload wp-post-image\" alt=\"tibet-photografie-tour-24tage\" sizes=\"auto, (max-width: 740px) 100vw, 740px\" data-src=\"https:\/\/www.navo-tour.com\/de\/wp-content\/uploads\/2019\/07\/tibet-photografie-tour-24tage-740x560.jpg\" data-sizes=\"auto\" data-srcset=\"https:\/\/www.navo-tour.com\/de\/wp-content\/uploads\/2019\/07\/tibet-photografie-tour-24tage-740x560.jpg 740w, https:\/\/www.navo-tour.com\/de\/wp-content\/uploads\/2019\/07\/tibet-photografie-tour-24tage-370x280.jpg 370w, https:\/\/www.navo-tour.com\/de\/wp-content\/uploads\/2019\/07\/tibet-photografie-tour-24tage-20x15.jpg 20w\" \/><\/a>\n\t<\/figure>\n\t<div class=\"style11-content\">\n\t\t<div class=\"post-title\"><h5 itemprop=\"headline\"><a href=\"https:\/\/www.navo-tour.com\/de\/tibet-photografie-tour-24tage\/\" title=\"Tibet Photografie Tour (24 Tage)\">Tibet Photografie Tour (24 Tage)<\/a><\/h5><\/div>\t\t\t<aside class=\"post-author\">\n\t\t<em>by<\/em> <a href=\"https:\/\/www.navo-tour.com\/de\/author\/welcomenavotour-com\/\" title=\"Posts by NavoTour\" rel=\"author\">NavoTour<\/a>\t<\/aside>\n\t\t\t\t<aside class=\"post-bottom-meta hide\">\n\t\t<meta itemprop=\"mainEntityOfPage\" content=\"https:\/\/www.navo-tour.com\/de\/tibet-photografie-tour-24tage\/\">\n\t\t<span class=\"vcard author\" itemprop=\"author\" content=\"NavoTour\">\n\t\t\t<span class=\"fn\">NavoTour<\/span>\n\t\t<\/span>\n\t\t<time class=\"time publised entry-date\" datetime=\"2019-07-15T11:46:20+08:00\" itemprop=\"datePublished\" content=\"2019-07-15T11:46:20+08:00\">July 15, 2019<\/time>\n\t\t<meta itemprop=\"dateModified\" class=\"updated\" content=\"2019-09-20T14:35:30+08:00\">\n\t\t<span itemprop=\"publisher\" itemscope itemtype=\"https:\/\/schema.org\/Organization\">\n\t\t\t<meta itemprop=\"name\" content=\"Navo Tour\">\n\t\t\t<span itemprop=\"logo\" itemscope itemtype=\"https:\/\/schema.org\/ImageObject\">\n\t\t\t\t<meta itemprop=\"url\" content=\"https:\/\/www.navo-tour.com\/de\/wp-content\/themes\/thevoux-wp\/assets\/img\/logo.png\">\n\t\t\t<\/span>\n\t\t<\/span>\n\t\t\t\t\t<span itemprop=\"image\" itemscope itemtype=\"http:\/\/schema.org\/ImageObject\">\n\t\t\t\t<meta itemprop=\"url\" content=\"https:\/\/www.navo-tour.com\/de\/wp-content\/uploads\/2019\/07\/tibet-photografie-tour-24tage.jpg\">\n\t\t\t\t<meta itemprop=\"width\" content=\"1000\" \/>\n\t\t\t\t<meta itemprop=\"height\" content=\"667\" \/>\n\t\t\t<\/span>\n\t\t\t<\/aside>\n\t\t<\/div>\n<\/article>\n\t\t<\/div>\n\t\t\t\t\t\t\t\t\t<div class=\"small-12 medium-4 columns\">\n\t\t\t<article class=\"post post-carousel-style11 post-5601 type-post status-publish format-standard has-post-thumbnail hentry category-reiserouten tag-die-fotografie-tour-in-china\" itemscope itemtype=\"http:\/\/schema.org\/Article\">\n\t<figure class=\"post-gallery\">\n\t\t\t\t<aside class=\"post-meta style2\">\n\t\t\t<a href=\"https:\/\/www.navo-tour.com\/de\/category\/reiserouten\/\" class=\"cat-reiserouten\" aria-label=\"Reiserouten\">Reiserouten<\/a>\t\t<\/aside>\n\t\t\t\t<a href=\"https:\/\/www.navo-tour.com\/de\/xinjiang-photografie-tour-14tage\/\" title=\"Xinjiang Photografie Tour (14 Tage)\"><img loading=\"lazy\" decoding=\"async\" width=\"740\" height=\"560\" src=\"https:\/\/www.navo-tour.com\/de\/wp-content\/uploads\/2019\/07\/xinjiang-photografie-tour-14tage-20x15.jpg\" class=\"attachment-thevoux-style1-2x size-thevoux-style1-2x thb-lazyload lazyload wp-post-image\" alt=\"xinjiang-photografie-tour-14tage\" sizes=\"auto, (max-width: 740px) 100vw, 740px\" data-src=\"https:\/\/www.navo-tour.com\/de\/wp-content\/uploads\/2019\/07\/xinjiang-photografie-tour-14tage-740x560.jpg\" data-sizes=\"auto\" data-srcset=\"https:\/\/www.navo-tour.com\/de\/wp-content\/uploads\/2019\/07\/xinjiang-photografie-tour-14tage-740x560.jpg 740w, https:\/\/www.navo-tour.com\/de\/wp-content\/uploads\/2019\/07\/xinjiang-photografie-tour-14tage-370x280.jpg 370w, https:\/\/www.navo-tour.com\/de\/wp-content\/uploads\/2019\/07\/xinjiang-photografie-tour-14tage-225x169.jpg 225w, https:\/\/www.navo-tour.com\/de\/wp-content\/uploads\/2019\/07\/xinjiang-photografie-tour-14tage-20x15.jpg 20w\" \/><\/a>\n\t<\/figure>\n\t<div class=\"style11-content\">\n\t\t<div class=\"post-title\"><h5 itemprop=\"headline\"><a href=\"https:\/\/www.navo-tour.com\/de\/xinjiang-photografie-tour-14tage\/\" title=\"Xinjiang Photografie Tour (14 Tage)\">Xinjiang Photografie Tour (14 Tage)<\/a><\/h5><\/div>\t\t\t<aside class=\"post-author\">\n\t\t<em>by<\/em> <a href=\"https:\/\/www.navo-tour.com\/de\/author\/welcomenavotour-com\/\" title=\"Posts by NavoTour\" rel=\"author\">NavoTour<\/a>\t<\/aside>\n\t\t\t\t<aside class=\"post-bottom-meta hide\">\n\t\t<meta itemprop=\"mainEntityOfPage\" content=\"https:\/\/www.navo-tour.com\/de\/xinjiang-photografie-tour-14tage\/\">\n\t\t<span class=\"vcard author\" itemprop=\"author\" content=\"NavoTour\">\n\t\t\t<span class=\"fn\">NavoTour<\/span>\n\t\t<\/span>\n\t\t<time class=\"time publised entry-date\" datetime=\"2019-07-15T11:50:06+08:00\" itemprop=\"datePublished\" content=\"2019-07-15T11:50:06+08:00\">July 15, 2019<\/time>\n\t\t<meta itemprop=\"dateModified\" class=\"updated\" content=\"2019-09-20T14:32:23+08:00\">\n\t\t<span itemprop=\"publisher\" itemscope itemtype=\"https:\/\/schema.org\/Organization\">\n\t\t\t<meta itemprop=\"name\" content=\"Navo Tour\">\n\t\t\t<span itemprop=\"logo\" itemscope itemtype=\"https:\/\/schema.org\/ImageObject\">\n\t\t\t\t<meta itemprop=\"url\" content=\"https:\/\/www.navo-tour.com\/de\/wp-content\/themes\/thevoux-wp\/assets\/img\/logo.png\">\n\t\t\t<\/span>\n\t\t<\/span>\n\t\t\t\t\t<span itemprop=\"image\" itemscope itemtype=\"http:\/\/schema.org\/ImageObject\">\n\t\t\t\t<meta itemprop=\"url\" content=\"https:\/\/www.navo-tour.com\/de\/wp-content\/uploads\/2019\/07\/xinjiang-photografie-tour-14tage.jpg\">\n\t\t\t\t<meta itemprop=\"width\" content=\"1000\" \/>\n\t\t\t\t<meta itemprop=\"height\" content=\"750\" \/>\n\t\t\t<\/span>\n\t\t\t<\/aside>\n\t\t<\/div>\n<\/article>\n\t\t<\/div>\n\t\t\t\t\t\t\t\t\t\t\t<\/div>\n\t\t[\/vc_column][\/vc_row]\n<\/div>","protected":false},"excerpt":{"rendered":"<p>[vc_row][vc_column][\/vc_column][\/vc_row][vc_row][vc_column][vc_column_text] China Fotografiereisen [\/vc_column_text][\/vc_column][\/vc_row][vc_row][vc_column width=&#8221;1\/6&#8243;][\/vc_column][vc_column width=&#8221;2\/3&#8243;][vc_column_text]Einleitung: Im Jahr 2000 wurde eine abenteuerliche Fotoreise \u201c Nach Tibet-den Regenbogen im Traum nachsuchen\u201d von Tibet Hotel veranstaltet.Dank der vielj\u00e4hrigen professionellen Erfahrung der Reiseorganisation im Gebiet Sichuan und Tibet hat der NAVO-Gegr\u00fcnder Herr Li Yaxi diese Tour organisiert. Das war die erste Fotoreisegruppe von NAVO. Die Tour dauerte ein&hellip;<\/p>\n","protected":false},"author":1,"featured_media":0,"parent":0,"menu_order":0,"comment_status":"closed","ping_status":"closed","template":"","meta":{"footnotes":""},"class_list":["post-645","page","type-page","status-publish","hentry"],"_links":{"self":[{"href":"https:\/\/www.navo-tour.com\/de\/wp-json\/wp\/v2\/pages\/645","targetHints":{"allow":["GET"]}}],"collection":[{"href":"https:\/\/www.navo-tour.com\/de\/wp-json\/wp\/v2\/pages"}],"about":[{"href":"https:\/\/www.navo-tour.com\/de\/wp-json\/wp\/v2\/types\/page"}],"author":[{"embeddable":true,"href":"https:\/\/www.navo-tour.com\/de\/wp-json\/wp\/v2\/users\/1"}],"replies":[{"embeddable":true,"href":"https:\/\/www.navo-tour.com\/de\/wp-json\/wp\/v2\/comments?post=645"}],"version-history":[{"count":0,"href":"https:\/\/www.navo-tour.com\/de\/wp-json\/wp\/v2\/pages\/645\/revisions"}],"wp:attachment":[{"href":"https:\/\/www.navo-tour.com\/de\/wp-json\/wp\/v2\/media?parent=645"}],"curies":[{"name":"wp","href":"https:\/\/api.w.org\/{rel}","templated":true}]}}