{"id":844,"date":"2019-05-07T14:05:35","date_gmt":"2019-05-07T06:05:35","guid":{"rendered":"https:\/\/navo-tour.com\/?page_id=844"},"modified":"2019-08-28T11:36:21","modified_gmt":"2019-08-28T03:36:21","slug":"li-ya-xi","status":"publish","type":"page","link":"https:\/\/www.navo-tour.com\/de\/unser-team\/li-ya-xi\/","title":{"rendered":"LI Ya Xi"},"content":{"rendered":"<div class=\"wpb-content-wrapper\">[vc_row][vc_column width=&#8221;1\/6&#8243;][\/vc_column][vc_column width=&#8221;2\/3&#8243;]<aside class=\"gap cf\" style=\"height:15px;\"><\/aside>[vc_column_text]\n<h2 style=\"text-align: center;\"><strong>\u25c6LI, Yaxi (Gr\u00fcnder &amp; Direktor)<\/strong><\/h2>\n<p>&nbsp;<\/p>\n<p class=\"text\">Als einer der Pioniere auf dem Gebiet des Outdoor-Wanderns und der Expedition startete Ya&#8217;xi 1993 den Versuch in vielen Bereichen, darunter Wandern, Bergsteigen, \u00dcberlandtouren, Selbstfahrer-Touren und Fototouren usw. Unter den rund 150 Routen Bisher auf der NAVO-Website angeboten, wurden alle von Ya&#8217;xi entworfen, der sich seinen Weg durch fast alle an diesen Routen beteiligten Stellen bahnte.<\/p>\n<p class=\"text\">Bis 2012 hat Ya&#8217;xi alle Provinzen auf dem chinesischen Festland sowie Hongkong und Macao besucht. Er war an fast allen bekannten Orten in China, der Chinesischen Mauer; Jangtse-Schluchten; Mt. Huangshan; Hakka Earth Building, Tibet Everest usw. Zu viele, um sie zu z\u00e4hlen &#8230;!<\/p>\n<p class=\"text\">Ya&#8217;xi hat mehr als 80% der tibetisch bewohnten Gebiete Chinas erkundet &#8211; die autonome Region Tibet. die tibetischen Gebiete in Sichuan, Gansu, Yunnan; Mit anderen Worten, er hat die meisten Regionen von Amdo und Kham sowie das von Jiarong in Tibet bewohnte Gebiet bereist. Ya&#8217;xi hat viele klassische chinesische Wanderrouten ausprobiert, die den Berg abdecken. Minya Konka aus der Provinz Sichuan, Mt. Amnye Machen aus der Provinz Qinghai; Xishuangbannas Regenwald von Yunnan; Regionen ethnischer Minderheiten in der Provinz Guizhou; die grosse Mauer; Jangtse-Schluchten, usw.<\/p>\n<p class=\"text\">Um die Selbstfahrer-Tour besser zu f\u00f6rdern, ist Ya&#8217;xi in das n\u00f6rdlichste Gebiet Chinas gefahren &#8211; den Landkreis Mohe in der Provinz Heilongjiang. das \u00f6stlichste Gebiet &#8211; Fuyuan-Land in der Provinz Heilongjiang; und das westlichste Gebiet &#8211; Wuqia-Land in der Provinz Xinjiang. Kurz gesagt, er war mit dem Auto in fast allen wichtigen Landh\u00e4fen Chinas unterwegs.<\/p>\n<p class=\"text\">Ya&#8217;xi war auch in mehreren afrikanischen L\u00e4ndern und in der Sahara. Er war einmal in Frankreich, Deutschland, Holland, Luxemburg und anderen europ\u00e4ischen L\u00e4ndern. Abgesehen von diesen ist er je von China nach Laos, Thailand, Kambodscha usw. gefahren.<\/p>\n<p class=\"text\">Unterwegs entdeckt Ya\u2019xi immer wieder wundervollere Landschaften. Zur\u00fcck im B\u00fcro pr\u00e4sentiert er seinen Kunden immer wieder das beste China und die sch\u00f6nste Welt.<\/p>\n<p class=\"text\">Ya&#8217;xi glaubt, dass NAVO nicht nur ein Reiseb\u00fcro f\u00fcr Abenteuerreisen ist, sondern auch ein Unternehmen, das sich mit \u00d6kologie und Umweltschutz befasst und Reisen perfekt mit Wohlt\u00e4tigkeitsaktionen kombiniert. Ya&#8217;xi glaubt, dass NAVO zum gr\u00f6\u00dften Abenteuerreiseb\u00fcro in China heranw\u00e4chst, vielleicht war es das schon; NAVO ist jedoch eher bereit, die energischsten und kreativsten zu sein. Ya&#8217;xi glaubt, dass NAVO aus Leidenschaft f\u00fcr die Sache so engagiert und professionell ist. Mit Hilfe der Professionalit\u00e4t von NAVO k\u00f6nnen Kunden das authentische China und die neue Welt besser kennenlernen. Ya&#8217;xi glaubt, dass Reisen eine andere Art von Leben ist. Und NAVO ist hier, um einzigartige f\u00fcr Sie zu bringen.<\/p>\n[\/vc_column_text][\/vc_column][vc_column width=&#8221;1\/6&#8243;][\/vc_column][\/vc_row]\n<\/div>","protected":false},"excerpt":{"rendered":"<p>[vc_row][vc_column width=&#8221;1\/6&#8243;][\/vc_column][vc_column width=&#8221;2\/3&#8243;][vc_column_text] \u25c6LI, Yaxi (Gr\u00fcnder &amp; Direktor) &nbsp; Als einer der Pioniere auf dem Gebiet des Outdoor-Wanderns und der Expedition startete Ya&#8217;xi 1993 den Versuch in vielen Bereichen, darunter Wandern, Bergsteigen, \u00dcberlandtouren, Selbstfahrer-Touren und Fototouren usw. Unter den rund 150 Routen Bisher auf der NAVO-Website angeboten, wurden alle von Ya&#8217;xi entworfen, der sich seinen&hellip;<\/p>\n","protected":false},"author":1,"featured_media":0,"parent":806,"menu_order":0,"comment_status":"closed","ping_status":"closed","template":"","meta":{"footnotes":""},"class_list":["post-844","page","type-page","status-publish","hentry"],"_links":{"self":[{"href":"https:\/\/www.navo-tour.com\/de\/wp-json\/wp\/v2\/pages\/844","targetHints":{"allow":["GET"]}}],"collection":[{"href":"https:\/\/www.navo-tour.com\/de\/wp-json\/wp\/v2\/pages"}],"about":[{"href":"https:\/\/www.navo-tour.com\/de\/wp-json\/wp\/v2\/types\/page"}],"author":[{"embeddable":true,"href":"https:\/\/www.navo-tour.com\/de\/wp-json\/wp\/v2\/users\/1"}],"replies":[{"embeddable":true,"href":"https:\/\/www.navo-tour.com\/de\/wp-json\/wp\/v2\/comments?post=844"}],"version-history":[{"count":0,"href":"https:\/\/www.navo-tour.com\/de\/wp-json\/wp\/v2\/pages\/844\/revisions"}],"up":[{"embeddable":true,"href":"https:\/\/www.navo-tour.com\/de\/wp-json\/wp\/v2\/pages\/806"}],"wp:attachment":[{"href":"https:\/\/www.navo-tour.com\/de\/wp-json\/wp\/v2\/media?parent=844"}],"curies":[{"name":"wp","href":"https:\/\/api.w.org\/{rel}","templated":true}]}}