{"id":851,"date":"2019-05-07T14:17:36","date_gmt":"2019-05-07T06:17:36","guid":{"rendered":"https:\/\/navo-tour.com\/?page_id=851"},"modified":"2019-08-28T11:42:27","modified_gmt":"2019-08-28T03:42:27","slug":"murielle-yang","status":"publish","type":"page","link":"https:\/\/www.navo-tour.com\/de\/unser-team\/murielle-yang\/","title":{"rendered":"Murielle Yang"},"content":{"rendered":"<div class=\"wpb-content-wrapper\">[vc_row][vc_column width=&#8221;1\/6&#8243;][\/vc_column][vc_column width=&#8221;2\/3&#8243;]<aside class=\"gap cf\" style=\"height:15px;\"><\/aside>[vc_column_text]\n<h2 style=\"text-align: center;\"><strong>Murielle Yang (frankophone Tourismusberaterin)<\/strong><\/h2>\n<p>Ich arbeite seit ungef\u00e4hr zehn Jahren im Tourismus, angefangen bei einem franz\u00f6sischsprachigen Reisef\u00fchrer bis hin zu einem Tourismusberater, der Touristen die Sehensw\u00fcrdigkeiten und die verschiedenen Br\u00e4uche vor den Augen der Touristen erkl\u00e4rt und verschiedene touristische Produkte per E-Mail und unter vorstellt Reiseorganisation. 9 Jahre Erfahrung als franz\u00f6sischsprachiger Guide haben mich bei Vogelbeobachtungsausfl\u00fcgen, Pferden, OVERLAND, Trekking usw. beeindruckt. Ich kenne die meisten touristischen Ressourcen von Sichuan und China. Damit kann ich dem NAVO-Team beitreten. Seit 2009 k\u00fcmmere ich mich um Selbstfahrer und andere Abenteuerreisen vom franz\u00f6sischsprachigen Markt zu NAVO. Ich bin sicher, dass der Erfolg der Arbeit von Enthusiasmus und Beharrlichkeit herr\u00fchrt und dass die Kundenbewertungen die Belegschaft sind.[\/vc_column_text][\/vc_column][vc_column width=&#8221;1\/6&#8243;][\/vc_column][\/vc_row]\n<\/div>","protected":false},"excerpt":{"rendered":"<p>[vc_row][vc_column width=&#8221;1\/6&#8243;][\/vc_column][vc_column width=&#8221;2\/3&#8243;][vc_column_text] Murielle Yang (frankophone Tourismusberaterin) Ich arbeite seit ungef\u00e4hr zehn Jahren im Tourismus, angefangen bei einem franz\u00f6sischsprachigen Reisef\u00fchrer bis hin zu einem Tourismusberater, der Touristen die Sehensw\u00fcrdigkeiten und die verschiedenen Br\u00e4uche vor den Augen der Touristen erkl\u00e4rt und verschiedene touristische Produkte per E-Mail und unter vorstellt Reiseorganisation. 9 Jahre Erfahrung als franz\u00f6sischsprachiger Guide&hellip;<\/p>\n","protected":false},"author":1,"featured_media":0,"parent":806,"menu_order":0,"comment_status":"closed","ping_status":"closed","template":"","meta":{"footnotes":""},"class_list":["post-851","page","type-page","status-publish","hentry"],"_links":{"self":[{"href":"https:\/\/www.navo-tour.com\/de\/wp-json\/wp\/v2\/pages\/851","targetHints":{"allow":["GET"]}}],"collection":[{"href":"https:\/\/www.navo-tour.com\/de\/wp-json\/wp\/v2\/pages"}],"about":[{"href":"https:\/\/www.navo-tour.com\/de\/wp-json\/wp\/v2\/types\/page"}],"author":[{"embeddable":true,"href":"https:\/\/www.navo-tour.com\/de\/wp-json\/wp\/v2\/users\/1"}],"replies":[{"embeddable":true,"href":"https:\/\/www.navo-tour.com\/de\/wp-json\/wp\/v2\/comments?post=851"}],"version-history":[{"count":0,"href":"https:\/\/www.navo-tour.com\/de\/wp-json\/wp\/v2\/pages\/851\/revisions"}],"up":[{"embeddable":true,"href":"https:\/\/www.navo-tour.com\/de\/wp-json\/wp\/v2\/pages\/806"}],"wp:attachment":[{"href":"https:\/\/www.navo-tour.com\/de\/wp-json\/wp\/v2\/media?parent=851"}],"curies":[{"name":"wp","href":"https:\/\/api.w.org\/{rel}","templated":true}]}}