{"id":864,"date":"2019-05-07T14:44:08","date_gmt":"2019-05-07T06:44:08","guid":{"rendered":"https:\/\/navo-tour.com\/?page_id=864"},"modified":"2019-08-28T11:45:56","modified_gmt":"2019-08-28T03:45:56","slug":"tracy-cheng","status":"publish","type":"page","link":"https:\/\/www.navo-tour.com\/de\/unser-team\/tracy-cheng\/","title":{"rendered":"Tracy Cheng"},"content":{"rendered":"<div class=\"wpb-content-wrapper\">[vc_row][vc_column width=&#8221;1\/6&#8243;][\/vc_column][vc_column width=&#8221;2\/3&#8243;]<aside class=\"gap cf\" style=\"height:15px;\"><\/aside>[vc_column_text]\n<h2><strong>Tracy Cheng (englische Reiseberaterin)<\/strong><\/h2>\n<p>Als einheimische Chinesin ist Tracy sehr stolz auf ihr gro\u00dfartiges Mutterland &#8211; China. Dies gibt Tracy den Ehrgeiz und die Begeisterung, abwechslungsreiche und fantastische Abenteuertouren in verschiedenen Teilen Chinas f\u00fcr Menschen aus der ganzen Welt zu organisieren. Dar\u00fcber hinaus ist Tracy eine geborene Entdeckerin und tr\u00e4umte von Kindheit an von Expeditionen in das weite China. Nach ihrem Abschluss war sie im Tourismus t\u00e4tig. W\u00e4hrend ihrer fast 10-j\u00e4hrigen Berufserfahrung als Organisatorin von Reisen im Reiseb\u00fcro hatte sie fast ein Jahr in Tibet gearbeitet, was ihr eine umfassende Erfahrung bei der Organisation von Reisen in ganz Tibet einbrachte. Tracy hatte auch viele Teile Chinas besucht. Einmal war sie von der s\u00fcdchinesischen Grenze zur Nordgrenze durch Dutzende von Provinzen gereist. Tracy entschied sich f\u00fcr NAVO, die Menschen und Natur lieben, und genoss das harmonische, kreative, enthusiastische und prosperierende Arbeitsumfeld dort. NAVO versucht, jeden und alles in einen guten Kreislauf zu bringen, genau das passte auch zu Tracys Streben.[\/vc_column_text][\/vc_column][vc_column width=&#8221;1\/6&#8243;][\/vc_column][\/vc_row]\n<\/div>","protected":false},"excerpt":{"rendered":"<p>[vc_row][vc_column width=&#8221;1\/6&#8243;][\/vc_column][vc_column width=&#8221;2\/3&#8243;][vc_column_text] Tracy Cheng (englische Reiseberaterin) Als einheimische Chinesin ist Tracy sehr stolz auf ihr gro\u00dfartiges Mutterland &#8211; China. Dies gibt Tracy den Ehrgeiz und die Begeisterung, abwechslungsreiche und fantastische Abenteuertouren in verschiedenen Teilen Chinas f\u00fcr Menschen aus der ganzen Welt zu organisieren. Dar\u00fcber hinaus ist Tracy eine geborene Entdeckerin und tr\u00e4umte von Kindheit&hellip;<\/p>\n","protected":false},"author":1,"featured_media":0,"parent":806,"menu_order":0,"comment_status":"closed","ping_status":"closed","template":"","meta":{"footnotes":""},"class_list":["post-864","page","type-page","status-publish","hentry"],"_links":{"self":[{"href":"https:\/\/www.navo-tour.com\/de\/wp-json\/wp\/v2\/pages\/864","targetHints":{"allow":["GET"]}}],"collection":[{"href":"https:\/\/www.navo-tour.com\/de\/wp-json\/wp\/v2\/pages"}],"about":[{"href":"https:\/\/www.navo-tour.com\/de\/wp-json\/wp\/v2\/types\/page"}],"author":[{"embeddable":true,"href":"https:\/\/www.navo-tour.com\/de\/wp-json\/wp\/v2\/users\/1"}],"replies":[{"embeddable":true,"href":"https:\/\/www.navo-tour.com\/de\/wp-json\/wp\/v2\/comments?post=864"}],"version-history":[{"count":0,"href":"https:\/\/www.navo-tour.com\/de\/wp-json\/wp\/v2\/pages\/864\/revisions"}],"up":[{"embeddable":true,"href":"https:\/\/www.navo-tour.com\/de\/wp-json\/wp\/v2\/pages\/806"}],"wp:attachment":[{"href":"https:\/\/www.navo-tour.com\/de\/wp-json\/wp\/v2\/media?parent=864"}],"curies":[{"name":"wp","href":"https:\/\/api.w.org\/{rel}","templated":true}]}}