{"id":866,"date":"2019-05-07T14:51:49","date_gmt":"2019-05-07T06:51:49","guid":{"rendered":"https:\/\/navo-tour.com\/?page_id=866"},"modified":"2019-09-20T14:43:01","modified_gmt":"2019-09-20T06:43:01","slug":"lisa-li","status":"publish","type":"page","link":"https:\/\/www.navo-tour.com\/de\/unser-team\/lisa-li\/","title":{"rendered":"Lisa Li"},"content":{"rendered":"<div class=\"wpb-content-wrapper\">[vc_row][vc_column width=&#8221;1\/6&#8243;][\/vc_column][vc_column width=&#8221;2\/3&#8243;]<aside class=\"gap cf\" style=\"height:15px;\"><\/aside>[vc_column_text]\n<h2 style=\"text-align: center;\"><strong>Lisa Li (englische Reiseberaterin)<\/strong><\/h2>\n<p>Lisa ist seit 2008 im Inbound-Tourismus t\u00e4tig, nachdem sie ihr Englisch-Studium abgeschlossen hat. Als tibetisches M\u00e4dchen, das in der Gegend von Sichuan Khampa aufgewachsen ist, ist sie reisebegeistert und tr\u00e4umt inzwischen davon, Reisenden aus der ganzen Welt ihre sch\u00f6ne Heimatstadt vorzustellen. Jetzt hat sie es geschafft, indem sie in NAVO mit dem lebhaften und sachkundigen Team zusammengearbeitet hat. Hier ist sie haupts\u00e4chlich f\u00fcr die Selbstfahrer-Tour zust\u00e4ndig. Durch die jahrelange Erfahrung als Reiseleiterin hat Lisa ein umfassendes Verst\u00e4ndnis f\u00fcr die Kundenbed\u00fcrfnisse und gewinnt das Lob der Kunden. Sie kann immer mit Geduld professionelle Ratschl\u00e4ge erteilen und ihren Kunden einen sorgenfreien, komfortablen, aber ein wenig abenteuerlichen Ausflug erm\u00f6glichen. F\u00fcr sie ist es am gl\u00fccklichsten, Kunden dabei zu helfen, das wundervolle Fahrerlebnis in ganz China, das f\u00fcr manche Kunden vielleicht einmal im Leben ist, erfolgreich abzuschlie\u00dfen. Lisa hat gro\u00dfen Spa\u00df an ihrer Arbeit bei NAVO, da sie auch Reisegeschichten teilen und exotische Kultur lernen kann Kunden, die ihre Leidenschaft f\u00fcr das Reisen beh\u00e4lt. Lisa glaubt, dass das Leben sch\u00f6n und angenehm ist, aber Sie m\u00fcssen lernen, Ihr sch\u00f6nes Leben zu genie\u00dfen. Kommen Sie und reisen Sie mit NAVO, bleiben Sie in Bewegung![\/vc_column_text][\/vc_column][vc_column width=&#8221;1\/6&#8243;][\/vc_column][\/vc_row]\n<\/div>","protected":false},"excerpt":{"rendered":"<p>[vc_row][vc_column width=&#8221;1\/6&#8243;][\/vc_column][vc_column width=&#8221;2\/3&#8243;][vc_column_text] Lisa Li (englische Reiseberaterin) Lisa ist seit 2008 im Inbound-Tourismus t\u00e4tig, nachdem sie ihr Englisch-Studium abgeschlossen hat. Als tibetisches M\u00e4dchen, das in der Gegend von Sichuan Khampa aufgewachsen ist, ist sie reisebegeistert und tr\u00e4umt inzwischen davon, Reisenden aus der ganzen Welt ihre sch\u00f6ne Heimatstadt vorzustellen. Jetzt hat sie es geschafft, indem sie&hellip;<\/p>\n","protected":false},"author":1,"featured_media":0,"parent":806,"menu_order":0,"comment_status":"closed","ping_status":"closed","template":"","meta":{"footnotes":""},"class_list":["post-866","page","type-page","status-publish","hentry"],"_links":{"self":[{"href":"https:\/\/www.navo-tour.com\/de\/wp-json\/wp\/v2\/pages\/866","targetHints":{"allow":["GET"]}}],"collection":[{"href":"https:\/\/www.navo-tour.com\/de\/wp-json\/wp\/v2\/pages"}],"about":[{"href":"https:\/\/www.navo-tour.com\/de\/wp-json\/wp\/v2\/types\/page"}],"author":[{"embeddable":true,"href":"https:\/\/www.navo-tour.com\/de\/wp-json\/wp\/v2\/users\/1"}],"replies":[{"embeddable":true,"href":"https:\/\/www.navo-tour.com\/de\/wp-json\/wp\/v2\/comments?post=866"}],"version-history":[{"count":0,"href":"https:\/\/www.navo-tour.com\/de\/wp-json\/wp\/v2\/pages\/866\/revisions"}],"up":[{"embeddable":true,"href":"https:\/\/www.navo-tour.com\/de\/wp-json\/wp\/v2\/pages\/806"}],"wp:attachment":[{"href":"https:\/\/www.navo-tour.com\/de\/wp-json\/wp\/v2\/media?parent=866"}],"curies":[{"name":"wp","href":"https:\/\/api.w.org\/{rel}","templated":true}]}}