{"id":870,"date":"2019-05-07T15:00:33","date_gmt":"2019-05-07T07:00:33","guid":{"rendered":"https:\/\/navo-tour.com\/?page_id=870"},"modified":"2019-08-28T11:27:30","modified_gmt":"2019-08-28T03:27:30","slug":"abby-zhang","status":"publish","type":"page","link":"https:\/\/www.navo-tour.com\/de\/unser-team\/abby-zhang\/","title":{"rendered":"Abby Zhang"},"content":{"rendered":"<div class=\"wpb-content-wrapper\">[vc_row][vc_column width=&#8221;1\/6&#8243;][\/vc_column][vc_column width=&#8221;2\/3&#8243;]<aside class=\"gap cf\" style=\"height:15px;\"><\/aside>[vc_column_text]\n<h2 style=\"text-align: center;\"><strong>Abby Zhang (englische Reiseberaterin)<\/strong><\/h2>\n<p>Seit 2006 f\u00fcr den Tourismus t\u00e4tig, ist es das Beste f\u00fcr Abbys Leben, w\u00e4hrend der Reise die Augen zu schlemmen, den Geist zu erweitern und den Gaumen zu erfreuen. Als Reiseleiterin bringt sie viel Spa\u00df, wenn sie sich versteht und mit vielen Reisenden aus dem Ausland kommuniziert. Den lernwilligen Tourg\u00e4sten die H\u00f6hepunkte des sch\u00f6nen China zeigen; und sch\u00e4tzen die Welt von vielen verschiedenen Reisen vor. Danach entschied sich Abby, eine Reiseberaterin der umfassenden und professionellen NAVO Tour Company mit Leidenschaft f\u00fcr den Tourismus zu sein, und w\u00fcrde mehr Reisenden durch ihre verantwortungsvollen Erfahrungen helfen, ihr sinnvolles Reiseleben besser zu genie\u00dfen. Abby stimmt dem definitiv zu, das Leben ist wie die Reise, entweder ein unglaubliches Abenteuer oder gar nichts.[\/vc_column_text][\/vc_column][vc_column width=&#8221;1\/6&#8243;][\/vc_column][\/vc_row]\n<\/div>","protected":false},"excerpt":{"rendered":"<p>[vc_row][vc_column width=&#8221;1\/6&#8243;][\/vc_column][vc_column width=&#8221;2\/3&#8243;][vc_column_text] Abby Zhang (englische Reiseberaterin) Seit 2006 f\u00fcr den Tourismus t\u00e4tig, ist es das Beste f\u00fcr Abbys Leben, w\u00e4hrend der Reise die Augen zu schlemmen, den Geist zu erweitern und den Gaumen zu erfreuen. Als Reiseleiterin bringt sie viel Spa\u00df, wenn sie sich versteht und mit vielen Reisenden aus dem Ausland kommuniziert. Den&hellip;<\/p>\n","protected":false},"author":1,"featured_media":0,"parent":806,"menu_order":0,"comment_status":"closed","ping_status":"closed","template":"","meta":{"footnotes":""},"class_list":["post-870","page","type-page","status-publish","hentry"],"_links":{"self":[{"href":"https:\/\/www.navo-tour.com\/de\/wp-json\/wp\/v2\/pages\/870","targetHints":{"allow":["GET"]}}],"collection":[{"href":"https:\/\/www.navo-tour.com\/de\/wp-json\/wp\/v2\/pages"}],"about":[{"href":"https:\/\/www.navo-tour.com\/de\/wp-json\/wp\/v2\/types\/page"}],"author":[{"embeddable":true,"href":"https:\/\/www.navo-tour.com\/de\/wp-json\/wp\/v2\/users\/1"}],"replies":[{"embeddable":true,"href":"https:\/\/www.navo-tour.com\/de\/wp-json\/wp\/v2\/comments?post=870"}],"version-history":[{"count":0,"href":"https:\/\/www.navo-tour.com\/de\/wp-json\/wp\/v2\/pages\/870\/revisions"}],"up":[{"embeddable":true,"href":"https:\/\/www.navo-tour.com\/de\/wp-json\/wp\/v2\/pages\/806"}],"wp:attachment":[{"href":"https:\/\/www.navo-tour.com\/de\/wp-json\/wp\/v2\/media?parent=870"}],"curies":[{"name":"wp","href":"https:\/\/api.w.org\/{rel}","templated":true}]}}