{"id":876,"date":"2019-05-07T15:19:46","date_gmt":"2019-05-07T07:19:46","guid":{"rendered":"https:\/\/navo-tour.com\/?page_id=876"},"modified":"2019-08-28T11:31:40","modified_gmt":"2019-08-28T03:31:40","slug":"edward-zhao","status":"publish","type":"page","link":"https:\/\/www.navo-tour.com\/de\/unser-team\/edward-zhao\/","title":{"rendered":"Edward Zhao"},"content":{"rendered":"<div class=\"wpb-content-wrapper\">[vc_row][vc_column width=&#8221;1\/6&#8243;][\/vc_column][vc_column width=&#8221;2\/3&#8243;]<aside class=\"gap cf\" style=\"height:15px;\"><\/aside>[vc_column_text]\n<h2 style=\"text-align: center;\"><strong>Edward Zhao (englischer Reiseberater)<\/strong><\/h2>\n<p>Ich bin im S\u00fcdosten Chinas aufgewachsen, der die meisten nat\u00fcrlichen Tourismusressourcen besitzt. Das ist wahrscheinlich der Grund, warum ich die Freiheit liebe und die Natur so sehr respektiere. Ich bevorzuge es, Schritte zu verwenden, um den Prozess zu messen, die Erfahrungen zu nutzen, um den Geist zu \u00f6ffnen und eine Reise durch den Geist zu erleben. W\u00e4hrend der Schulzeit war ich sparsam an vielen Orten Chinas und habe Teilzeit gearbeitet. Glaube an die Begegnung, glaube an die Passanten, ohne Zweifel, ohne Sch\u00fcchternheit und liebe meinen eigenen Freiraum. Ich glaube, es ist eine Art Karma-Sache in jeder Szenerie, die du siehst, in jeder Ware, die du kaufst, in jedem Passanten, den du triffst. Nach meinem Abschluss stieg ich in NAVO ein. Ich f\u00fchrte die neuseel\u00e4ndische Reisemobilgruppe von S\u00fcdostchina nach Nordwestchina. Ich habe auch die russische Reisegruppe bei der Durchquerung der Taklimakan-W\u00fcste unterst\u00fctzt. Ich bin mit meiner urspr\u00fcnglichen Wahl zufrieden. Dies liegt nicht nur daran, dass es das erfahrenste Abenteuerreiseb\u00fcro in China ist. Was wichtiger ist, ist, dass es die Unternehmenskultur von Integrit\u00e4t, Toleranz, Demokratie und Freiheit besitzt. Ich glaube, dass dieses Team nicht nur unseren Kunden exzellenten Service bieten kann, sondern mich auch schnell erwachsen werden l\u00e4sst. Ich liebe dieses Team. Aufgrund unseres starken Teams und meiner pers\u00f6nlichen Erfahrungen hoffe ich, die Reise f\u00fcr Sie zu organisieren.[\/vc_column_text][\/vc_column][vc_column width=&#8221;1\/6&#8243;][\/vc_column][\/vc_row]\n<\/div>","protected":false},"excerpt":{"rendered":"<p>[vc_row][vc_column width=&#8221;1\/6&#8243;][\/vc_column][vc_column width=&#8221;2\/3&#8243;][vc_column_text] Edward Zhao (englischer Reiseberater) Ich bin im S\u00fcdosten Chinas aufgewachsen, der die meisten nat\u00fcrlichen Tourismusressourcen besitzt. Das ist wahrscheinlich der Grund, warum ich die Freiheit liebe und die Natur so sehr respektiere. Ich bevorzuge es, Schritte zu verwenden, um den Prozess zu messen, die Erfahrungen zu nutzen, um den Geist zu \u00f6ffnen&hellip;<\/p>\n","protected":false},"author":1,"featured_media":0,"parent":806,"menu_order":0,"comment_status":"closed","ping_status":"closed","template":"","meta":{"footnotes":""},"class_list":["post-876","page","type-page","status-publish","hentry"],"_links":{"self":[{"href":"https:\/\/www.navo-tour.com\/de\/wp-json\/wp\/v2\/pages\/876","targetHints":{"allow":["GET"]}}],"collection":[{"href":"https:\/\/www.navo-tour.com\/de\/wp-json\/wp\/v2\/pages"}],"about":[{"href":"https:\/\/www.navo-tour.com\/de\/wp-json\/wp\/v2\/types\/page"}],"author":[{"embeddable":true,"href":"https:\/\/www.navo-tour.com\/de\/wp-json\/wp\/v2\/users\/1"}],"replies":[{"embeddable":true,"href":"https:\/\/www.navo-tour.com\/de\/wp-json\/wp\/v2\/comments?post=876"}],"version-history":[{"count":0,"href":"https:\/\/www.navo-tour.com\/de\/wp-json\/wp\/v2\/pages\/876\/revisions"}],"up":[{"embeddable":true,"href":"https:\/\/www.navo-tour.com\/de\/wp-json\/wp\/v2\/pages\/806"}],"wp:attachment":[{"href":"https:\/\/www.navo-tour.com\/de\/wp-json\/wp\/v2\/media?parent=876"}],"curies":[{"name":"wp","href":"https:\/\/api.w.org\/{rel}","templated":true}]}}