{"id":878,"date":"2019-05-07T15:25:40","date_gmt":"2019-05-07T07:25:40","guid":{"rendered":"https:\/\/navo-tour.com\/?page_id=878"},"modified":"2019-08-28T11:52:18","modified_gmt":"2019-08-28T03:52:18","slug":"yin-juan","status":"publish","type":"page","link":"https:\/\/www.navo-tour.com\/de\/unser-team\/yin-juan\/","title":{"rendered":"Yin Juan"},"content":{"rendered":"<div class=\"wpb-content-wrapper\">[vc_row][vc_column width=&#8221;1\/6&#8243;][\/vc_column][vc_column width=&#8221;2\/3&#8243;]<aside class=\"gap cf\" style=\"height:15px;\"><\/aside>[vc_column_text]\n<h2 style=\"text-align: center;\"><strong>Yin juan (Finanzmitarbeiter)<\/strong><\/h2>\n<p>Ich reise gerne, nicht f\u00fcr andere, sondern f\u00fcr mein Streben, die Welt zu erkunden.<\/p>\n<p>Und diese Leidenschaft kann so lange anhalten, bis ich auf alle Orte trete, nach denen ich mich sehne. Ich arbeite mit Liebe zum Reisen bei NAVO und bin haupts\u00e4chlich f\u00fcr die finanzielle Arbeit verantwortlich. Gl\u00fcck ist bei NAVO ein ewiges Thema. Ich bin sehr stolz darauf, hier arbeiten zu k\u00f6nnen.[\/vc_column_text][\/vc_column][vc_column width=&#8221;1\/6&#8243;][\/vc_column][\/vc_row]\n<\/div>","protected":false},"excerpt":{"rendered":"<p>[vc_row][vc_column width=&#8221;1\/6&#8243;][\/vc_column][vc_column width=&#8221;2\/3&#8243;][vc_column_text] Yin juan (Finanzmitarbeiter) Ich reise gerne, nicht f\u00fcr andere, sondern f\u00fcr mein Streben, die Welt zu erkunden. Und diese Leidenschaft kann so lange anhalten, bis ich auf alle Orte trete, nach denen ich mich sehne. Ich arbeite mit Liebe zum Reisen bei NAVO und bin haupts\u00e4chlich f\u00fcr die finanzielle Arbeit verantwortlich. Gl\u00fcck&hellip;<\/p>\n","protected":false},"author":1,"featured_media":0,"parent":806,"menu_order":0,"comment_status":"closed","ping_status":"closed","template":"","meta":{"footnotes":""},"class_list":["post-878","page","type-page","status-publish","hentry"],"_links":{"self":[{"href":"https:\/\/www.navo-tour.com\/de\/wp-json\/wp\/v2\/pages\/878","targetHints":{"allow":["GET"]}}],"collection":[{"href":"https:\/\/www.navo-tour.com\/de\/wp-json\/wp\/v2\/pages"}],"about":[{"href":"https:\/\/www.navo-tour.com\/de\/wp-json\/wp\/v2\/types\/page"}],"author":[{"embeddable":true,"href":"https:\/\/www.navo-tour.com\/de\/wp-json\/wp\/v2\/users\/1"}],"replies":[{"embeddable":true,"href":"https:\/\/www.navo-tour.com\/de\/wp-json\/wp\/v2\/comments?post=878"}],"version-history":[{"count":0,"href":"https:\/\/www.navo-tour.com\/de\/wp-json\/wp\/v2\/pages\/878\/revisions"}],"up":[{"embeddable":true,"href":"https:\/\/www.navo-tour.com\/de\/wp-json\/wp\/v2\/pages\/806"}],"wp:attachment":[{"href":"https:\/\/www.navo-tour.com\/de\/wp-json\/wp\/v2\/media?parent=878"}],"curies":[{"name":"wp","href":"https:\/\/api.w.org\/{rel}","templated":true}]}}