{"id":5366,"date":"2019-07-05T15:21:24","date_gmt":"2019-07-05T07:21:24","guid":{"rendered":"http:\/\/69.89.30.27\/staging\/?page_id=5366"},"modified":"2019-09-26T15:33:02","modified_gmt":"2019-09-26T07:33:02","slug":"tour-dexpedition-des-etudiants-etrangers-2016-galerie","status":"publish","type":"page","link":"https:\/\/www.navo-tour.com\/fr\/tour-dexpedition-des-etudiants-etrangers-2016-galerie\/","title":{"rendered":"tour d\u2019exp\u00e9dition des \u00e9tudiants \u00e9trangers- 2016 Galerie"},"content":{"rendered":"<div class=\"wpb-content-wrapper\">[vc_row][vc_column]\t\t\t<div class=\"posts post-grid-style10 style10-posts      row\" data-loadmore=\"#loadmore-17\" data-rand=\"17\" data-security=\"ba87799c67\">\n\t\t\t\t\t<div class=\"small-12 medium-4 columns\">\n\t\t\t<article class=\"post post-carousel-style11 post-3111 type-post status-publish format-standard has-post-thumbnail hentry category-tour-dexpedition-des-etudiants-etranger-album tag-aventure-detudiant-2016-album\" itemscope itemtype=\"http:\/\/schema.org\/Article\">\n\t<figure class=\"post-gallery\">\n\t\t\t\t<aside class=\"post-meta style2\">\n\t\t\t<a href=\"https:\/\/www.navo-tour.com\/fr\/category\/album\/tour-dexpedition-des-etudiants-etranger-album\/\" class=\"cat-tour-dexpedition-des-etudiants-etranger-album\" aria-label=\"Tour d\u2019exp\u00e9dition des \u00e9tudiants \u00e9tranger Album\">Tour d\u2019exp\u00e9dition des \u00e9tudiants \u00e9tranger Album<\/a>\t\t<\/aside>\n\t\t\t\t<a href=\"https:\/\/www.navo-tour.com\/fr\/tour-detudiants-2016\/\" title=\"Tour d\u2019\u00e9tudiants 2016\"><img loading=\"lazy\" decoding=\"async\" width=\"640\" height=\"480\" src=\"https:\/\/www.navo-tour.com\/fr\/wp-content\/uploads\/2019\/06\/tour-d-etudiants-album-2016-08-20x15.jpg\" class=\"attachment-thevoux-style1-2x size-thevoux-style1-2x thb-lazyload lazyload wp-post-image\" alt=\"2016 Student Tour\" sizes=\"auto, (max-width: 640px) 100vw, 640px\" data-src=\"https:\/\/www.navo-tour.com\/fr\/wp-content\/uploads\/2019\/06\/tour-d-etudiants-album-2016-08.jpg\" data-sizes=\"auto\" data-srcset=\"https:\/\/www.navo-tour.com\/fr\/wp-content\/uploads\/2019\/06\/tour-d-etudiants-album-2016-08.jpg 640w, https:\/\/www.navo-tour.com\/fr\/wp-content\/uploads\/2019\/06\/tour-d-etudiants-album-2016-08-300x225.jpg 300w, https:\/\/www.navo-tour.com\/fr\/wp-content\/uploads\/2019\/06\/tour-d-etudiants-album-2016-08-450x338.jpg 450w, https:\/\/www.navo-tour.com\/fr\/wp-content\/uploads\/2019\/06\/tour-d-etudiants-album-2016-08-225x169.jpg 225w, https:\/\/www.navo-tour.com\/fr\/wp-content\/uploads\/2019\/06\/tour-d-etudiants-album-2016-08-20x15.jpg 20w\" \/><\/a>\n\t<\/figure>\n\t<div class=\"style11-content\">\n\t\t<div class=\"post-title\"><h5 itemprop=\"headline\"><a href=\"https:\/\/www.navo-tour.com\/fr\/tour-detudiants-2016\/\" title=\"Tour d\u2019\u00e9tudiants 2016\">Tour d\u2019\u00e9tudiants 2016<\/a><\/h5><\/div>\t\t\t<aside class=\"post-author\">\n\t\t<em>by<\/em> <a href=\"https:\/\/www.navo-tour.com\/fr\/author\/welcomenavotour-com\/\" title=\"Posts by NavoTour\" rel=\"author\">NavoTour<\/a>\t<\/aside>\n\t\t\t\t<aside class=\"post-bottom-meta hide\">\n\t\t<meta itemprop=\"mainEntityOfPage\" content=\"https:\/\/www.navo-tour.com\/fr\/tour-detudiants-2016\/\">\n\t\t<span class=\"vcard author\" itemprop=\"author\" content=\"NavoTour\">\n\t\t\t<span class=\"fn\">NavoTour<\/span>\n\t\t<\/span>\n\t\t<time class=\"time publised entry-date\" datetime=\"2019-06-25T11:30:50+08:00\" itemprop=\"datePublished\" content=\"2019-06-25T11:30:50+08:00\">June 25, 2019<\/time>\n\t\t<meta itemprop=\"dateModified\" class=\"updated\" content=\"2019-09-26T15:04:44+08:00\">\n\t\t<span itemprop=\"publisher\" itemscope itemtype=\"https:\/\/schema.org\/Organization\">\n\t\t\t<meta itemprop=\"name\" content=\"Navo Tour\">\n\t\t\t<span itemprop=\"logo\" itemscope itemtype=\"https:\/\/schema.org\/ImageObject\">\n\t\t\t\t<meta itemprop=\"url\" content=\"https:\/\/www.navo-tour.com\/fr\/wp-content\/themes\/thevoux-wp\/assets\/img\/logo.png\">\n\t\t\t<\/span>\n\t\t<\/span>\n\t\t\t\t\t<span itemprop=\"image\" itemscope itemtype=\"http:\/\/schema.org\/ImageObject\">\n\t\t\t\t<meta itemprop=\"url\" content=\"https:\/\/www.navo-tour.com\/fr\/wp-content\/uploads\/2019\/06\/tour-d-etudiants-album-2016-08.jpg\">\n\t\t\t\t<meta itemprop=\"width\" content=\"640\" \/>\n\t\t\t\t<meta itemprop=\"height\" content=\"480\" \/>\n\t\t\t<\/span>\n\t\t\t<\/aside>\n\t\t<\/div>\n<\/article>\n\t\t<\/div>\n\t\t\t\t\t\t\t\t\t\t\t<\/div>\n\t\t[\/vc_column][\/vc_row]\n<\/div>","protected":false},"excerpt":{"rendered":"<p>[vc_row][vc_column][\/vc_column][\/vc_row]<\/p>\n","protected":false},"author":1,"featured_media":0,"parent":0,"menu_order":0,"comment_status":"closed","ping_status":"closed","template":"","meta":{"footnotes":""},"class_list":["post-5366","page","type-page","status-publish","hentry"],"_links":{"self":[{"href":"https:\/\/www.navo-tour.com\/fr\/wp-json\/wp\/v2\/pages\/5366","targetHints":{"allow":["GET"]}}],"collection":[{"href":"https:\/\/www.navo-tour.com\/fr\/wp-json\/wp\/v2\/pages"}],"about":[{"href":"https:\/\/www.navo-tour.com\/fr\/wp-json\/wp\/v2\/types\/page"}],"author":[{"embeddable":true,"href":"https:\/\/www.navo-tour.com\/fr\/wp-json\/wp\/v2\/users\/1"}],"replies":[{"embeddable":true,"href":"https:\/\/www.navo-tour.com\/fr\/wp-json\/wp\/v2\/comments?post=5366"}],"version-history":[{"count":0,"href":"https:\/\/www.navo-tour.com\/fr\/wp-json\/wp\/v2\/pages\/5366\/revisions"}],"wp:attachment":[{"href":"https:\/\/www.navo-tour.com\/fr\/wp-json\/wp\/v2\/media?parent=5366"}],"curies":[{"name":"wp","href":"https:\/\/api.w.org\/{rel}","templated":true}]}}