{"id":5378,"date":"2019-07-05T15:32:32","date_gmt":"2019-07-05T07:32:32","guid":{"rendered":"http:\/\/69.89.30.27\/staging\/?page_id=5378"},"modified":"2019-09-26T15:32:00","modified_gmt":"2019-09-26T07:32:00","slug":"tour-dexpedition-des-etudiants-etrangers-2010-galerie","status":"publish","type":"page","link":"https:\/\/www.navo-tour.com\/fr\/tour-dexpedition-des-etudiants-etrangers-2010-galerie\/","title":{"rendered":"tour d\u2019exp\u00e9dition des \u00e9tudiants \u00e9trangers- 2010 Galerie"},"content":{"rendered":"<div class=\"wpb-content-wrapper\">[vc_row][vc_column]\t\t\t<div class=\"posts post-grid-style10 style10-posts      row\" data-loadmore=\"#loadmore-92\" data-rand=\"92\" data-security=\"ba87799c67\">\n\t\t\t\t\t<div class=\"small-12 medium-4 columns\">\n\t\t\t<article class=\"post post-carousel-style11 post-3185 type-post status-publish format-standard has-post-thumbnail hentry category-tour-dexpedition-des-etudiants-etranger-album tag-aventure-detudiant-2010-album\" itemscope itemtype=\"http:\/\/schema.org\/Article\">\n\t<figure class=\"post-gallery\">\n\t\t\t\t<aside class=\"post-meta style2\">\n\t\t\t<a href=\"https:\/\/www.navo-tour.com\/fr\/category\/album\/tour-dexpedition-des-etudiants-etranger-album\/\" class=\"cat-tour-dexpedition-des-etudiants-etranger-album\" aria-label=\"Tour d\u2019exp\u00e9dition des \u00e9tudiants \u00e9tranger Album\">Tour d\u2019exp\u00e9dition des \u00e9tudiants \u00e9tranger Album<\/a>\t\t<\/aside>\n\t\t\t\t<a href=\"https:\/\/www.navo-tour.com\/fr\/defi-detudiants-benevol-panda\/\" title=\"D\u00e9fi d\u2019\u00e9tudiants- b\u00e9n\u00e9vol panda\"><img loading=\"lazy\" decoding=\"async\" width=\"260\" height=\"200\" src=\"https:\/\/www.navo-tour.com\/fr\/wp-content\/uploads\/2019\/06\/defi-d-etudiants-panda-volontere-album-04-20x15.jpg\" class=\"attachment-thevoux-style1-2x size-thevoux-style1-2x thb-lazyload lazyload wp-post-image\" alt=\"Student Challenge Panda Volunteer\" sizes=\"auto, (max-width: 260px) 100vw, 260px\" data-src=\"https:\/\/www.navo-tour.com\/fr\/wp-content\/uploads\/2019\/06\/defi-d-etudiants-panda-volontere-album-04.jpg\" data-sizes=\"auto\" data-srcset=\"https:\/\/www.navo-tour.com\/fr\/wp-content\/uploads\/2019\/06\/defi-d-etudiants-panda-volontere-album-04.jpg 260w, https:\/\/www.navo-tour.com\/fr\/wp-content\/uploads\/2019\/06\/defi-d-etudiants-panda-volontere-album-04-225x173.jpg 225w, https:\/\/www.navo-tour.com\/fr\/wp-content\/uploads\/2019\/06\/defi-d-etudiants-panda-volontere-album-04-20x15.jpg 20w\" \/><\/a>\n\t<\/figure>\n\t<div class=\"style11-content\">\n\t\t<div class=\"post-title\"><h5 itemprop=\"headline\"><a href=\"https:\/\/www.navo-tour.com\/fr\/defi-detudiants-benevol-panda\/\" title=\"D\u00e9fi d\u2019\u00e9tudiants- b\u00e9n\u00e9vol panda\">D\u00e9fi d\u2019\u00e9tudiants- b\u00e9n\u00e9vol panda<\/a><\/h5><\/div>\t\t\t<aside class=\"post-author\">\n\t\t<em>by<\/em> <a href=\"https:\/\/www.navo-tour.com\/fr\/author\/welcomenavotour-com\/\" title=\"Posts by NavoTour\" rel=\"author\">NavoTour<\/a>\t<\/aside>\n\t\t\t\t<aside class=\"post-bottom-meta hide\">\n\t\t<meta itemprop=\"mainEntityOfPage\" content=\"https:\/\/www.navo-tour.com\/fr\/defi-detudiants-benevol-panda\/\">\n\t\t<span class=\"vcard author\" itemprop=\"author\" content=\"NavoTour\">\n\t\t\t<span class=\"fn\">NavoTour<\/span>\n\t\t<\/span>\n\t\t<time class=\"time publised entry-date\" datetime=\"2019-06-25T11:59:14+08:00\" itemprop=\"datePublished\" content=\"2019-06-25T11:59:14+08:00\">June 25, 2019<\/time>\n\t\t<meta itemprop=\"dateModified\" class=\"updated\" content=\"2019-09-26T15:03:37+08:00\">\n\t\t<span itemprop=\"publisher\" itemscope itemtype=\"https:\/\/schema.org\/Organization\">\n\t\t\t<meta itemprop=\"name\" content=\"Navo Tour\">\n\t\t\t<span itemprop=\"logo\" itemscope itemtype=\"https:\/\/schema.org\/ImageObject\">\n\t\t\t\t<meta itemprop=\"url\" content=\"https:\/\/www.navo-tour.com\/fr\/wp-content\/themes\/thevoux-wp\/assets\/img\/logo.png\">\n\t\t\t<\/span>\n\t\t<\/span>\n\t\t\t\t\t<span itemprop=\"image\" itemscope itemtype=\"http:\/\/schema.org\/ImageObject\">\n\t\t\t\t<meta itemprop=\"url\" content=\"https:\/\/www.navo-tour.com\/fr\/wp-content\/uploads\/2019\/06\/defi-d-etudiants-panda-volontere-album-04.jpg\">\n\t\t\t\t<meta itemprop=\"width\" content=\"260\" \/>\n\t\t\t\t<meta itemprop=\"height\" content=\"200\" \/>\n\t\t\t<\/span>\n\t\t\t<\/aside>\n\t\t<\/div>\n<\/article>\n\t\t<\/div>\n\t\t\t\t\t\t\t\t\t<div class=\"small-12 medium-4 columns\">\n\t\t\t<article class=\"post post-carousel-style11 post-3222 type-post status-publish format-standard has-post-thumbnail hentry category-tour-dexpedition-des-etudiants-etranger-album tag-aventure-detudiant-2010-album\" itemscope itemtype=\"http:\/\/schema.org\/Article\">\n\t<figure class=\"post-gallery\">\n\t\t\t\t<aside class=\"post-meta style2\">\n\t\t\t<a href=\"https:\/\/www.navo-tour.com\/fr\/category\/album\/tour-dexpedition-des-etudiants-etranger-album\/\" class=\"cat-tour-dexpedition-des-etudiants-etranger-album\" aria-label=\"Tour d\u2019exp\u00e9dition des \u00e9tudiants \u00e9tranger Album\">Tour d\u2019exp\u00e9dition des \u00e9tudiants \u00e9tranger Album<\/a>\t\t<\/aside>\n\t\t\t\t<a href=\"https:\/\/www.navo-tour.com\/fr\/defi-detudiants-2010-region-tibetaine-du-sichuan-automne\/\" title=\"D\u00e9fi d\u2019\u00e9tudiants 2010 (R\u00e9gion tib\u00e9taine du Sichuan, automne)\"><img loading=\"lazy\" decoding=\"async\" width=\"260\" height=\"200\" src=\"https:\/\/www.navo-tour.com\/fr\/wp-content\/uploads\/2019\/06\/defi-d-etudiants-au-Sichuan-Tibet-en-automne-album-2010-01-20x15.jpg\" class=\"attachment-thevoux-style1-2x size-thevoux-style1-2x thb-lazyload lazyload wp-post-image\" alt=\"2010 Students Challenge (Sichuan Tibetan area,Autumn)\" sizes=\"auto, (max-width: 260px) 100vw, 260px\" data-src=\"https:\/\/www.navo-tour.com\/fr\/wp-content\/uploads\/2019\/06\/defi-d-etudiants-au-Sichuan-Tibet-en-automne-album-2010-01.jpg\" data-sizes=\"auto\" data-srcset=\"https:\/\/www.navo-tour.com\/fr\/wp-content\/uploads\/2019\/06\/defi-d-etudiants-au-Sichuan-Tibet-en-automne-album-2010-01.jpg 260w, https:\/\/www.navo-tour.com\/fr\/wp-content\/uploads\/2019\/06\/defi-d-etudiants-au-Sichuan-Tibet-en-automne-album-2010-01-225x173.jpg 225w, https:\/\/www.navo-tour.com\/fr\/wp-content\/uploads\/2019\/06\/defi-d-etudiants-au-Sichuan-Tibet-en-automne-album-2010-01-20x15.jpg 20w\" \/><\/a>\n\t<\/figure>\n\t<div class=\"style11-content\">\n\t\t<div class=\"post-title\"><h5 itemprop=\"headline\"><a href=\"https:\/\/www.navo-tour.com\/fr\/defi-detudiants-2010-region-tibetaine-du-sichuan-automne\/\" title=\"D\u00e9fi d\u2019\u00e9tudiants 2010 (R\u00e9gion tib\u00e9taine du Sichuan, automne)\">D\u00e9fi d\u2019\u00e9tudiants 2010 (R\u00e9gion tib\u00e9taine du Sichuan, automne)<\/a><\/h5><\/div>\t\t\t<aside class=\"post-author\">\n\t\t<em>by<\/em> <a href=\"https:\/\/www.navo-tour.com\/fr\/author\/welcomenavotour-com\/\" title=\"Posts by NavoTour\" rel=\"author\">NavoTour<\/a>\t<\/aside>\n\t\t\t\t<aside class=\"post-bottom-meta hide\">\n\t\t<meta itemprop=\"mainEntityOfPage\" content=\"https:\/\/www.navo-tour.com\/fr\/defi-detudiants-2010-region-tibetaine-du-sichuan-automne\/\">\n\t\t<span class=\"vcard author\" itemprop=\"author\" content=\"NavoTour\">\n\t\t\t<span class=\"fn\">NavoTour<\/span>\n\t\t<\/span>\n\t\t<time class=\"time publised entry-date\" datetime=\"2019-06-25T14:25:50+08:00\" itemprop=\"datePublished\" content=\"2019-06-25T14:25:50+08:00\">June 25, 2019<\/time>\n\t\t<meta itemprop=\"dateModified\" class=\"updated\" content=\"2019-09-26T15:02:19+08:00\">\n\t\t<span itemprop=\"publisher\" itemscope itemtype=\"https:\/\/schema.org\/Organization\">\n\t\t\t<meta itemprop=\"name\" content=\"Navo Tour\">\n\t\t\t<span itemprop=\"logo\" itemscope itemtype=\"https:\/\/schema.org\/ImageObject\">\n\t\t\t\t<meta itemprop=\"url\" content=\"https:\/\/www.navo-tour.com\/fr\/wp-content\/themes\/thevoux-wp\/assets\/img\/logo.png\">\n\t\t\t<\/span>\n\t\t<\/span>\n\t\t\t\t\t<span itemprop=\"image\" itemscope itemtype=\"http:\/\/schema.org\/ImageObject\">\n\t\t\t\t<meta itemprop=\"url\" content=\"https:\/\/www.navo-tour.com\/fr\/wp-content\/uploads\/2019\/06\/defi-d-etudiants-au-Sichuan-Tibet-en-automne-album-2010-01.jpg\">\n\t\t\t\t<meta itemprop=\"width\" content=\"260\" \/>\n\t\t\t\t<meta itemprop=\"height\" content=\"200\" \/>\n\t\t\t<\/span>\n\t\t\t<\/aside>\n\t\t<\/div>\n<\/article>\n\t\t<\/div>\n\t\t\t\t\t\t\t\t\t<div class=\"small-12 medium-4 columns\">\n\t\t\t<article class=\"post post-carousel-style11 post-3233 type-post status-publish format-standard has-post-thumbnail hentry category-tour-dexpedition-des-etudiants-etranger-album tag-aventure-detudiant-2010-album\" itemscope itemtype=\"http:\/\/schema.org\/Article\">\n\t<figure class=\"post-gallery\">\n\t\t\t\t<aside class=\"post-meta style2\">\n\t\t\t<a href=\"https:\/\/www.navo-tour.com\/fr\/category\/album\/tour-dexpedition-des-etudiants-etranger-album\/\" class=\"cat-tour-dexpedition-des-etudiants-etranger-album\" aria-label=\"Tour d\u2019exp\u00e9dition des \u00e9tudiants \u00e9tranger Album\">Tour d\u2019exp\u00e9dition des \u00e9tudiants \u00e9tranger Album<\/a>\t\t<\/aside>\n\t\t\t\t<a href=\"https:\/\/www.navo-tour.com\/fr\/defi-detudiants-2010-region-tibetaine-du-sichuan-ete\/\" title=\"D\u00e9fi d\u2019\u00e9tudiants 2010 (R\u00e9gion tib\u00e9taine du Sichuan, \u00e9t\u00e9)\"><img loading=\"lazy\" decoding=\"async\" width=\"260\" height=\"180\" src=\"https:\/\/www.navo-tour.com\/fr\/wp-content\/uploads\/2019\/06\/defi-d-etudiants-au-Sichuan-Tibet-en-ete-album-2010-07-20x15.jpg\" class=\"attachment-thevoux-style1-2x size-thevoux-style1-2x thb-lazyload lazyload wp-post-image\" alt=\"2010 Students Challenge (Sichuan Tibetan area,Summer)\" sizes=\"auto, (max-width: 260px) 100vw, 260px\" data-src=\"https:\/\/www.navo-tour.com\/fr\/wp-content\/uploads\/2019\/06\/defi-d-etudiants-au-Sichuan-Tibet-en-ete-album-2010-07.jpg\" data-sizes=\"auto\" data-srcset=\"https:\/\/www.navo-tour.com\/fr\/wp-content\/uploads\/2019\/06\/defi-d-etudiants-au-Sichuan-Tibet-en-ete-album-2010-07.jpg 260w, https:\/\/www.navo-tour.com\/fr\/wp-content\/uploads\/2019\/06\/defi-d-etudiants-au-Sichuan-Tibet-en-ete-album-2010-07-225x156.jpg 225w, https:\/\/www.navo-tour.com\/fr\/wp-content\/uploads\/2019\/06\/defi-d-etudiants-au-Sichuan-Tibet-en-ete-album-2010-07-20x15.jpg 20w\" \/><\/a>\n\t<\/figure>\n\t<div class=\"style11-content\">\n\t\t<div class=\"post-title\"><h5 itemprop=\"headline\"><a href=\"https:\/\/www.navo-tour.com\/fr\/defi-detudiants-2010-region-tibetaine-du-sichuan-ete\/\" title=\"D\u00e9fi d\u2019\u00e9tudiants 2010 (R\u00e9gion tib\u00e9taine du Sichuan, \u00e9t\u00e9)\">D\u00e9fi d\u2019\u00e9tudiants 2010 (R\u00e9gion tib\u00e9taine du Sichuan, \u00e9t\u00e9)<\/a><\/h5><\/div>\t\t\t<aside class=\"post-author\">\n\t\t<em>by<\/em> <a href=\"https:\/\/www.navo-tour.com\/fr\/author\/welcomenavotour-com\/\" title=\"Posts by NavoTour\" rel=\"author\">NavoTour<\/a>\t<\/aside>\n\t\t\t\t<aside class=\"post-bottom-meta hide\">\n\t\t<meta itemprop=\"mainEntityOfPage\" content=\"https:\/\/www.navo-tour.com\/fr\/defi-detudiants-2010-region-tibetaine-du-sichuan-ete\/\">\n\t\t<span class=\"vcard author\" itemprop=\"author\" content=\"NavoTour\">\n\t\t\t<span class=\"fn\">NavoTour<\/span>\n\t\t<\/span>\n\t\t<time class=\"time publised entry-date\" datetime=\"2019-06-25T14:37:01+08:00\" itemprop=\"datePublished\" content=\"2019-06-25T14:37:01+08:00\">June 25, 2019<\/time>\n\t\t<meta itemprop=\"dateModified\" class=\"updated\" content=\"2019-09-26T15:01:53+08:00\">\n\t\t<span itemprop=\"publisher\" itemscope itemtype=\"https:\/\/schema.org\/Organization\">\n\t\t\t<meta itemprop=\"name\" content=\"Navo Tour\">\n\t\t\t<span itemprop=\"logo\" itemscope itemtype=\"https:\/\/schema.org\/ImageObject\">\n\t\t\t\t<meta itemprop=\"url\" content=\"https:\/\/www.navo-tour.com\/fr\/wp-content\/themes\/thevoux-wp\/assets\/img\/logo.png\">\n\t\t\t<\/span>\n\t\t<\/span>\n\t\t\t\t\t<span itemprop=\"image\" itemscope itemtype=\"http:\/\/schema.org\/ImageObject\">\n\t\t\t\t<meta itemprop=\"url\" content=\"https:\/\/www.navo-tour.com\/fr\/wp-content\/uploads\/2019\/06\/defi-d-etudiants-au-Sichuan-Tibet-en-ete-album-2010-07.jpg\">\n\t\t\t\t<meta itemprop=\"width\" content=\"260\" \/>\n\t\t\t\t<meta itemprop=\"height\" content=\"180\" \/>\n\t\t\t<\/span>\n\t\t\t<\/aside>\n\t\t<\/div>\n<\/article>\n\t\t<\/div>\n\t\t\t\t\t\t\t\t\t\t\t<\/div>\n\t\t[\/vc_column][\/vc_row]\n<\/div>","protected":false},"excerpt":{"rendered":"<p>[vc_row][vc_column][\/vc_column][\/vc_row]<\/p>\n","protected":false},"author":1,"featured_media":0,"parent":0,"menu_order":0,"comment_status":"closed","ping_status":"closed","template":"","meta":{"footnotes":""},"class_list":["post-5378","page","type-page","status-publish","hentry"],"_links":{"self":[{"href":"https:\/\/www.navo-tour.com\/fr\/wp-json\/wp\/v2\/pages\/5378","targetHints":{"allow":["GET"]}}],"collection":[{"href":"https:\/\/www.navo-tour.com\/fr\/wp-json\/wp\/v2\/pages"}],"about":[{"href":"https:\/\/www.navo-tour.com\/fr\/wp-json\/wp\/v2\/types\/page"}],"author":[{"embeddable":true,"href":"https:\/\/www.navo-tour.com\/fr\/wp-json\/wp\/v2\/users\/1"}],"replies":[{"embeddable":true,"href":"https:\/\/www.navo-tour.com\/fr\/wp-json\/wp\/v2\/comments?post=5378"}],"version-history":[{"count":0,"href":"https:\/\/www.navo-tour.com\/fr\/wp-json\/wp\/v2\/pages\/5378\/revisions"}],"wp:attachment":[{"href":"https:\/\/www.navo-tour.com\/fr\/wp-json\/wp\/v2\/media?parent=5378"}],"curies":[{"name":"wp","href":"https:\/\/api.w.org\/{rel}","templated":true}]}}