{"id":5546,"date":"2019-07-08T15:34:33","date_gmt":"2019-07-08T07:34:33","guid":{"rendered":"http:\/\/69.89.30.27\/staging\/?page_id=5546"},"modified":"2019-10-10T09:26:33","modified_gmt":"2019-10-10T01:26:33","slug":"dautres-voitures-conduire-jusqua-la-chine-2010-galerie","status":"publish","type":"page","link":"https:\/\/www.navo-tour.com\/fr\/dautres-voitures-conduire-jusqua-la-chine-2010-galerie\/","title":{"rendered":"d\u2019autres voitures conduire jusqu\u2019\u00e0 la Chine &#8211; 2010 Galerie"},"content":{"rendered":"<div class=\"wpb-content-wrapper\">[vc_row][vc_column]\t\t\t<div class=\"posts post-grid-style10 style10-posts      row\" data-loadmore=\"#loadmore-73\" data-rand=\"73\" data-security=\"ba87799c67\">\n\t\t\t\t\t<div class=\"small-12 medium-4 columns\">\n\t\t\t<article class=\"post post-carousel-style11 post-4601 type-post status-publish format-standard has-post-thumbnail hentry category-conduire-votre-vehicule-jusqua-la-chine-album tag-dautres-voitures-conduite-a-la-chine-2010-album\" itemscope itemtype=\"http:\/\/schema.org\/Article\">\n\t<figure class=\"post-gallery\">\n\t\t\t\t<aside class=\"post-meta style2\">\n\t\t\t<a href=\"https:\/\/www.navo-tour.com\/fr\/category\/album\/conduire-votre-vehicule-jusqua-la-chine-album\/\" class=\"cat-conduire-votre-vehicule-jusqua-la-chine-album\" aria-label=\"Conduire votre v\u00e9hicule jusqu\u2019\u00e0 la Chine Album\">Conduire votre v\u00e9hicule jusqu\u2019\u00e0 la Chine Album<\/a>\t\t<\/aside>\n\t\t\t\t<a href=\"https:\/\/www.navo-tour.com\/fr\/conduite-en-voiture-mg-classique-de-laustralie-a-uk-via-la-chine-tour-de-la-route-de-la-soie-2010\/\" title=\"Conduite en voiture MG classique de l\u2019Australie \u00e0 UK via la Chine , tour de la route de la soie 2010\"><img loading=\"lazy\" decoding=\"async\" width=\"260\" height=\"200\" src=\"https:\/\/www.navo-tour.com\/fr\/wp-content\/uploads\/2019\/07\/self-drive-en-voiture-classique-MG-de-l-Australie-a-UK-a-travers-la-Chine-par-la-Route-de-la-Soie-04-20x15.jpg\" class=\"attachment-thevoux-style1-2x size-thevoux-style1-2x thb-lazyload lazyload wp-post-image\" alt=\"MG classic cars driving from Australia to UK via China, Silk Road tour 2010\" sizes=\"auto, (max-width: 260px) 100vw, 260px\" data-src=\"https:\/\/www.navo-tour.com\/fr\/wp-content\/uploads\/2019\/07\/self-drive-en-voiture-classique-MG-de-l-Australie-a-UK-a-travers-la-Chine-par-la-Route-de-la-Soie-04.jpg\" data-sizes=\"auto\" data-srcset=\"https:\/\/www.navo-tour.com\/fr\/wp-content\/uploads\/2019\/07\/self-drive-en-voiture-classique-MG-de-l-Australie-a-UK-a-travers-la-Chine-par-la-Route-de-la-Soie-04.jpg 260w, https:\/\/www.navo-tour.com\/fr\/wp-content\/uploads\/2019\/07\/self-drive-en-voiture-classique-MG-de-l-Australie-a-UK-a-travers-la-Chine-par-la-Route-de-la-Soie-04-225x173.jpg 225w, https:\/\/www.navo-tour.com\/fr\/wp-content\/uploads\/2019\/07\/self-drive-en-voiture-classique-MG-de-l-Australie-a-UK-a-travers-la-Chine-par-la-Route-de-la-Soie-04-20x15.jpg 20w\" \/><\/a>\n\t<\/figure>\n\t<div class=\"style11-content\">\n\t\t<div class=\"post-title\"><h5 itemprop=\"headline\"><a href=\"https:\/\/www.navo-tour.com\/fr\/conduite-en-voiture-mg-classique-de-laustralie-a-uk-via-la-chine-tour-de-la-route-de-la-soie-2010\/\" title=\"Conduite en voiture MG classique de l\u2019Australie \u00e0 UK via la Chine , tour de la route de la soie 2010\">Conduite en voiture MG classique de l\u2019Australie \u00e0 UK via la Chine , tour de la route de la soie 2010<\/a><\/h5><\/div>\t\t\t<aside class=\"post-author\">\n\t\t<em>by<\/em> <a href=\"https:\/\/www.navo-tour.com\/fr\/author\/welcomenavotour-com\/\" title=\"Posts by NavoTour\" rel=\"author\">NavoTour<\/a>\t<\/aside>\n\t\t\t\t<aside class=\"post-bottom-meta hide\">\n\t\t<meta itemprop=\"mainEntityOfPage\" content=\"https:\/\/www.navo-tour.com\/fr\/conduite-en-voiture-mg-classique-de-laustralie-a-uk-via-la-chine-tour-de-la-route-de-la-soie-2010\/\">\n\t\t<span class=\"vcard author\" itemprop=\"author\" content=\"NavoTour\">\n\t\t\t<span class=\"fn\">NavoTour<\/span>\n\t\t<\/span>\n\t\t<time class=\"time publised entry-date\" datetime=\"2019-07-01T12:20:55+08:00\" itemprop=\"datePublished\" content=\"2019-07-01T12:20:55+08:00\">July 1, 2019<\/time>\n\t\t<meta itemprop=\"dateModified\" class=\"updated\" content=\"2019-10-10T09:23:49+08:00\">\n\t\t<span itemprop=\"publisher\" itemscope itemtype=\"https:\/\/schema.org\/Organization\">\n\t\t\t<meta itemprop=\"name\" content=\"Navo Tour\">\n\t\t\t<span itemprop=\"logo\" itemscope itemtype=\"https:\/\/schema.org\/ImageObject\">\n\t\t\t\t<meta itemprop=\"url\" content=\"https:\/\/www.navo-tour.com\/fr\/wp-content\/themes\/thevoux-wp\/assets\/img\/logo.png\">\n\t\t\t<\/span>\n\t\t<\/span>\n\t\t\t\t\t<span itemprop=\"image\" itemscope itemtype=\"http:\/\/schema.org\/ImageObject\">\n\t\t\t\t<meta itemprop=\"url\" content=\"https:\/\/www.navo-tour.com\/fr\/wp-content\/uploads\/2019\/07\/self-drive-en-voiture-classique-MG-de-l-Australie-a-UK-a-travers-la-Chine-par-la-Route-de-la-Soie-04.jpg\">\n\t\t\t\t<meta itemprop=\"width\" content=\"260\" \/>\n\t\t\t\t<meta itemprop=\"height\" content=\"200\" \/>\n\t\t\t<\/span>\n\t\t\t<\/aside>\n\t\t<\/div>\n<\/article>\n\t\t<\/div>\n\t\t\t\t\t\t\t\t\t<div class=\"small-12 medium-4 columns\">\n\t\t\t<article class=\"post post-carousel-style11 post-4616 type-post status-publish format-standard has-post-thumbnail hentry category-conduire-votre-vehicule-jusqua-la-chine-album tag-dautres-voitures-conduite-a-la-chine-2010-album\" itemscope itemtype=\"http:\/\/schema.org\/Article\">\n\t<figure class=\"post-gallery\">\n\t\t\t\t<aside class=\"post-meta style2\">\n\t\t\t<a href=\"https:\/\/www.navo-tour.com\/fr\/category\/album\/conduire-votre-vehicule-jusqua-la-chine-album\/\" class=\"cat-conduire-votre-vehicule-jusqua-la-chine-album\" aria-label=\"Conduire votre v\u00e9hicule jusqu\u2019\u00e0 la Chine Album\">Conduire votre v\u00e9hicule jusqu\u2019\u00e0 la Chine Album<\/a>\t\t<\/aside>\n\t\t\t\t<a href=\"https:\/\/www.navo-tour.com\/fr\/conduite-de-macao-au-portugal-a-travers-la-chine-conduite-de-rentree-chez-soi\/\" title=\"Conduite de Macao au Portugal \u00e0 travers la Chine, conduite de rentr\u00e9e chez soi\"><img loading=\"lazy\" decoding=\"async\" width=\"260\" height=\"200\" src=\"https:\/\/www.navo-tour.com\/fr\/wp-content\/uploads\/2019\/07\/self-drive-rentrer-chez-soi-de-Macao-au-Portugal-a-travers-la-Chine-07-20x15.jpg\" class=\"attachment-thevoux-style1-2x size-thevoux-style1-2x thb-lazyload lazyload wp-post-image\" alt=\"Drive from Macau to Portugal across China,driving back home\" sizes=\"auto, (max-width: 260px) 100vw, 260px\" data-src=\"https:\/\/www.navo-tour.com\/fr\/wp-content\/uploads\/2019\/07\/self-drive-rentrer-chez-soi-de-Macao-au-Portugal-a-travers-la-Chine-07.jpg\" data-sizes=\"auto\" data-srcset=\"https:\/\/www.navo-tour.com\/fr\/wp-content\/uploads\/2019\/07\/self-drive-rentrer-chez-soi-de-Macao-au-Portugal-a-travers-la-Chine-07.jpg 260w, https:\/\/www.navo-tour.com\/fr\/wp-content\/uploads\/2019\/07\/self-drive-rentrer-chez-soi-de-Macao-au-Portugal-a-travers-la-Chine-07-225x173.jpg 225w, https:\/\/www.navo-tour.com\/fr\/wp-content\/uploads\/2019\/07\/self-drive-rentrer-chez-soi-de-Macao-au-Portugal-a-travers-la-Chine-07-20x15.jpg 20w\" \/><\/a>\n\t<\/figure>\n\t<div class=\"style11-content\">\n\t\t<div class=\"post-title\"><h5 itemprop=\"headline\"><a href=\"https:\/\/www.navo-tour.com\/fr\/conduite-de-macao-au-portugal-a-travers-la-chine-conduite-de-rentree-chez-soi\/\" title=\"Conduite de Macao au Portugal \u00e0 travers la Chine, conduite de rentr\u00e9e chez soi\">Conduite de Macao au Portugal \u00e0 travers la Chine, conduite de rentr\u00e9e chez soi<\/a><\/h5><\/div>\t\t\t<aside class=\"post-author\">\n\t\t<em>by<\/em> <a href=\"https:\/\/www.navo-tour.com\/fr\/author\/welcomenavotour-com\/\" title=\"Posts by NavoTour\" rel=\"author\">NavoTour<\/a>\t<\/aside>\n\t\t\t\t<aside class=\"post-bottom-meta hide\">\n\t\t<meta itemprop=\"mainEntityOfPage\" content=\"https:\/\/www.navo-tour.com\/fr\/conduite-de-macao-au-portugal-a-travers-la-chine-conduite-de-rentree-chez-soi\/\">\n\t\t<span class=\"vcard author\" itemprop=\"author\" content=\"NavoTour\">\n\t\t\t<span class=\"fn\">NavoTour<\/span>\n\t\t<\/span>\n\t\t<time class=\"time publised entry-date\" datetime=\"2019-07-01T14:28:37+08:00\" itemprop=\"datePublished\" content=\"2019-07-01T14:28:37+08:00\">July 1, 2019<\/time>\n\t\t<meta itemprop=\"dateModified\" class=\"updated\" content=\"2019-10-10T09:23:42+08:00\">\n\t\t<span itemprop=\"publisher\" itemscope itemtype=\"https:\/\/schema.org\/Organization\">\n\t\t\t<meta itemprop=\"name\" content=\"Navo Tour\">\n\t\t\t<span itemprop=\"logo\" itemscope itemtype=\"https:\/\/schema.org\/ImageObject\">\n\t\t\t\t<meta itemprop=\"url\" content=\"https:\/\/www.navo-tour.com\/fr\/wp-content\/themes\/thevoux-wp\/assets\/img\/logo.png\">\n\t\t\t<\/span>\n\t\t<\/span>\n\t\t\t\t\t<span itemprop=\"image\" itemscope itemtype=\"http:\/\/schema.org\/ImageObject\">\n\t\t\t\t<meta itemprop=\"url\" content=\"https:\/\/www.navo-tour.com\/fr\/wp-content\/uploads\/2019\/07\/self-drive-rentrer-chez-soi-de-Macao-au-Portugal-a-travers-la-Chine-07.jpg\">\n\t\t\t\t<meta itemprop=\"width\" content=\"260\" \/>\n\t\t\t\t<meta itemprop=\"height\" content=\"200\" \/>\n\t\t\t<\/span>\n\t\t\t<\/aside>\n\t\t<\/div>\n<\/article>\n\t\t<\/div>\n\t\t\t\t\t\t\t\t\t<div class=\"small-12 medium-4 columns\">\n\t\t\t<article class=\"post post-carousel-style11 post-4628 type-post status-publish format-standard has-post-thumbnail hentry category-conduire-votre-vehicule-jusqua-la-chine-album tag-dautres-voitures-conduite-a-la-chine-2010-album\" itemscope itemtype=\"http:\/\/schema.org\/Article\">\n\t<figure class=\"post-gallery\">\n\t\t\t\t<aside class=\"post-meta style2\">\n\t\t\t<a href=\"https:\/\/www.navo-tour.com\/fr\/category\/album\/conduire-votre-vehicule-jusqua-la-chine-album\/\" class=\"cat-conduire-votre-vehicule-jusqua-la-chine-album\" aria-label=\"Conduire votre v\u00e9hicule jusqu\u2019\u00e0 la Chine Album\">Conduire votre v\u00e9hicule jusqu\u2019\u00e0 la Chine Album<\/a>\t\t<\/aside>\n\t\t\t\t<a href=\"https:\/\/www.navo-tour.com\/fr\/conduite-en-voiture-porsche-classique-de-uk-a-laustralie-a-travers-la-chine-2010\/\" title=\"Conduite en voiture Porsche classique de UK \u00e0 l\u2019Australie \u00e0 travers la Chine 2010\"><img loading=\"lazy\" decoding=\"async\" width=\"260\" height=\"200\" src=\"https:\/\/www.navo-tour.com\/fr\/wp-content\/uploads\/2019\/07\/self-drive-en-voiture-classique-Porsche-de-UK-a-l-Australie-a-travers-la-Chine-07-20x15.jpg\" class=\"attachment-thevoux-style1-2x size-thevoux-style1-2x thb-lazyload lazyload wp-post-image\" alt=\"Porsche Classic Car driving from UK to Australia through China 2010\" sizes=\"auto, (max-width: 260px) 100vw, 260px\" data-src=\"https:\/\/www.navo-tour.com\/fr\/wp-content\/uploads\/2019\/07\/self-drive-en-voiture-classique-Porsche-de-UK-a-l-Australie-a-travers-la-Chine-07.jpg\" data-sizes=\"auto\" data-srcset=\"https:\/\/www.navo-tour.com\/fr\/wp-content\/uploads\/2019\/07\/self-drive-en-voiture-classique-Porsche-de-UK-a-l-Australie-a-travers-la-Chine-07.jpg 260w, https:\/\/www.navo-tour.com\/fr\/wp-content\/uploads\/2019\/07\/self-drive-en-voiture-classique-Porsche-de-UK-a-l-Australie-a-travers-la-Chine-07-225x173.jpg 225w, https:\/\/www.navo-tour.com\/fr\/wp-content\/uploads\/2019\/07\/self-drive-en-voiture-classique-Porsche-de-UK-a-l-Australie-a-travers-la-Chine-07-20x15.jpg 20w\" \/><\/a>\n\t<\/figure>\n\t<div class=\"style11-content\">\n\t\t<div class=\"post-title\"><h5 itemprop=\"headline\"><a href=\"https:\/\/www.navo-tour.com\/fr\/conduite-en-voiture-porsche-classique-de-uk-a-laustralie-a-travers-la-chine-2010\/\" title=\"Conduite en voiture Porsche classique de UK \u00e0 l\u2019Australie \u00e0 travers la Chine 2010\">Conduite en voiture Porsche classique de UK \u00e0 l\u2019Australie \u00e0 travers la Chine 2010<\/a><\/h5><\/div>\t\t\t<aside class=\"post-author\">\n\t\t<em>by<\/em> <a href=\"https:\/\/www.navo-tour.com\/fr\/author\/welcomenavotour-com\/\" title=\"Posts by NavoTour\" rel=\"author\">NavoTour<\/a>\t<\/aside>\n\t\t\t\t<aside class=\"post-bottom-meta hide\">\n\t\t<meta itemprop=\"mainEntityOfPage\" content=\"https:\/\/www.navo-tour.com\/fr\/conduite-en-voiture-porsche-classique-de-uk-a-laustralie-a-travers-la-chine-2010\/\">\n\t\t<span class=\"vcard author\" itemprop=\"author\" content=\"NavoTour\">\n\t\t\t<span class=\"fn\">NavoTour<\/span>\n\t\t<\/span>\n\t\t<time class=\"time publised entry-date\" datetime=\"2019-07-01T14:32:37+08:00\" itemprop=\"datePublished\" content=\"2019-07-01T14:32:37+08:00\">July 1, 2019<\/time>\n\t\t<meta itemprop=\"dateModified\" class=\"updated\" content=\"2019-10-10T09:23:35+08:00\">\n\t\t<span itemprop=\"publisher\" itemscope itemtype=\"https:\/\/schema.org\/Organization\">\n\t\t\t<meta itemprop=\"name\" content=\"Navo Tour\">\n\t\t\t<span itemprop=\"logo\" itemscope itemtype=\"https:\/\/schema.org\/ImageObject\">\n\t\t\t\t<meta itemprop=\"url\" content=\"https:\/\/www.navo-tour.com\/fr\/wp-content\/themes\/thevoux-wp\/assets\/img\/logo.png\">\n\t\t\t<\/span>\n\t\t<\/span>\n\t\t\t\t\t<span itemprop=\"image\" itemscope itemtype=\"http:\/\/schema.org\/ImageObject\">\n\t\t\t\t<meta itemprop=\"url\" content=\"https:\/\/www.navo-tour.com\/fr\/wp-content\/uploads\/2019\/07\/self-drive-en-voiture-classique-Porsche-de-UK-a-l-Australie-a-travers-la-Chine-07.jpg\">\n\t\t\t\t<meta itemprop=\"width\" content=\"260\" \/>\n\t\t\t\t<meta itemprop=\"height\" content=\"200\" \/>\n\t\t\t<\/span>\n\t\t\t<\/aside>\n\t\t<\/div>\n<\/article>\n\t\t<\/div>\n\t\t\t\t\t\t\t\t\t<div class=\"small-12 medium-4 columns\">\n\t\t\t<article class=\"post post-carousel-style11 post-4639 type-post status-publish format-standard has-post-thumbnail hentry category-conduire-votre-vehicule-jusqua-la-chine-album tag-dautres-voitures-conduite-a-la-chine-2010-album\" itemscope itemtype=\"http:\/\/schema.org\/Article\">\n\t<figure class=\"post-gallery\">\n\t\t\t\t<aside class=\"post-meta style2\">\n\t\t\t<a href=\"https:\/\/www.navo-tour.com\/fr\/category\/album\/conduire-votre-vehicule-jusqua-la-chine-album\/\" class=\"cat-conduire-votre-vehicule-jusqua-la-chine-album\" aria-label=\"Conduire votre v\u00e9hicule jusqu\u2019\u00e0 la Chine Album\">Conduire votre v\u00e9hicule jusqu\u2019\u00e0 la Chine Album<\/a>\t\t<\/aside>\n\t\t\t\t<a href=\"https:\/\/www.navo-tour.com\/fr\/experiences-de-conduite-en-chine-test-de-route-en-volkswagen-new-phaeton-2010\/\" title=\"Exp\u00e9riences de conduite en Chine &#8211; test de route en Volkswagen New Phaeton 2010\"><img loading=\"lazy\" decoding=\"async\" width=\"280\" height=\"215\" src=\"https:\/\/www.navo-tour.com\/fr\/wp-content\/uploads\/2019\/07\/self-drive-en-nouvelle-Phaeton-Volkswagen-experience-de-conduite-d-essai-en-Chine-03-20x15.jpg\" class=\"attachment-thevoux-style1-2x size-thevoux-style1-2x thb-lazyload lazyload wp-post-image\" alt=\"Volkswagen New Phaeton Road Test Drive Experience in China 2010\" sizes=\"auto, (max-width: 280px) 100vw, 280px\" data-src=\"https:\/\/www.navo-tour.com\/fr\/wp-content\/uploads\/2019\/07\/self-drive-en-nouvelle-Phaeton-Volkswagen-experience-de-conduite-d-essai-en-Chine-03.jpg\" data-sizes=\"auto\" data-srcset=\"https:\/\/www.navo-tour.com\/fr\/wp-content\/uploads\/2019\/07\/self-drive-en-nouvelle-Phaeton-Volkswagen-experience-de-conduite-d-essai-en-Chine-03.jpg 280w, https:\/\/www.navo-tour.com\/fr\/wp-content\/uploads\/2019\/07\/self-drive-en-nouvelle-Phaeton-Volkswagen-experience-de-conduite-d-essai-en-Chine-03-225x173.jpg 225w, https:\/\/www.navo-tour.com\/fr\/wp-content\/uploads\/2019\/07\/self-drive-en-nouvelle-Phaeton-Volkswagen-experience-de-conduite-d-essai-en-Chine-03-20x15.jpg 20w\" \/><\/a>\n\t<\/figure>\n\t<div class=\"style11-content\">\n\t\t<div class=\"post-title\"><h5 itemprop=\"headline\"><a href=\"https:\/\/www.navo-tour.com\/fr\/experiences-de-conduite-en-chine-test-de-route-en-volkswagen-new-phaeton-2010\/\" title=\"Exp\u00e9riences de conduite en Chine &#8211; test de route en Volkswagen New Phaeton 2010\">Exp\u00e9riences de conduite en Chine &#8211; test de route en Volkswagen New Phaeton 2010<\/a><\/h5><\/div>\t\t\t<aside class=\"post-author\">\n\t\t<em>by<\/em> <a href=\"https:\/\/www.navo-tour.com\/fr\/author\/welcomenavotour-com\/\" title=\"Posts by NavoTour\" rel=\"author\">NavoTour<\/a>\t<\/aside>\n\t\t\t\t<aside class=\"post-bottom-meta hide\">\n\t\t<meta itemprop=\"mainEntityOfPage\" content=\"https:\/\/www.navo-tour.com\/fr\/experiences-de-conduite-en-chine-test-de-route-en-volkswagen-new-phaeton-2010\/\">\n\t\t<span class=\"vcard author\" itemprop=\"author\" content=\"NavoTour\">\n\t\t\t<span class=\"fn\">NavoTour<\/span>\n\t\t<\/span>\n\t\t<time class=\"time publised entry-date\" datetime=\"2019-07-01T14:37:19+08:00\" itemprop=\"datePublished\" content=\"2019-07-01T14:37:19+08:00\">July 1, 2019<\/time>\n\t\t<meta itemprop=\"dateModified\" class=\"updated\" content=\"2019-10-10T09:23:30+08:00\">\n\t\t<span itemprop=\"publisher\" itemscope itemtype=\"https:\/\/schema.org\/Organization\">\n\t\t\t<meta itemprop=\"name\" content=\"Navo Tour\">\n\t\t\t<span itemprop=\"logo\" itemscope itemtype=\"https:\/\/schema.org\/ImageObject\">\n\t\t\t\t<meta itemprop=\"url\" content=\"https:\/\/www.navo-tour.com\/fr\/wp-content\/themes\/thevoux-wp\/assets\/img\/logo.png\">\n\t\t\t<\/span>\n\t\t<\/span>\n\t\t\t\t\t<span itemprop=\"image\" itemscope itemtype=\"http:\/\/schema.org\/ImageObject\">\n\t\t\t\t<meta itemprop=\"url\" content=\"https:\/\/www.navo-tour.com\/fr\/wp-content\/uploads\/2019\/07\/self-drive-en-nouvelle-Phaeton-Volkswagen-experience-de-conduite-d-essai-en-Chine-03.jpg\">\n\t\t\t\t<meta itemprop=\"width\" content=\"280\" \/>\n\t\t\t\t<meta itemprop=\"height\" content=\"215\" \/>\n\t\t\t<\/span>\n\t\t\t<\/aside>\n\t\t<\/div>\n<\/article>\n\t\t<\/div>\n\t\t\t\t\t\t\t\t\t<div class=\"small-12 medium-4 columns\">\n\t\t\t<article class=\"post post-carousel-style11 post-4653 type-post status-publish format-standard has-post-thumbnail hentry category-conduire-votre-vehicule-jusqua-la-chine-album tag-dautres-voitures-conduite-a-la-chine-2010-album\" itemscope itemtype=\"http:\/\/schema.org\/Article\">\n\t<figure class=\"post-gallery\">\n\t\t\t\t<aside class=\"post-meta style2\">\n\t\t\t<a href=\"https:\/\/www.navo-tour.com\/fr\/category\/album\/conduire-votre-vehicule-jusqua-la-chine-album\/\" class=\"cat-conduire-votre-vehicule-jusqua-la-chine-album\" aria-label=\"Conduire votre v\u00e9hicule jusqu\u2019\u00e0 la Chine Album\">Conduire votre v\u00e9hicule jusqu\u2019\u00e0 la Chine Album<\/a>\t\t<\/aside>\n\t\t\t\t<a href=\"https:\/\/www.navo-tour.com\/fr\/tour-du-monde-de-la-premiere-voiture-electrique-de-denemark-a-la-chine\/\" title=\"Tour du monde de la premi\u00e8re voiture \u00e9lectrique, de Denemark \u00e0 la Chine\"><img loading=\"lazy\" decoding=\"async\" width=\"740\" height=\"560\" src=\"https:\/\/www.navo-tour.com\/fr\/wp-content\/uploads\/2019\/07\/tour-du-monde-avec-la-premiere-voiture-electrique-de-Denemark-a-la-Chine-07-20x15.jpg\" class=\"attachment-thevoux-style1-2x size-thevoux-style1-2x thb-lazyload lazyload wp-post-image\" alt=\"First electric car driving round the world; From Denmark to China\" sizes=\"auto, (max-width: 740px) 100vw, 740px\" data-src=\"https:\/\/www.navo-tour.com\/fr\/wp-content\/uploads\/2019\/07\/tour-du-monde-avec-la-premiere-voiture-electrique-de-Denemark-a-la-Chine-07-740x560.jpg\" data-sizes=\"auto\" data-srcset=\"https:\/\/www.navo-tour.com\/fr\/wp-content\/uploads\/2019\/07\/tour-du-monde-avec-la-premiere-voiture-electrique-de-Denemark-a-la-Chine-07-740x560.jpg 740w, https:\/\/www.navo-tour.com\/fr\/wp-content\/uploads\/2019\/07\/tour-du-monde-avec-la-premiere-voiture-electrique-de-Denemark-a-la-Chine-07-370x280.jpg 370w, https:\/\/www.navo-tour.com\/fr\/wp-content\/uploads\/2019\/07\/tour-du-monde-avec-la-premiere-voiture-electrique-de-Denemark-a-la-Chine-07-20x15.jpg 20w\" \/><\/a>\n\t<\/figure>\n\t<div class=\"style11-content\">\n\t\t<div class=\"post-title\"><h5 itemprop=\"headline\"><a href=\"https:\/\/www.navo-tour.com\/fr\/tour-du-monde-de-la-premiere-voiture-electrique-de-denemark-a-la-chine\/\" title=\"Tour du monde de la premi\u00e8re voiture \u00e9lectrique, de Denemark \u00e0 la Chine\">Tour du monde de la premi\u00e8re voiture \u00e9lectrique, de Denemark \u00e0 la Chine<\/a><\/h5><\/div>\t\t\t<aside class=\"post-author\">\n\t\t<em>by<\/em> <a href=\"https:\/\/www.navo-tour.com\/fr\/author\/welcomenavotour-com\/\" title=\"Posts by NavoTour\" rel=\"author\">NavoTour<\/a>\t<\/aside>\n\t\t\t\t<aside class=\"post-bottom-meta hide\">\n\t\t<meta itemprop=\"mainEntityOfPage\" content=\"https:\/\/www.navo-tour.com\/fr\/tour-du-monde-de-la-premiere-voiture-electrique-de-denemark-a-la-chine\/\">\n\t\t<span class=\"vcard author\" itemprop=\"author\" content=\"NavoTour\">\n\t\t\t<span class=\"fn\">NavoTour<\/span>\n\t\t<\/span>\n\t\t<time class=\"time publised entry-date\" datetime=\"2019-07-01T15:05:04+08:00\" itemprop=\"datePublished\" content=\"2019-07-01T15:05:04+08:00\">July 1, 2019<\/time>\n\t\t<meta itemprop=\"dateModified\" class=\"updated\" content=\"2019-10-10T09:23:24+08:00\">\n\t\t<span itemprop=\"publisher\" itemscope itemtype=\"https:\/\/schema.org\/Organization\">\n\t\t\t<meta itemprop=\"name\" content=\"Navo Tour\">\n\t\t\t<span itemprop=\"logo\" itemscope itemtype=\"https:\/\/schema.org\/ImageObject\">\n\t\t\t\t<meta itemprop=\"url\" content=\"https:\/\/www.navo-tour.com\/fr\/wp-content\/themes\/thevoux-wp\/assets\/img\/logo.png\">\n\t\t\t<\/span>\n\t\t<\/span>\n\t\t\t\t\t<span itemprop=\"image\" itemscope itemtype=\"http:\/\/schema.org\/ImageObject\">\n\t\t\t\t<meta itemprop=\"url\" content=\"https:\/\/www.navo-tour.com\/fr\/wp-content\/uploads\/2019\/07\/tour-du-monde-avec-la-premiere-voiture-electrique-de-Denemark-a-la-Chine-07.jpg\">\n\t\t\t\t<meta itemprop=\"width\" content=\"1024\" \/>\n\t\t\t\t<meta itemprop=\"height\" content=\"830\" \/>\n\t\t\t<\/span>\n\t\t\t<\/aside>\n\t\t<\/div>\n<\/article>\n\t\t<\/div>\n\t\t\t\t\t\t\t\t\t\t\t<\/div>\n\t\t[\/vc_column][\/vc_row]\n<\/div>","protected":false},"excerpt":{"rendered":"<p>[vc_row][vc_column][\/vc_column][\/vc_row]<\/p>\n","protected":false},"author":1,"featured_media":0,"parent":0,"menu_order":0,"comment_status":"closed","ping_status":"closed","template":"","meta":{"footnotes":""},"class_list":["post-5546","page","type-page","status-publish","hentry"],"_links":{"self":[{"href":"https:\/\/www.navo-tour.com\/fr\/wp-json\/wp\/v2\/pages\/5546","targetHints":{"allow":["GET"]}}],"collection":[{"href":"https:\/\/www.navo-tour.com\/fr\/wp-json\/wp\/v2\/pages"}],"about":[{"href":"https:\/\/www.navo-tour.com\/fr\/wp-json\/wp\/v2\/types\/page"}],"author":[{"embeddable":true,"href":"https:\/\/www.navo-tour.com\/fr\/wp-json\/wp\/v2\/users\/1"}],"replies":[{"embeddable":true,"href":"https:\/\/www.navo-tour.com\/fr\/wp-json\/wp\/v2\/comments?post=5546"}],"version-history":[{"count":0,"href":"https:\/\/www.navo-tour.com\/fr\/wp-json\/wp\/v2\/pages\/5546\/revisions"}],"wp:attachment":[{"href":"https:\/\/www.navo-tour.com\/fr\/wp-json\/wp\/v2\/media?parent=5546"}],"curies":[{"name":"wp","href":"https:\/\/api.w.org\/{rel}","templated":true}]}}