{"id":599,"date":"2019-04-29T10:20:28","date_gmt":"2019-04-29T02:20:28","guid":{"rendered":"https:\/\/69.89.30.27\/staging\/?page_id=599"},"modified":"2019-11-01T12:30:20","modified_gmt":"2019-11-01T04:30:20","slug":"a-propos-de-nous","status":"publish","type":"page","link":"https:\/\/www.navo-tour.com\/fr\/a-propos-de-nous\/","title":{"rendered":"\u00e0 propos de nous"},"content":{"rendered":"<div class=\"wpb-content-wrapper\">[vc_row][vc_column width=&#8221;1\/6&#8243;][\/vc_column][vc_column width=&#8221;2\/3&#8243;][vc_column_text]\r\n<h1 style=\"text-align: center;\">A propos de NAVO TOUR (1993-2019)<\/h1>\r\n<span style=\"color: #800000;\">\u25c6<strong>NAVO<\/strong> <strong>(Nature Adventure Voyage Off-road):<\/strong><\/span>\r\n\r\n<span style=\"color: #cc6600;\">NAVO Tour\u2014 une agence d\u2019aventure et une agence de voyage autrement de la premi\u00e8re classe en Chine\u00a0<\/span>\r\n\r\n<span style=\"color: #cc6600;\">NAVO Tour\uff0d un collaborateur de premier choix pour les agences d\u2019aventure et agences de voyage autrement du monde.<\/span>\r\n\r\nDepuis l\u2019ann\u00e9e 1993 jusqu\u2019\u00e0maintenant , on a organis\u00e9 beaucoup de voyageurs qui viennent de tous les coins du monde, de faire leur voyage en Chine, ces voyages pr\u00e9sentent trekking, exp\u00e9dition dans les montagnes, voyage en 4&#215;4, self-driving tour (vous conduisez votre propre v\u00e9hicule ou les vehicules chinois ), voyage d\u2019aventure et de volontaire des colleges, voyage \u00e0 th\u00e8me (chasse, photographie, \u00e9tude des arts martiaux), voyage \u00e0 bicycle, rafting, exp\u00e9dition scientifique, voyage classique. etc.. Depuis d\u00e9but nous faisons tous nos efforts pour s\u2019am\u00e9liorer nos affaires.\r\n<p class=\"text\">Apprendre les exp\u00e9riences du monde, pr\u00e9senter les ressources du voyage de Chine \u00e0 l\u2019\u00e9tranger, former les organisateurs du voyage excellents, \u00e9tablir une image parfaite de la soci\u00e9t\u00e9 NAVO, offrir les services professionnels, tous c\u2019est notre objectifs du travail.<\/p>\r\n<p class=\"text\"><span style=\"color: #cc6600;\"><strong>\u25bcCe qu\u2019on est en train de faire :<\/strong><\/span><\/p>\r\n<p class=\"text\">Apprendre les exp\u00e9riences du monde, pr\u00e9senter les ressources du voyage de Chine \u00e0 l\u2019\u00e9tranger, colaborer avec nos partenaires etrangers pour faconner et inventer de nouveaux circuits exclusifs, former les organisateurs du voyage excellents, creer et presenter de nouveaux produits, \u00e9tablir une image de responsabilite et de fidelite de la soci\u00e9t\u00e9 NAVO, offrir les services professionnels, tous c\u2019est notre objectifs du travail.<\/p>\r\n<span style=\"color: #ff0000;\"><strong>L\u2019annee 2018, NAVO a re\u00e7u 76 groupes pour les voyages d\u2019aventure en Chine.<\/strong><\/span>\r\n<span style=\"color: #ff0000;\"><strong>L\u2019annee 2017, NAVO a re\u00e7u 82 groupes pour les voyages d\u2019aventure en Chine.<\/strong><\/span>\r\n<span style=\"color: #ff0000;\"><strong>L\u2019annee 2016, NAVO a re\u00e7u 70 groupes pour les voyages d\u2019aventure en Chine.<\/strong><\/span>\r\n<span style=\"color: #ff0000;\"><strong>L\u2019annee 2015, NAVO a re\u00e7u 60 groupes pour les voyages d\u2019aventure en Chine.<\/strong><\/span>\r\n<span style=\"color: #ff0000;\"><strong>L\u2019annee 2014, NAVO a re\u00e7u 62 groupes pour les voyages d\u2019aventure en Chine<\/strong><\/span>\r\n<span style=\"color: #ff0000;\"><strong>L\u2019annee 2013, NAVO a re\u00e7u 57 groupes pour les voyages d\u2019aventure en Chine.<\/strong><\/span>\r\n<span style=\"color: #ff0000;\"><strong>L\u2019annee 2011, NAVO a re\u00e7u 85 groupes pour les voyages d\u2019aventure en Chine<\/strong><\/span>\r\n<span style=\"color: #ff0000;\"><strong>L\u2019annee 2009, NAVO a re\u00e7u 68 groupes pour les voyages d\u2019aventure en Chine.<\/strong><\/span>\r\n<span style=\"color: #ff0000;\"><strong>L\u2019annee 2007, NAVO a re\u00e7u 72 groupes pour les voyages d\u2019aventure en Chine<\/strong><\/span>\r\n<span style=\"color: #ff0000;\"><strong>L\u2019annee 2005, NAVO a re\u00e7u 44 groupes pour les voyages d\u2019aventure en Chine.<\/strong><\/span>\r\n\r\n<strong>Trekking, overland (voyage en v\u00e9hicule) , self-driving (voyage de conduite) , voyage de photographie sont nos affaires principales.<\/strong>\r\n\r\n&nbsp;\r\n\r\n<span style=\"color: #cc6600;\"><strong>\u25bc<\/strong><strong>Le trekking<\/strong><\/span>\r\n<p class=\"text\">Depuis 1993, on commence \u00e0 organiser le voyage de trekking en Chine, les clients viennent des pays europ\u00e9ens et am\u00e9ricains. Pour le moment, on peut pratiquer les circuits de trekking dans les provinces suivantes : Yunnan, Sichuan, Tibet, Guizhou, Guangxi, Beijing, Shanxi, Shaanxi, Mongolie int\u00e9rieure, Xinjiang, Zhejiang, Anhui, Jiangsu etc.. Jusqu\u2019\u00e0 maintenant, on peut recevoir environs 50 groupes de trekking par an. Si vous voudrez savoir les circuits de trekking propos\u00e9s, merci de voir:<\/p>\r\nLes d\u00e9tails du voyage: <a href=\"https:\/\/www.navo-tour.com\/fr\/tour-de-trekking\/\">https:\/\/www.navo-tour.com\/fr\/tour-de-trekking\/<\/a>\r\nLes photos du groupe:\u00a0 <a href=\"https:\/\/www.navo-tour.com\/fr\/tour-de-trekking-en-chine-galerie\/\">https:\/\/www.navo-tour.com\/fr\/tour-de-trekking-en-chine-galerie\/<\/a>\r\n<p style=\"text-align: center;\"><\/p>\r\n\r\n<div align=\"center\"><span style=\"color: #668420;\"><strong>NAVO TOUR peut vous orienter de conna\u00eetre la Chine profond\u00e9ment.<\/strong><\/span><\/div>\r\n<span style=\"color: #cc6600;\"><strong>\u25bcOverland:<\/strong><\/span>\r\n<p class=\"text\">On commence \u00e0 organiser le long voyage en 4&#215;4 en Chine \u00e0 partir de 1993 . G\u00e9n\u00e9ralement, on pratiquent ce genre de voyage en suivant les circuits ci-dessous : Sichuan-Tibet, Yunnan-Tibet, Qinghai-Tibet, Xinjiang-Tibet, Tibet-N\u00e9pal, la r\u00e9gion Amdo tib\u00e9tain, la r\u00e9gion Kham tib\u00e9tain, la r\u00e9gion Ali du Tibet, la route de soie etc.. Si vous voudrez savoir les d\u00e9tails des circuits , merci de voir:<\/p>\r\nLes d\u00e9tails du voyage:\u00a0 <a href=\"https:\/\/www.navo-tour.com\/fr\/tour-overland\/\">https:\/\/www.navo-tour.com\/fr\/tour-overland\/<\/a>\r\nLes photos du groupe: <a href=\"https:\/\/www.navo-tour.com\/fr\/tour-en-overland-en-chine-galerie\/\">https:\/\/www.navo-tour.com\/fr\/tour-en-overland-en-chine-galerie\/<\/a>\r\n<p style=\"text-align: center;\"><!-- \/wp:post-content --><\/p>\r\n\r\n<div align=\"center\"><span style=\"color: #668420;\"><strong>Avec NAVO Tour, admirer les beaux paysages de la Chine.<\/strong><\/span><\/div>\r\n<span style=\"color: #cc6600;\"><strong>\u25bc<\/strong><strong>Le self-driving<\/strong><\/span>\r\n<p class=\"text\"><strong>Conduire les v\u00e9hicules \u00e9trangers:<\/strong>\r\nComme l\u2019une agence de voyage qui ont organis\u00e9 le voyage en conduisant les v\u00e9hicules \u00e9trangers premi\u00e8rement, pour les voyageurs qui ont collabor\u00e9 avec\u00a0<strong>NAVO<\/strong>, ils nous consid\u00e9rent comme le plus professionnel.<\/p>\r\n<p class=\"text\">Ce genre de voyage commence \u00e0 1994, on conna\u00eet tous les ports continentals et les ports marins. Les voyageurs viennent de l\u2019Allemagne, la France, l\u2019Italie, l\u2019Autriche, l\u2019Angleterre, la Suisse et le Pays-Bas etc.. Nos groupes ont travers\u00e9 une vingtaine de provinces chinoises en conduisant le 4&#215;4, le camping-car, le moto.la voiture, la vieille voiture, le camion, le camping car, etc.<\/p>\r\n<p class=\"text\">Si vous voulez savoir comment voyager en Chine avec votre propre v\u00e9hicule, merci de voir:<\/p>\r\nLes d\u00e9tails du voyage: <a href=\"https:\/\/www.navo-tour.com\/fr\/conduire-propre-vehicule\/\">https:\/\/www.navo-tour.com\/fr\/conduire-propre-vehicule\/<\/a>\r\nLes photos du groupe:\u00a0 <a href=\"https:\/\/www.navo-tour.com\/fr\/conduire-propre-vehicule-jusqua-la-chine-galerie\/\">https:\/\/www.navo-tour.com\/fr\/conduire-propre-vehicule-jusqua-la-chine-galerie\/<\/a>\r\n<p style=\"text-align: center;\"><!-- \/wp:paragraph --><\/p>\r\n<p class=\"text\"><strong>conduire les v\u00e9hicules chinois:<\/strong>\r\nL\u2019ann\u00e9e 2007, on a r\u00e9ussi d\u2019organiser un groupe, les voyageurs \u00e9trangers ont fait son voyage en Chine en conduisant les v\u00e9hicules chinois. Jusqu\u2019a maintenant, cette activite est repondue aux Sichuan, Yunnan, Qinghai, Gansu.<\/p>\r\nEn 2009, NAVO a reussit a organise les touristes etrangers condisant les vehicules chinois jusqu\u2019aux pays voisins de Chine. Les pays concernes sont Laos, Thailand et Vietnam.\r\n\r\nJusqu\u2019a la fin 2011, NAVO a organise 45 groupes conduisant les vehicules chinois. Les touristes viennent de l\u2019Allemagne, la Suisse, la France, l\u2019Angleterre, USA,le Canada et Hongkong, Taiwan, etc.\r\n<p class=\"text\">Si vous voulez savoir comment voyager en Chine avec le v\u00e9hicule chinois, merci de voir:<\/p>\r\nLes d\u00e9tails du voyage:\u00a0 <a href=\"https:\/\/www.navo-tour.com\/fr\/conduire-les-vehicules-chinois\/\">https:\/\/www.navo-tour.com\/fr\/conduire-les-vehicules-chinois\/<\/a>\r\nLes photos du groupe: <a href=\"https:\/\/www.navo-tour.com\/fr\/conduire-les-vehicules-chinois-galerie\/\">https:\/\/www.navo-tour.com\/fr\/conduire-les-vehicules-chinois-galerie\/<\/a>\r\n<div align=\"center\">\r\n\r\n<span style=\"color: #668420;\"><strong>NAVO TOUR un voyage diff\u00e9rent, une vie diff\u00e9rente.<\/strong><\/span>\r\n\r\n<\/div>\r\n<span style=\"color: #cc6600;\"><strong>\u25bc<\/strong><strong>Le projet de voyage d\u2019aventure et de volontaire des colleges :<\/strong><\/span>\r\n\r\nNAVO a reussit a organiser depuis 2007 les differents projets pour les etudiants ou colleges dans les regions de Sichuan, Yunnan, Guangxi et Shaanxi\u00a0: voyage d\u2019aventure, challenge d\u2019etudiant, les volontaires des etudiants, les experiences de la culture d\u2019ecologie de la campagne. Chaque annee, il y a toujours de 180 a 240 etudiants ou colleges qui participent aux voyages d\u2019aventure de NAVO. On espere qu\u2019il y a plus de jeunes etudiants qui s\u2019interessent et participent aux voyages de NAVO en ce sujet, on espere qu\u2019avec les echanges, les etudiants chinois et etrangers se connaissent\u00a0de mieux en mieux.\r\nSi vous voulez savoir comment participer a cette activite, merci de voi:\r\n\r\nLes d\u00e9tails du voyage:\u00a0 <a href=\"https:\/\/www.navo-tour.com\/fr\/aventure-voyage-scolaire\/\">https:\/\/www.navo-tour.com\/fr\/aventure-voyage-scolaire\/<\/a>\r\nLes photos du groupe:\u00a0 <a href=\"https:\/\/www.navo-tour.com\/fr\/galerie-voyage-scolaire\/\">https:\/\/www.navo-tour.com\/fr\/galerie-voyage-scolaire\/<\/a>\r\n\r\n<span style=\"color: #cc6600;\"><strong>\u25bc<\/strong><strong>Le voyage de photographie:<\/strong><\/span>\r\n<p class=\"text\">A partir de l\u2019ann\u00e9e 2000, on commence \u00e0 pratiquer le voyage de photographie, les groupes se concentrent dans la r\u00e9gion ouest, par exemple Sichuan, Yunnan, Qinghai, Tibet, Xijiang et le Mongolie int\u00e9rieure. Les clients viennet de continent chinois, Taiwan, Hongkong et la France. Parmi tous les clients, il y a pas mal de photographes connus dans le domaine. On a re\u00e7u les reporters-photographes de \u300aFigaro\u300bet de \u300aGrand Reportage\u300b.<\/p>\r\n<p class=\"text\"><span style=\"color: #cc6600;\"><strong>\u25bc<\/strong><strong>D\u2019autres voyages d\u2019aventure<\/strong><\/span><\/p>\r\n<p class=\"text\">Comme une soci\u00e9t\u00e9 professionnelle, on pr\u00e9sente les nouveaux circuits \u00e0 mesure que la situation changeait. Par exemple le voyage de la f\u00eate de minorit\u00e9 et d\u2019autres voyages d\u2019aventure comme le voyage de l\u2019\u00e9clipse.solaire et le voyage a cheval, etc.<\/p>\r\n<p class=\"text\"><strong><span style=\"color: #cc6600; font-size: small;\">\u25c6<\/span><\/strong>\r\nEn 1993, on a organis\u00e9 le premier groupe de trekking (groupe vient de la France)\r\nEn 1993, on a organis\u00e9 le premier groupe en 4&#215;4 (groupe vient de la France)\r\nEn 1993, on a organis\u00e9 le premier groupe de climbing (groupe vient de Hong Kong)\r\nEn 1994, on a organis\u00e9 le premier groupe en 4&#215;4 en prennat la route sud Sichuan \u2013 Tibet (groupe vient de la France)\r\nEn 1994, on a organis\u00e9 le premier groupe de self-driving (groupe vient de l\u2019Allemagne)\r\nEn 1994, on a organis\u00e9 le premier groupe de l\u2019Arts martiaux (groupe vient de l\u2019Allemagne)\r\nEn 1998, on a organis\u00e9 le premier groupe en 4&#215;4 en prennat la route nord Sichuan \u2013 Tibet (groupe vient de la France)\r\nEn 2000, on a organis\u00e9 le premier groupe de photographie (groupe vient de Taiwan)\r\nEn 2003, on a organis\u00e9 le premier groupe de birding (groupe vient de l\u2019Angleterre)\r\nEn 2006, on a organis\u00e9 le premier groupe de cours (groupe vient de la France)\r\nEn 2007, on a arrang\u00e9 le voyage pour un aveugle fran\u00e7ais (groupe vient de la France)\r\nEn 2007, on a organis\u00e9 le premier groupe self-driving, conduire les v\u00e9hicules chinois (groupe vient de l\u2019Allemagne)\r\nEn 2009, on a organise le premier groupe de self-driving, en conduisant les vehicules chinois jusqu\u2019aux pays du Sud Est d\u2019Asie. ( groupe venant de la Suisse.)<\/p>\r\nPendant des annees, avec les colaborations avec des agences et club professionnels dans le monde, NAVO a accumule beaucoup d\u2019experiences d\u2019organisation de voyages d\u2019aventure, avec une equipe professionnelle. Nous avons plus de 30 000 photos de groupes qui preuvent le developpement de NAVO.\r\nNAVO veut devenir un ami fidele de tous les aventuriers du monde, nous voulons nous consacrer au developpement de voyage d\u2019aventure et de voyage autrement de Chine.\r\n<p class=\"text\" align=\"center\"><span style=\"color: #339966;\"><strong><span style=\"font-size: 14pt;\">Choisir la Chine, Choisir\u00a0NAVO.<\/span><\/strong><\/span><\/p>\r\n<p class=\"text\" align=\"center\"><span style=\"color: #339966;\"><strong><span style=\"font-size: 14pt;\">D\u00e9couvrir la Chine , Choisir\u00a0NAVO.<\/span><\/strong><\/span><\/p>\r\n<p class=\"text\" align=\"center\"><span style=\"color: #339966;\"><strong><span style=\"font-size: 14pt;\">Choisir\u00a0NAVO\u00a0pour effectuer votre aventure en Chine.<\/span><\/strong><\/span><\/p>\r\n[\/vc_column_text]<aside class=\"gap cf\" style=\"height:20px;\"><\/aside>[\/vc_column][vc_column width=&#8221;1\/6&#8243;][\/vc_column][\/vc_row]<!-- \/wp:freeform --><\/div>","protected":false},"excerpt":{"rendered":"<p>[vc_row][vc_column width=&#8221;1\/6&#8243;][\/vc_column][vc_column width=&#8221;2\/3&#8243;][vc_column_text] A propos de NAVO TOUR (1993-2019) \u25c6NAVO (Nature Adventure Voyage Off-road): NAVO Tour\u2014 une agence d\u2019aventure et une agence de voyage autrement de la premi\u00e8re classe en Chine\u00a0 NAVO Tour\uff0d un collaborateur de premier choix pour les agences d\u2019aventure et agences de voyage autrement du monde. Depuis l\u2019ann\u00e9e 1993 jusqu\u2019\u00e0maintenant , on&hellip;<\/p>\n","protected":false},"author":1,"featured_media":0,"parent":0,"menu_order":0,"comment_status":"closed","ping_status":"closed","template":"","meta":{"footnotes":""},"class_list":["post-599","page","type-page","status-publish","hentry"],"_links":{"self":[{"href":"https:\/\/www.navo-tour.com\/fr\/wp-json\/wp\/v2\/pages\/599","targetHints":{"allow":["GET"]}}],"collection":[{"href":"https:\/\/www.navo-tour.com\/fr\/wp-json\/wp\/v2\/pages"}],"about":[{"href":"https:\/\/www.navo-tour.com\/fr\/wp-json\/wp\/v2\/types\/page"}],"author":[{"embeddable":true,"href":"https:\/\/www.navo-tour.com\/fr\/wp-json\/wp\/v2\/users\/1"}],"replies":[{"embeddable":true,"href":"https:\/\/www.navo-tour.com\/fr\/wp-json\/wp\/v2\/comments?post=599"}],"version-history":[{"count":0,"href":"https:\/\/www.navo-tour.com\/fr\/wp-json\/wp\/v2\/pages\/599\/revisions"}],"wp:attachment":[{"href":"https:\/\/www.navo-tour.com\/fr\/wp-json\/wp\/v2\/media?parent=599"}],"curies":[{"name":"wp","href":"https:\/\/api.w.org\/{rel}","templated":true}]}}