{"id":645,"date":"2019-04-29T15:49:05","date_gmt":"2019-04-29T07:49:05","guid":{"rendered":"https:\/\/69.89.30.27\/staging\/?page_id=645"},"modified":"2019-10-25T16:17:04","modified_gmt":"2019-10-25T08:17:04","slug":"tour-de-photographie","status":"publish","type":"page","link":"https:\/\/www.navo-tour.com\/fr\/tour-de-photographie\/","title":{"rendered":"Tour de photographie"},"content":{"rendered":"<div class=\"wpb-content-wrapper\">[vc_row][vc_column]<img loading=\"lazy\" decoding=\"async\" width=\"1200\" height=\"300\" src=\"data:image\/gif;base64,R0lGODlhAQABAAAAACH5BAEKAAEALAAAAAABAAEAAAICTAEAOw==\" class=\"thb_image  left full  attachment-full thb-lazyload lazyload\" alt=\"\" title=\"Tour De Photographie Drapeau\" sizes=\"auto, (max-width: 1200px) 100vw, 1200px\" data-src=\"https:\/\/www.navo-tour.com\/fr\/wp-content\/uploads\/2019\/09\/tour-de-photographie-drapeau.jpg\" data-sizes=\"auto\" data-srcset=\"https:\/\/www.navo-tour.com\/fr\/wp-content\/uploads\/2019\/09\/tour-de-photographie-drapeau.jpg 1200w, https:\/\/www.navo-tour.com\/fr\/wp-content\/uploads\/2019\/09\/tour-de-photographie-drapeau-300x75.jpg 300w, https:\/\/www.navo-tour.com\/fr\/wp-content\/uploads\/2019\/09\/tour-de-photographie-drapeau-768x192.jpg 768w, https:\/\/www.navo-tour.com\/fr\/wp-content\/uploads\/2019\/09\/tour-de-photographie-drapeau-1024x256.jpg 1024w, https:\/\/www.navo-tour.com\/fr\/wp-content\/uploads\/2019\/09\/tour-de-photographie-drapeau-450x113.jpg 450w, https:\/\/www.navo-tour.com\/fr\/wp-content\/uploads\/2019\/09\/tour-de-photographie-drapeau-225x56.jpg 225w, https:\/\/www.navo-tour.com\/fr\/wp-content\/uploads\/2019\/09\/tour-de-photographie-drapeau-900x225.jpg 900w, https:\/\/www.navo-tour.com\/fr\/wp-content\/uploads\/2019\/09\/tour-de-photographie-drapeau-20x5.jpg 20w\">[\/vc_column][\/vc_row][vc_row][vc_column]<aside class=\"gap cf\" style=\"height:20px;\"><\/aside>[vc_column_text]\n<h1 style=\"text-align: center;\"><span style=\"color: #800000;\"><strong>Voyage de Photographie en Chine<\/strong><\/span><\/h1>\n[\/vc_column_text][\/vc_column][\/vc_row][vc_row][vc_column width=&#8221;1\/6&#8243;][\/vc_column][vc_column width=&#8221;2\/3&#8243;]<aside class=\"gap cf\" style=\"height:20px;\"><\/aside>[vc_column_text]<strong>Notre commencement de ce circuit:<\/strong><\/p>\n<p class=\"text\">\u00a0\u00a0\u00a0\u00a0C\u2019\u00e9tait en 2000,un h\u00f4tel de la ville de Chengdu a investi un projet de photographie dans la r\u00e9gion tib\u00e9taine, Monsieur LI Yaxi, le cr\u00e9ateurde NAVO, on lui donne la responsabilit\u00e9 d\u2019arranger tous les d\u00e9tails,parce qu\u2019il a beaucoup des exp\u00e9riences dans ceomaine. Pour lui, c\u2019est la premi\u00e8re fois de commencer \u00e0 conna\u00eetre le circuit de photographie. Ce voyage durait un mois, on utilise 14 vehicules 4&#215;4, la troupe a commenc\u00e9 de Chengdu, suivre la route de sud du Sichuan et Tibet, pass\u00e9 Kangding,Litang, Zuogong et Chamdo. A Chamdo, on a reprit la route de nord du Sichuan et Tibet, pass\u00e9 Riwoche, Suoxian jusqu\u2019\u00e0 Lhassa. Finalement, la troupe est arriv\u00e9 le base de camping de l\u2019Everest triomphalement. Pendant cette p\u00e9riode, il y a beaucoup de m\u00e9dias ont particip\u00e9 et ont fait les reportages.<\/p>\n[\/vc_column_text]<aside class=\"gap cf\" style=\"height:20px;\"><\/aside>[vc_toggle title=&#8221;A partir de l\u2019ann\u00e9e 2000, les groupes de photographier ce que NAVO a organis\u00e9:&#8221; custom_font_container=&#8221;tag:h3|text_align:center|color:%231e73be&#8221; custom_use_theme_fonts=&#8221;yes&#8221; use_custom_heading=&#8221;true&#8221;]\n<p class=\"text\">En 2002, le premier groupe de photographier fran\u00e7ais, dans la r\u00e9gion Kham, la r\u00e9gion tib\u00e9taine de la province du Sichuan.<\/p>\n<p class=\"text\">\u00a0\u00a0\u00a0\u00a0L\u2019octobre,2002, le premier groupe vient de Taiwan. Cette fois, presque tous les participants sont les photographes professionnels. Cette fois, on a apprit nombreux connaissances par ce groupe dans le domaine de photographier.<\/p>\n<p class=\"text\">La fin du mois d\u2019avril,2003, un groupe fran\u00e7ais s\u2019est enfonc\u00e9 dans la province du Qinghai, la province se trouve sur le plateau. Cette fois, on a tomb\u00e9 justement dans la p\u00e9riode de SARS, donc pour la province du Qinghai, c\u2019est le seul groupe \u00e9tranger qui voyageait pendant le SARS.<\/p>\n<p class=\"text\">\u00a0\u00a0\u00a0\u00a0L\u2019octobre,2003,un groupe fran\u00e7ais sont arriv\u00e9 plusieurs villes du Tibet, y compris la grande vall\u00e9e de Yarlung Zangbo. Ainsi que quelques villages tr\u00e8s isol\u00e9s.<\/p>\n<p class=\"text\">Le mai,2004, le groupe professionnel vient de Taiwan, commence \u00e0 photographier \u00e0 Lhassa, on passait le base de camping de l\u2019Everest ,la Montagne Kangrenboge,le lac Manasarovar,le royaume ancien Guge. C\u2019est vraiment un voyage parfait, il faisait beau toujours, et chaque photographe a pris tout ce qu\u2019il veut. Chacun a utilis\u00e9 une centaine ou deux centaines de pellicules.<\/p>\n<p class=\"text\">\u00a0\u00a0\u00a0\u00a0L\u2019octobre,2004,encore plusieurs groupes viennent de Taiwan, ils ont travers\u00e9 la province du Tibet, la province du Yunnan et du Sichuan. Parmi tous ces groupes, il y a 26 participants dans l\u2019un groupe, on occupait 9 Toyota 4500.<\/p>\n<p class=\"text\">\u00a0\u00a0\u00a0\u00a0Le juillet,2005,pour un groupe de photographes professionnels , on a conseill\u00e9 le circuit suivant pour d\u00e9couvrir bien le Tibet: Xining-le lac Qinghai-Yushu-Nangqian-Riwoche-Chamdo-lacRanwood-Nynchi-Langxian-Zedang-Lhassa.<\/p>\n<p class=\"text\">\u00a0\u00a0\u00a0\u00a0Le juillet,2005,on a accueilli un grand photographe fran\u00e7ais R\u00e9mi Benali(<a href=\"http:\/\/www.remibenali.com\/\" target=\"_blank\" rel=\"noopener noreferrer\"><u>http:\/\/www.remibenali.com<\/u><\/a>),cette fois, il travaille pour le magazine Figaro. Son travail est s\u2019enfoncer dans la r\u00e9gion tib\u00e9taine pour photographier et faire des rapports. Pendant 24 jours , notre guide francophone a accompagn\u00e9 le photographe d\u2019aller Litang, o\u00f9 on a particip\u00e9 \u00e0 la f\u00eate des chevaux, de visiter le temple de Tagong et la montagne Zala, Dergue et son imprimerie connu et les autres sites remarquables.<\/p>\n<p class=\"text\">\u00a0\u00a0\u00a0\u00a0L\u2019avril,2006. Il y a deux journalistes fran\u00e7ais ont particip\u00e9 \u00e0 notre groupe de randonner dans le d\u00e9sert de Badain Jaran.<\/p>\n[\/vc_toggle]<aside class=\"gap cf\" style=\"height:20px;\"><\/aside>[vc_column_text]\n<p class=\"text\">On est en train de planifier les nouveaux circuits pour photographier,comme une agence professionnel, NAVO croit qu\u2019on a le talent de satisfaire tous nos clients.<\/p>\n<p class=\"text\"><span style=\"color: #cc0000;\"><strong>Pas de meilleur, il y aura encore les mieux&#8230;<\/strong><\/span><\/p>\n<p class=\"text\"><a href=\"https:\/\/www.navo-tour.com\/fr\/festival-des-chevaliers-du-kham-a-litang-12jours\/\"><strong><u>le circuit pour la f\u00eate des chevaux<\/u><\/strong><\/a><\/p>\n<p class=\"text\"><a href=\"https:\/\/www.navo-tour.com\/fr\/nouvel-an-tibetain-aba-10jours\/\"><strong><u>le circuit pour le nouvel an tib\u00e9tain<\/u><\/strong><\/a><\/p>\n[\/vc_column_text][\/vc_column][vc_column width=&#8221;1\/6&#8243;][\/vc_column][\/vc_row][vc_row][vc_column]<aside class=\"gap cf\" style=\"height:60px;\"><\/aside>\t\t\t\t\t<div class=\"category_title style1\">\n\t\t\t\t<h2>LES ITIN\u00c9RAIRES PROPOS\u00c9S POUR TOUR DE PHOTOGRAPHIE EN CHINE:<\/h2>\n\t\t\t<\/div>\n\t\t\t<div class=\"posts post-grid-style10 style10-posts      row\" data-loadmore=\"#loadmore-69\" data-rand=\"69\" data-security=\"ba87799c67\">\n\t\t\t\t\t<div class=\"small-12 medium-4 columns\">\n\t\t\t<article class=\"post post-carousel-style11 post-5593 type-post status-publish format-standard has-post-thumbnail hentry category-itineraires tag-tour-de-photographie-en-chine\" itemscope itemtype=\"http:\/\/schema.org\/Article\">\n\t<figure class=\"post-gallery\">\n\t\t\t\t<aside class=\"post-meta style2\">\n\t\t\t<a href=\"https:\/\/www.navo-tour.com\/fr\/category\/itineraires\/\" class=\"cat-itineraires\" aria-label=\"Itin\u00e9raires\">Itin\u00e9raires<\/a>\t\t<\/aside>\n\t\t\t\t<a href=\"https:\/\/www.navo-tour.com\/fr\/voyage-de-photographie-en-chine-du-sichuan-au-tibet-16jours\/\" title=\"Voyage de photographie en Chine (du Sichuan au Tibet, 16 jours)\"><img loading=\"lazy\" decoding=\"async\" width=\"740\" height=\"560\" src=\"https:\/\/www.navo-tour.com\/fr\/wp-content\/uploads\/2019\/07\/voyage-de-photographie-en-chine-du-sichuan-au-tibet-16jours-20x15.jpg\" class=\"attachment-thevoux-style1-2x size-thevoux-style1-2x thb-lazyload lazyload wp-post-image\" alt=\"\" sizes=\"auto, (max-width: 740px) 100vw, 740px\" data-src=\"https:\/\/www.navo-tour.com\/fr\/wp-content\/uploads\/2019\/07\/voyage-de-photographie-en-chine-du-sichuan-au-tibet-16jours-740x560.jpg\" data-sizes=\"auto\" data-srcset=\"https:\/\/www.navo-tour.com\/fr\/wp-content\/uploads\/2019\/07\/voyage-de-photographie-en-chine-du-sichuan-au-tibet-16jours-740x560.jpg 740w, https:\/\/www.navo-tour.com\/fr\/wp-content\/uploads\/2019\/07\/voyage-de-photographie-en-chine-du-sichuan-au-tibet-16jours-370x280.jpg 370w, https:\/\/www.navo-tour.com\/fr\/wp-content\/uploads\/2019\/07\/voyage-de-photographie-en-chine-du-sichuan-au-tibet-16jours-225x169.jpg 225w, https:\/\/www.navo-tour.com\/fr\/wp-content\/uploads\/2019\/07\/voyage-de-photographie-en-chine-du-sichuan-au-tibet-16jours-20x15.jpg 20w\"><\/a>\n\t<\/figure>\n\t<div class=\"style11-content\">\n\t\t<div class=\"post-title\"><h5 itemprop=\"headline\"><a href=\"https:\/\/www.navo-tour.com\/fr\/voyage-de-photographie-en-chine-du-sichuan-au-tibet-16jours\/\" title=\"Voyage de photographie en Chine (du Sichuan au Tibet, 16 jours)\">Voyage de photographie en Chine (du Sichuan au Tibet, 16 jours)<\/a><\/h5><\/div>\t\t\t<aside class=\"post-author\">\n\t\t<em>by<\/em> <a href=\"https:\/\/www.navo-tour.com\/fr\/author\/welcomenavotour-com\/\" title=\"Posts by NavoTour\" rel=\"author\">NavoTour<\/a>\t<\/aside>\n\t\t\t\t<aside class=\"post-bottom-meta hide\">\n\t\t<meta itemprop=\"mainEntityOfPage\" content=\"https:\/\/www.navo-tour.com\/fr\/voyage-de-photographie-en-chine-du-sichuan-au-tibet-16jours\/\">\n\t\t<span class=\"vcard author\" itemprop=\"author\" content=\"NavoTour\">\n\t\t\t<span class=\"fn\">NavoTour<\/span>\n\t\t<\/span>\n\t\t<time class=\"time publised entry-date\" datetime=\"2019-07-15T11:35:39+08:00\" itemprop=\"datePublished\" content=\"2019-07-15T11:35:39+08:00\">July 15, 2019<\/time>\n\t\t<meta itemprop=\"dateModified\" class=\"updated\" content=\"2019-10-11T14:24:21+08:00\">\n\t\t<span itemprop=\"publisher\" itemscope itemtype=\"https:\/\/schema.org\/Organization\">\n\t\t\t<meta itemprop=\"name\" content=\"Navo Tour\">\n\t\t\t<span itemprop=\"logo\" itemscope itemtype=\"https:\/\/schema.org\/ImageObject\">\n\t\t\t\t<meta itemprop=\"url\" content=\"https:\/\/www.navo-tour.com\/fr\/wp-content\/themes\/thevoux-wp\/assets\/img\/logo.png\">\n\t\t\t<\/span>\n\t\t<\/span>\n\t\t\t\t\t<span itemprop=\"image\" itemscope itemtype=\"http:\/\/schema.org\/ImageObject\">\n\t\t\t\t<meta itemprop=\"url\" content=\"https:\/\/www.navo-tour.com\/fr\/wp-content\/uploads\/2019\/07\/voyage-de-photographie-en-chine-du-sichuan-au-tibet-16jours.jpg\">\n\t\t\t\t<meta itemprop=\"width\" content=\"1000\" \/>\n\t\t\t\t<meta itemprop=\"height\" content=\"750\" \/>\n\t\t\t<\/span>\n\t\t\t<\/aside>\n\t\t<\/div>\n<\/article>\n\t\t<\/div>\n\t\t\t\t\t\t\t\t\t<div class=\"small-12 medium-4 columns\">\n\t\t\t<article class=\"post post-carousel-style11 post-5595 type-post status-publish format-standard has-post-thumbnail hentry category-itineraires tag-tour-de-photographie-en-chine\" itemscope itemtype=\"http:\/\/schema.org\/Article\">\n\t<figure class=\"post-gallery\">\n\t\t\t\t<aside class=\"post-meta style2\">\n\t\t\t<a href=\"https:\/\/www.navo-tour.com\/fr\/category\/itineraires\/\" class=\"cat-itineraires\" aria-label=\"Itin\u00e9raires\">Itin\u00e9raires<\/a>\t\t<\/aside>\n\t\t\t\t<a href=\"https:\/\/www.navo-tour.com\/fr\/voyage-de-photographie-en-chine-sud-yunnan-guizhou-hunan\/\" title=\"Voyage de photographie en Chine sud (Yunnan-Guizhou-Hunan, 15 jours)\"><img loading=\"lazy\" decoding=\"async\" width=\"740\" height=\"560\" src=\"https:\/\/www.navo-tour.com\/fr\/wp-content\/uploads\/2019\/07\/voyage-de-photographie-en-chine-sud-yunnan-guizhou-hunan-15jours-20x15.jpg\" class=\"attachment-thevoux-style1-2x size-thevoux-style1-2x thb-lazyload lazyload wp-post-image\" alt=\"\" sizes=\"auto, (max-width: 740px) 100vw, 740px\" data-src=\"https:\/\/www.navo-tour.com\/fr\/wp-content\/uploads\/2019\/07\/voyage-de-photographie-en-chine-sud-yunnan-guizhou-hunan-15jours-740x560.jpg\" data-sizes=\"auto\" data-srcset=\"https:\/\/www.navo-tour.com\/fr\/wp-content\/uploads\/2019\/07\/voyage-de-photographie-en-chine-sud-yunnan-guizhou-hunan-15jours-740x560.jpg 740w, https:\/\/www.navo-tour.com\/fr\/wp-content\/uploads\/2019\/07\/voyage-de-photographie-en-chine-sud-yunnan-guizhou-hunan-15jours-370x280.jpg 370w, https:\/\/www.navo-tour.com\/fr\/wp-content\/uploads\/2019\/07\/voyage-de-photographie-en-chine-sud-yunnan-guizhou-hunan-15jours-225x169.jpg 225w, https:\/\/www.navo-tour.com\/fr\/wp-content\/uploads\/2019\/07\/voyage-de-photographie-en-chine-sud-yunnan-guizhou-hunan-15jours-20x15.jpg 20w\"><\/a>\n\t<\/figure>\n\t<div class=\"style11-content\">\n\t\t<div class=\"post-title\"><h5 itemprop=\"headline\"><a href=\"https:\/\/www.navo-tour.com\/fr\/voyage-de-photographie-en-chine-sud-yunnan-guizhou-hunan\/\" title=\"Voyage de photographie en Chine sud (Yunnan-Guizhou-Hunan, 15 jours)\">Voyage de photographie en Chine sud (Yunnan-Guizhou-Hunan, 15 jours)<\/a><\/h5><\/div>\t\t\t<aside class=\"post-author\">\n\t\t<em>by<\/em> <a href=\"https:\/\/www.navo-tour.com\/fr\/author\/welcomenavotour-com\/\" title=\"Posts by NavoTour\" rel=\"author\">NavoTour<\/a>\t<\/aside>\n\t\t\t\t<aside class=\"post-bottom-meta hide\">\n\t\t<meta itemprop=\"mainEntityOfPage\" content=\"https:\/\/www.navo-tour.com\/fr\/voyage-de-photographie-en-chine-sud-yunnan-guizhou-hunan\/\">\n\t\t<span class=\"vcard author\" itemprop=\"author\" content=\"NavoTour\">\n\t\t\t<span class=\"fn\">NavoTour<\/span>\n\t\t<\/span>\n\t\t<time class=\"time publised entry-date\" datetime=\"2019-07-15T11:40:06+08:00\" itemprop=\"datePublished\" content=\"2019-07-15T11:40:06+08:00\">July 15, 2019<\/time>\n\t\t<meta itemprop=\"dateModified\" class=\"updated\" content=\"2019-10-11T14:24:52+08:00\">\n\t\t<span itemprop=\"publisher\" itemscope itemtype=\"https:\/\/schema.org\/Organization\">\n\t\t\t<meta itemprop=\"name\" content=\"Navo Tour\">\n\t\t\t<span itemprop=\"logo\" itemscope itemtype=\"https:\/\/schema.org\/ImageObject\">\n\t\t\t\t<meta itemprop=\"url\" content=\"https:\/\/www.navo-tour.com\/fr\/wp-content\/themes\/thevoux-wp\/assets\/img\/logo.png\">\n\t\t\t<\/span>\n\t\t<\/span>\n\t\t\t\t\t<span itemprop=\"image\" itemscope itemtype=\"http:\/\/schema.org\/ImageObject\">\n\t\t\t\t<meta itemprop=\"url\" content=\"https:\/\/www.navo-tour.com\/fr\/wp-content\/uploads\/2019\/07\/voyage-de-photographie-en-chine-sud-yunnan-guizhou-hunan-15jours.jpg\">\n\t\t\t\t<meta itemprop=\"width\" content=\"1000\" \/>\n\t\t\t\t<meta itemprop=\"height\" content=\"750\" \/>\n\t\t\t<\/span>\n\t\t\t<\/aside>\n\t\t<\/div>\n<\/article>\n\t\t<\/div>\n\t\t\t\t\t\t\t\t\t<div class=\"small-12 medium-4 columns\">\n\t\t\t<article class=\"post post-carousel-style11 post-5597 type-post status-publish format-standard has-post-thumbnail hentry category-itineraires tag-tour-de-photographie-en-chine\" itemscope itemtype=\"http:\/\/schema.org\/Article\">\n\t<figure class=\"post-gallery\">\n\t\t\t\t<aside class=\"post-meta style2\">\n\t\t\t<a href=\"https:\/\/www.navo-tour.com\/fr\/category\/itineraires\/\" class=\"cat-itineraires\" aria-label=\"Itin\u00e9raires\">Itin\u00e9raires<\/a>\t\t<\/aside>\n\t\t\t\t<a href=\"https:\/\/www.navo-tour.com\/fr\/voyage-de-photographie-en-tibet-24jours\/\" title=\"Voyage de photographie en Tibet (24 jours)\"><img loading=\"lazy\" decoding=\"async\" width=\"740\" height=\"560\" src=\"https:\/\/www.navo-tour.com\/fr\/wp-content\/uploads\/2019\/07\/voyage-de-photographie-en-tibet-24jours-20x15.jpg\" class=\"attachment-thevoux-style1-2x size-thevoux-style1-2x thb-lazyload lazyload wp-post-image\" alt=\"\" sizes=\"auto, (max-width: 740px) 100vw, 740px\" data-src=\"https:\/\/www.navo-tour.com\/fr\/wp-content\/uploads\/2019\/07\/voyage-de-photographie-en-tibet-24jours-740x560.jpg\" data-sizes=\"auto\" data-srcset=\"https:\/\/www.navo-tour.com\/fr\/wp-content\/uploads\/2019\/07\/voyage-de-photographie-en-tibet-24jours-740x560.jpg 740w, https:\/\/www.navo-tour.com\/fr\/wp-content\/uploads\/2019\/07\/voyage-de-photographie-en-tibet-24jours-370x280.jpg 370w, https:\/\/www.navo-tour.com\/fr\/wp-content\/uploads\/2019\/07\/voyage-de-photographie-en-tibet-24jours-20x15.jpg 20w\"><\/a>\n\t<\/figure>\n\t<div class=\"style11-content\">\n\t\t<div class=\"post-title\"><h5 itemprop=\"headline\"><a href=\"https:\/\/www.navo-tour.com\/fr\/voyage-de-photographie-en-tibet-24jours\/\" title=\"Voyage de photographie en Tibet (24 jours)\">Voyage de photographie en Tibet (24 jours)<\/a><\/h5><\/div>\t\t\t<aside class=\"post-author\">\n\t\t<em>by<\/em> <a href=\"https:\/\/www.navo-tour.com\/fr\/author\/welcomenavotour-com\/\" title=\"Posts by NavoTour\" rel=\"author\">NavoTour<\/a>\t<\/aside>\n\t\t\t\t<aside class=\"post-bottom-meta hide\">\n\t\t<meta itemprop=\"mainEntityOfPage\" content=\"https:\/\/www.navo-tour.com\/fr\/voyage-de-photographie-en-tibet-24jours\/\">\n\t\t<span class=\"vcard author\" itemprop=\"author\" content=\"NavoTour\">\n\t\t\t<span class=\"fn\">NavoTour<\/span>\n\t\t<\/span>\n\t\t<time class=\"time publised entry-date\" datetime=\"2019-07-15T11:46:35+08:00\" itemprop=\"datePublished\" content=\"2019-07-15T11:46:35+08:00\">July 15, 2019<\/time>\n\t\t<meta itemprop=\"dateModified\" class=\"updated\" content=\"2019-10-11T14:24:44+08:00\">\n\t\t<span itemprop=\"publisher\" itemscope itemtype=\"https:\/\/schema.org\/Organization\">\n\t\t\t<meta itemprop=\"name\" content=\"Navo Tour\">\n\t\t\t<span itemprop=\"logo\" itemscope itemtype=\"https:\/\/schema.org\/ImageObject\">\n\t\t\t\t<meta itemprop=\"url\" content=\"https:\/\/www.navo-tour.com\/fr\/wp-content\/themes\/thevoux-wp\/assets\/img\/logo.png\">\n\t\t\t<\/span>\n\t\t<\/span>\n\t\t\t\t\t<span itemprop=\"image\" itemscope itemtype=\"http:\/\/schema.org\/ImageObject\">\n\t\t\t\t<meta itemprop=\"url\" content=\"https:\/\/www.navo-tour.com\/fr\/wp-content\/uploads\/2019\/07\/voyage-de-photographie-en-tibet-24jours.jpg\">\n\t\t\t\t<meta itemprop=\"width\" content=\"1000\" \/>\n\t\t\t\t<meta itemprop=\"height\" content=\"667\" \/>\n\t\t\t<\/span>\n\t\t\t<\/aside>\n\t\t<\/div>\n<\/article>\n\t\t<\/div>\n\t\t\t\t\t\t\t\t\t<div class=\"small-12 medium-4 columns\">\n\t\t\t<article class=\"post post-carousel-style11 post-5599 type-post status-publish format-standard has-post-thumbnail hentry category-itineraires tag-tour-de-photographie-en-chine\" itemscope itemtype=\"http:\/\/schema.org\/Article\">\n\t<figure class=\"post-gallery\">\n\t\t\t\t<aside class=\"post-meta style2\">\n\t\t\t<a href=\"https:\/\/www.navo-tour.com\/fr\/category\/itineraires\/\" class=\"cat-itineraires\" aria-label=\"Itin\u00e9raires\">Itin\u00e9raires<\/a>\t\t<\/aside>\n\t\t\t\t<a href=\"https:\/\/www.navo-tour.com\/fr\/voyage-de-photographie-au-xinjiang-14jours\/\" title=\"Voyage de photographie au Xinjiang (14 jours)\"><img loading=\"lazy\" decoding=\"async\" width=\"740\" height=\"560\" src=\"https:\/\/www.navo-tour.com\/fr\/wp-content\/uploads\/2019\/07\/voyage-de-photographie-au-xinjiang-14jours-20x15.jpg\" class=\"attachment-thevoux-style1-2x size-thevoux-style1-2x thb-lazyload lazyload wp-post-image\" alt=\"\" sizes=\"auto, (max-width: 740px) 100vw, 740px\" data-src=\"https:\/\/www.navo-tour.com\/fr\/wp-content\/uploads\/2019\/07\/voyage-de-photographie-au-xinjiang-14jours-740x560.jpg\" data-sizes=\"auto\" data-srcset=\"https:\/\/www.navo-tour.com\/fr\/wp-content\/uploads\/2019\/07\/voyage-de-photographie-au-xinjiang-14jours-740x560.jpg 740w, https:\/\/www.navo-tour.com\/fr\/wp-content\/uploads\/2019\/07\/voyage-de-photographie-au-xinjiang-14jours-370x280.jpg 370w, https:\/\/www.navo-tour.com\/fr\/wp-content\/uploads\/2019\/07\/voyage-de-photographie-au-xinjiang-14jours-225x169.jpg 225w, https:\/\/www.navo-tour.com\/fr\/wp-content\/uploads\/2019\/07\/voyage-de-photographie-au-xinjiang-14jours-20x15.jpg 20w\"><\/a>\n\t<\/figure>\n\t<div class=\"style11-content\">\n\t\t<div class=\"post-title\"><h5 itemprop=\"headline\"><a href=\"https:\/\/www.navo-tour.com\/fr\/voyage-de-photographie-au-xinjiang-14jours\/\" title=\"Voyage de photographie au Xinjiang (14 jours)\">Voyage de photographie au Xinjiang (14 jours)<\/a><\/h5><\/div>\t\t\t<aside class=\"post-author\">\n\t\t<em>by<\/em> <a href=\"https:\/\/www.navo-tour.com\/fr\/author\/welcomenavotour-com\/\" title=\"Posts by NavoTour\" rel=\"author\">NavoTour<\/a>\t<\/aside>\n\t\t\t\t<aside class=\"post-bottom-meta hide\">\n\t\t<meta itemprop=\"mainEntityOfPage\" content=\"https:\/\/www.navo-tour.com\/fr\/voyage-de-photographie-au-xinjiang-14jours\/\">\n\t\t<span class=\"vcard author\" itemprop=\"author\" content=\"NavoTour\">\n\t\t\t<span class=\"fn\">NavoTour<\/span>\n\t\t<\/span>\n\t\t<time class=\"time publised entry-date\" datetime=\"2019-07-15T11:50:01+08:00\" itemprop=\"datePublished\" content=\"2019-07-15T11:50:01+08:00\">July 15, 2019<\/time>\n\t\t<meta itemprop=\"dateModified\" class=\"updated\" content=\"2019-10-11T14:24:57+08:00\">\n\t\t<span itemprop=\"publisher\" itemscope itemtype=\"https:\/\/schema.org\/Organization\">\n\t\t\t<meta itemprop=\"name\" content=\"Navo Tour\">\n\t\t\t<span itemprop=\"logo\" itemscope itemtype=\"https:\/\/schema.org\/ImageObject\">\n\t\t\t\t<meta itemprop=\"url\" content=\"https:\/\/www.navo-tour.com\/fr\/wp-content\/themes\/thevoux-wp\/assets\/img\/logo.png\">\n\t\t\t<\/span>\n\t\t<\/span>\n\t\t\t\t\t<span itemprop=\"image\" itemscope itemtype=\"http:\/\/schema.org\/ImageObject\">\n\t\t\t\t<meta itemprop=\"url\" content=\"https:\/\/www.navo-tour.com\/fr\/wp-content\/uploads\/2019\/07\/voyage-de-photographie-au-xinjiang-14jours.jpg\">\n\t\t\t\t<meta itemprop=\"width\" content=\"1000\" \/>\n\t\t\t\t<meta itemprop=\"height\" content=\"750\" \/>\n\t\t\t<\/span>\n\t\t\t<\/aside>\n\t\t<\/div>\n<\/article>\n\t\t<\/div>\n\t\t\t\t\t\t\t\t\t\t\t<\/div>\n\t\t[\/vc_column][\/vc_row]\n<\/div>","protected":false},"excerpt":{"rendered":"<p>[vc_row][vc_column][\/vc_column][\/vc_row][vc_row][vc_column][vc_column_text] Voyage de Photographie en Chine [\/vc_column_text][\/vc_column][\/vc_row][vc_row][vc_column width=&#8221;1\/6&#8243;][\/vc_column][vc_column width=&#8221;2\/3&#8243;][vc_column_text]Notre commencement de ce circuit: \u00a0\u00a0\u00a0\u00a0C\u2019\u00e9tait en 2000,un h\u00f4tel de la ville de Chengdu a investi un projet de photographie dans la r\u00e9gion tib\u00e9taine, Monsieur LI Yaxi, le cr\u00e9ateurde NAVO, on lui donne la responsabilit\u00e9 d\u2019arranger tous les d\u00e9tails,parce qu\u2019il a beaucoup des exp\u00e9riences dans ceomaine. Pour&hellip;<\/p>\n","protected":false},"author":1,"featured_media":0,"parent":0,"menu_order":0,"comment_status":"closed","ping_status":"closed","template":"","meta":{"footnotes":""},"class_list":["post-645","page","type-page","status-publish","hentry"],"_links":{"self":[{"href":"https:\/\/www.navo-tour.com\/fr\/wp-json\/wp\/v2\/pages\/645","targetHints":{"allow":["GET"]}}],"collection":[{"href":"https:\/\/www.navo-tour.com\/fr\/wp-json\/wp\/v2\/pages"}],"about":[{"href":"https:\/\/www.navo-tour.com\/fr\/wp-json\/wp\/v2\/types\/page"}],"author":[{"embeddable":true,"href":"https:\/\/www.navo-tour.com\/fr\/wp-json\/wp\/v2\/users\/1"}],"replies":[{"embeddable":true,"href":"https:\/\/www.navo-tour.com\/fr\/wp-json\/wp\/v2\/comments?post=645"}],"version-history":[{"count":0,"href":"https:\/\/www.navo-tour.com\/fr\/wp-json\/wp\/v2\/pages\/645\/revisions"}],"wp:attachment":[{"href":"https:\/\/www.navo-tour.com\/fr\/wp-json\/wp\/v2\/media?parent=645"}],"curies":[{"name":"wp","href":"https:\/\/api.w.org\/{rel}","templated":true}]}}