{"id":851,"date":"2019-05-07T14:17:36","date_gmt":"2019-05-07T06:17:36","guid":{"rendered":"https:\/\/69.89.30.27\/staging\/?page_id=851"},"modified":"2019-05-07T14:23:52","modified_gmt":"2019-05-07T06:23:52","slug":"murielle-yang","status":"publish","type":"page","link":"https:\/\/www.navo-tour.com\/fr\/notre-equipe\/murielle-yang\/","title":{"rendered":"Murielle Yang"},"content":{"rendered":"<div class=\"wpb-content-wrapper\">[vc_row][vc_column width=&#8221;1\/6&#8243;][\/vc_column][vc_column width=&#8221;2\/3&#8243;]<aside class=\"gap cf\" style=\"height:15px;\"><\/aside>[vc_column_text]\n<h2 style=\"text-align: center;\"><strong>Murielle Yang (Conseiller De Tourisme Francophone)<\/strong><\/h2>\n<p>&nbsp;<\/p>\n<p>\u00e7a fait une dizaine d&#8217;ann\u00e9es que je travaille dans le tourisme, de guide francophone au conseiller de tourisme, de l&#8217;explication des sites touristiques et de diff\u00e9rentes coutumes devant les touristes \u00e0 la promotion et pr\u00e9sentation de diff\u00e9rents produits touristiques par mail et \u00e0 l&#8217;organisation de voyages.<br \/>\n9 ans d&#8217;exp\u00e9rience de guide francophone m&#8217;a p\u00e9n\u00e9tr\u00e9 dans les voyages d&#8217;observation des oiseaux, de chevaux, de OVERLAND et de trekking etc. Je connais la plupart de ressources touristiques de Sichuan et de Chine. Cequi me permet de m&#8217;int\u00e9grer dans l&#8217;\u00e9quipe de NAVO . Depuis 2009, je m&#8217;occupe de self-driving et d&#8217;autres voyages d&#8217;aventure du march\u00e9 francophone \u00e0 NAVO. Je suis s\u00fbre que le succ\u00e8s de travail est issu de l&#8217;enthousiasme et la persistance, et que les appr\u00e9ciations de client\u00e8le sont la force de travail.[\/vc_column_text][\/vc_column][vc_column width=&#8221;1\/6&#8243;][\/vc_column][\/vc_row]\n<\/div>","protected":false},"excerpt":{"rendered":"<p>[vc_row][vc_column width=&#8221;1\/6&#8243;][\/vc_column][vc_column width=&#8221;2\/3&#8243;][vc_column_text] Murielle Yang (Conseiller De Tourisme Francophone) &nbsp; \u00e7a fait une dizaine d&#8217;ann\u00e9es que je travaille dans le tourisme, de guide francophone au conseiller de tourisme, de l&#8217;explication des sites touristiques et de diff\u00e9rentes coutumes devant les touristes \u00e0 la promotion et pr\u00e9sentation de diff\u00e9rents produits touristiques par mail et \u00e0 l&#8217;organisation de&hellip;<\/p>\n","protected":false},"author":1,"featured_media":0,"parent":806,"menu_order":0,"comment_status":"closed","ping_status":"closed","template":"","meta":{"footnotes":""},"class_list":["post-851","page","type-page","status-publish","hentry"],"_links":{"self":[{"href":"https:\/\/www.navo-tour.com\/fr\/wp-json\/wp\/v2\/pages\/851","targetHints":{"allow":["GET"]}}],"collection":[{"href":"https:\/\/www.navo-tour.com\/fr\/wp-json\/wp\/v2\/pages"}],"about":[{"href":"https:\/\/www.navo-tour.com\/fr\/wp-json\/wp\/v2\/types\/page"}],"author":[{"embeddable":true,"href":"https:\/\/www.navo-tour.com\/fr\/wp-json\/wp\/v2\/users\/1"}],"replies":[{"embeddable":true,"href":"https:\/\/www.navo-tour.com\/fr\/wp-json\/wp\/v2\/comments?post=851"}],"version-history":[{"count":0,"href":"https:\/\/www.navo-tour.com\/fr\/wp-json\/wp\/v2\/pages\/851\/revisions"}],"up":[{"embeddable":true,"href":"https:\/\/www.navo-tour.com\/fr\/wp-json\/wp\/v2\/pages\/806"}],"wp:attachment":[{"href":"https:\/\/www.navo-tour.com\/fr\/wp-json\/wp\/v2\/media?parent=851"}],"curies":[{"name":"wp","href":"https:\/\/api.w.org\/{rel}","templated":true}]}}